{"id":1619,"date":"2020-03-30T10:52:29","date_gmt":"2020-03-30T08:52:29","guid":{"rendered":"https:\/\/mt-testing.thedemoscene.com\/demo-praesentation\/"},"modified":"2020-03-30T11:42:17","modified_gmt":"2020-03-30T09:42:17","slug":"demo-praesentation","status":"publish","type":"page","link":"https:\/\/mt-testing.thedemoscene.com\/de\/demo-praesentation\/","title":{"rendered":"Demo-Pr\u00e4sentation"},"content":{"rendered":"<p>Sie wurden eingeladen, Ihre Software einem Interessenten vorzustellen, den man unbedingt gewinnen muss. Das gibt Ihnen die Chance, die Konkurrenz zu schlagen! Sie m\u00fcssen Ihre Pr\u00e4sentation und Demo perfekt sein. Ihr Team muss die beste Leistung, die beste Pr\u00e4sentation und die beste Demo abliefern. Der Inhalt der Pr\u00e4sentation muss voll und ganz auf den Interessenten zugeschnitten sein, und die Demo muss auf den Punkt gebracht werden. Lassen Sie uns Ihnen helfen! Unser Deal Support verbessert Ihre Gewinnchancen. Als Au\u00dfenstehender haben wir einen unvoreingenommenen, frischen Blick auf Ihre Pr\u00e4sentation und Demo.<\/p>\n<p>In einigen wenigen Sitzungen (vor Ort oder online) werden wir Ihnen dabei helfen:<\/p>\n<ul>\n<li>Verstehen Sie die Probleme\/Ziele des Kunden und \u00fcbersetzen Sie dies in Ihre Pr\u00e4sentation und Demo.<\/li>\n<li>Richten Sie die Struktur des Treffens ein, indem Sie die verschiedenen Elemente Ihres Pr\u00e4sentationsmaterials und der Demoinhalte rationalisieren.<\/li>\n<li>Bereiten Sie die Demo vor, indem Sie jeden Demo-Baustein definieren und verbessern, um eine maximale Wirkung zu erzielen.<\/li>\n<li>Verbessern Sie die Pr\u00e4sentations- und Demof\u00e4higkeiten Ihres Teams, indem Sie im Probelauf Feedback geben.<\/li>\n<\/ul>\n","protected":false},"excerpt":{"rendered":"<p>Sie wurden eingeladen, Ihre Software einem Interessenten vorzustellen, den man unbedingt gewinnen muss. Das gibt Ihnen die Chance, die Konkurrenz zu schlagen! Sie m\u00fcssen Ihre Pr\u00e4sentation und Demo perfekt sein. Ihr Team muss die beste Leistung, die beste Pr\u00e4sentation und die beste Demo abliefern. Der Inhalt der Pr\u00e4sentation muss voll und ganz auf den Interessenten [&hellip;]<\/p>\n","protected":false},"author":1,"featured_media":0,"parent":0,"menu_order":0,"comment_status":"closed","ping_status":"closed","template":"","meta":{"_et_pb_use_builder":"","_et_pb_old_content":"","_et_gb_content_width":"","inline_featured_image":false},"yoast_head":"<!-- This site is optimized with the Yoast SEO plugin v19.5.1 - https:\/\/yoast.com\/wordpress\/plugins\/seo\/ -->\n<title>Demo-Pr\u00e4sentation - The DemoScene - Verbessern Sie Ihre Demo-Pr\u00e4sentation<\/title>\n<meta name=\"description\" content=\"Sie wurden eingeladen, Ihre Software einem Interessenten vorzustellen, den man unbedingt gewinnen muss. Das gibt Ihnen die Chance, die Konkurrenz zu schlagen!\" \/>\n<meta name=\"robots\" content=\"index, follow, max-snippet:-1, max-image-preview:large, max-video-preview:-1\" \/>\n<link rel=\"canonical\" href=\"https:\/\/mt-testing.thedemoscene.com\/de\/demo-praesentation\/\" \/>\n<meta property=\"og:locale\" content=\"de_DE\" \/>\n<meta property=\"og:type\" content=\"article\" \/>\n<meta property=\"og:title\" content=\"Demo-Pr\u00e4sentation - The DemoScene - Verbessern Sie Ihre Demo-Pr\u00e4sentation\" \/>\n<meta property=\"og:description\" content=\"Sie wurden eingeladen, Ihre Software einem Interessenten vorzustellen, den man unbedingt gewinnen muss. Das gibt Ihnen die Chance, die Konkurrenz zu schlagen!\" \/>\n<meta property=\"og:url\" content=\"https:\/\/mt-testing.thedemoscene.com\/de\/demo-praesentation\/\" \/>\n<meta property=\"og:site_name\" content=\"The DemoScene\" \/>\n<meta property=\"article:modified_time\" content=\"2020-03-30T09:42:17+00:00\" \/>\n<meta name=\"twitter:card\" content=\"summary_large_image\" \/>\n<meta name=\"twitter:label1\" content=\"Gesch\u00e4tzte Lesezeit\" \/>\n\t<meta name=\"twitter:data1\" content=\"1 Minute\" \/>\n<script type=\"application\/ld+json\" class=\"yoast-schema-graph\">{\"@context\":\"https:\/\/schema.org\",\"@graph\":[{\"@type\":\"WebPage\",\"@id\":\"https:\/\/mt-testing.thedemoscene.com\/de\/demo-praesentation\/\",\"url\":\"https:\/\/mt-testing.thedemoscene.com\/de\/demo-praesentation\/\",\"name\":\"Demo-Pr\u00e4sentation - The DemoScene - Verbessern Sie Ihre Demo-Pr\u00e4sentation\",\"isPartOf\":{\"@id\":\"https:\/\/mt-testing.thedemoscene.com\/#website\"},\"datePublished\":\"2020-03-30T08:52:29+00:00\",\"dateModified\":\"2020-03-30T09:42:17+00:00\",\"description\":\"Sie wurden eingeladen, Ihre Software einem Interessenten vorzustellen, den man unbedingt gewinnen muss. Das gibt Ihnen die Chance, die Konkurrenz zu schlagen!\",\"breadcrumb\":{\"@id\":\"https:\/\/mt-testing.thedemoscene.com\/de\/demo-praesentation\/#breadcrumb\"},\"inLanguage\":\"de-DE\",\"potentialAction\":[{\"@type\":\"ReadAction\",\"target\":[\"https:\/\/mt-testing.thedemoscene.com\/de\/demo-praesentation\/\"]}]},{\"@type\":\"BreadcrumbList\",\"@id\":\"https:\/\/mt-testing.thedemoscene.com\/de\/demo-praesentation\/#breadcrumb\",\"itemListElement\":[{\"@type\":\"ListItem\",\"position\":1,\"name\":\"Home\",\"item\":\"https:\/\/mt-testing.thedemoscene.com\/de\/\"},{\"@type\":\"ListItem\",\"position\":2,\"name\":\"Demo-Pr\u00e4sentation\"}]},{\"@type\":\"WebSite\",\"@id\":\"https:\/\/mt-testing.thedemoscene.com\/#website\",\"url\":\"https:\/\/mt-testing.thedemoscene.com\/\",\"name\":\"The DemoScene\",\"description\":\"Improves Your Demo\",\"potentialAction\":[{\"@type\":\"SearchAction\",\"target\":{\"@type\":\"EntryPoint\",\"urlTemplate\":\"https:\/\/mt-testing.thedemoscene.com\/?s={search_term_string}\"},\"query-input\":\"required name=search_term_string\"}],\"inLanguage\":\"de-DE\"}]}<\/script>\n<!-- \/ Yoast SEO plugin. -->","yoast_head_json":{"title":"Demo-Pr\u00e4sentation - The DemoScene - Verbessern Sie Ihre Demo-Pr\u00e4sentation","description":"Sie wurden eingeladen, Ihre Software einem Interessenten vorzustellen, den man unbedingt gewinnen muss. Das gibt Ihnen die Chance, die Konkurrenz zu schlagen!","robots":{"index":"index","follow":"follow","max-snippet":"max-snippet:-1","max-image-preview":"max-image-preview:large","max-video-preview":"max-video-preview:-1"},"canonical":"https:\/\/mt-testing.thedemoscene.com\/de\/demo-praesentation\/","og_locale":"de_DE","og_type":"article","og_title":"Demo-Pr\u00e4sentation - The DemoScene - Verbessern Sie Ihre Demo-Pr\u00e4sentation","og_description":"Sie wurden eingeladen, Ihre Software einem Interessenten vorzustellen, den man unbedingt gewinnen muss. Das gibt Ihnen die Chance, die Konkurrenz zu schlagen!","og_url":"https:\/\/mt-testing.thedemoscene.com\/de\/demo-praesentation\/","og_site_name":"The DemoScene","article_modified_time":"2020-03-30T09:42:17+00:00","twitter_card":"summary_large_image","twitter_misc":{"Gesch\u00e4tzte Lesezeit":"1 Minute"},"schema":{"@context":"https:\/\/schema.org","@graph":[{"@type":"WebPage","@id":"https:\/\/mt-testing.thedemoscene.com\/de\/demo-praesentation\/","url":"https:\/\/mt-testing.thedemoscene.com\/de\/demo-praesentation\/","name":"Demo-Pr\u00e4sentation - The DemoScene - Verbessern Sie Ihre Demo-Pr\u00e4sentation","isPartOf":{"@id":"https:\/\/mt-testing.thedemoscene.com\/#website"},"datePublished":"2020-03-30T08:52:29+00:00","dateModified":"2020-03-30T09:42:17+00:00","description":"Sie wurden eingeladen, Ihre Software einem Interessenten vorzustellen, den man unbedingt gewinnen muss. Das gibt Ihnen die Chance, die Konkurrenz zu schlagen!","breadcrumb":{"@id":"https:\/\/mt-testing.thedemoscene.com\/de\/demo-praesentation\/#breadcrumb"},"inLanguage":"de-DE","potentialAction":[{"@type":"ReadAction","target":["https:\/\/mt-testing.thedemoscene.com\/de\/demo-praesentation\/"]}]},{"@type":"BreadcrumbList","@id":"https:\/\/mt-testing.thedemoscene.com\/de\/demo-praesentation\/#breadcrumb","itemListElement":[{"@type":"ListItem","position":1,"name":"Home","item":"https:\/\/mt-testing.thedemoscene.com\/de\/"},{"@type":"ListItem","position":2,"name":"Demo-Pr\u00e4sentation"}]},{"@type":"WebSite","@id":"https:\/\/mt-testing.thedemoscene.com\/#website","url":"https:\/\/mt-testing.thedemoscene.com\/","name":"The DemoScene","description":"Improves Your Demo","potentialAction":[{"@type":"SearchAction","target":{"@type":"EntryPoint","urlTemplate":"https:\/\/mt-testing.thedemoscene.com\/?s={search_term_string}"},"query-input":"required name=search_term_string"}],"inLanguage":"de-DE"}]}},"_links":{"self":[{"href":"https:\/\/mt-testing.thedemoscene.com\/de\/wp-json\/wp\/v2\/pages\/1619"}],"collection":[{"href":"https:\/\/mt-testing.thedemoscene.com\/de\/wp-json\/wp\/v2\/pages"}],"about":[{"href":"https:\/\/mt-testing.thedemoscene.com\/de\/wp-json\/wp\/v2\/types\/page"}],"author":[{"embeddable":true,"href":"https:\/\/mt-testing.thedemoscene.com\/de\/wp-json\/wp\/v2\/users\/1"}],"replies":[{"embeddable":true,"href":"https:\/\/mt-testing.thedemoscene.com\/de\/wp-json\/wp\/v2\/comments?post=1619"}],"version-history":[{"count":1,"href":"https:\/\/mt-testing.thedemoscene.com\/de\/wp-json\/wp\/v2\/pages\/1619\/revisions"}],"predecessor-version":[{"id":1620,"href":"https:\/\/mt-testing.thedemoscene.com\/de\/wp-json\/wp\/v2\/pages\/1619\/revisions\/1620"}],"wp:attachment":[{"href":"https:\/\/mt-testing.thedemoscene.com\/de\/wp-json\/wp\/v2\/media?parent=1619"}],"curies":[{"name":"wp","href":"https:\/\/api.w.org\/{rel}","templated":true}]}}