{"id":1629,"date":"2020-03-30T11:24:42","date_gmt":"2020-03-30T09:24:42","guid":{"rendered":"https:\/\/mt-testing.thedemoscene.com\/software-praesentation\/"},"modified":"2020-03-30T11:29:19","modified_gmt":"2020-03-30T09:29:19","slug":"software-praesentation","status":"publish","type":"page","link":"https:\/\/mt-testing.thedemoscene.com\/de\/software-praesentation\/","title":{"rendered":"Software-Pr\u00e4sentation"},"content":{"rendered":"<p>M\u00f6chten Sie Ihre F\u00e4higkeiten in der Software-Pr\u00e4sentation verbessern? Das Einzel-Coaching von Software-Pr\u00e4sentationen liefert hervorragende Ergebnisse! Wir bieten Ihnen ein sicheres und pers\u00f6nliches Coaching an, um Ihre Software-Pr\u00e4sentation zu verbessern. Das Pr\u00e4sentieren der F\u00e4higkeiten Ihrer Software erfordert andere F\u00e4higkeiten als die regul\u00e4ren Pr\u00e4sentationsworkshops.<br \/>\nWir konzentrieren uns nach wie vor auf Ihren authentischen Pr\u00e4sentationsstil. Wir sprechen dar\u00fcber, wie Sie Ihre Botschaft mit der richtigen K\u00f6rpersprache und einer ausdrucksstarken Stimme untermauern k\u00f6nnen. Wir helfen Ihnen, Ihren Handlungsstrang zu finden, und bringen Ihnen bei, wie Sie besser mit Ihrem Publikum in Kontakt treten k\u00f6nnen. All diese Techniken werden in Kombination mit dem Mehrwert und den F\u00e4higkeiten Ihrer Software ge\u00fcbt. Sind Sie der Meinung, dass es an der Zeit ist, diese F\u00e4higkeiten zu verbessern? Software-Pr\u00e4sentations-Coaching ist der perfekte Weg, dies zu tun!<\/p>\n","protected":false},"excerpt":{"rendered":"<p>M\u00f6chten Sie Ihre F\u00e4higkeiten in der Software-Pr\u00e4sentation verbessern? Das Einzel-Coaching von Software-Pr\u00e4sentationen liefert hervorragende Ergebnisse! Wir bieten Ihnen ein sicheres und pers\u00f6nliches Coaching an, um Ihre Software-Pr\u00e4sentation zu verbessern. Das Pr\u00e4sentieren der F\u00e4higkeiten Ihrer Software erfordert andere F\u00e4higkeiten als die regul\u00e4ren Pr\u00e4sentationsworkshops. Wir konzentrieren uns nach wie vor auf Ihren authentischen Pr\u00e4sentationsstil. Wir sprechen dar\u00fcber, [&hellip;]<\/p>\n","protected":false},"author":1,"featured_media":0,"parent":0,"menu_order":0,"comment_status":"closed","ping_status":"closed","template":"","meta":{"_et_pb_use_builder":"","_et_pb_old_content":"","_et_gb_content_width":"","inline_featured_image":false},"yoast_head":"<!-- This site is optimized with the Yoast SEO plugin v19.5.1 - https:\/\/yoast.com\/wordpress\/plugins\/seo\/ -->\n<title>Software-Pr\u00e4sentation - The DemoScene - Verbessert die Software-Pr\u00e4sentation<\/title>\n<meta name=\"description\" content=\"M\u00f6chten Sie Ihre F\u00e4higkeiten in der Software-Pr\u00e4sentation verbessern? Das Einzel-Coaching von Software-Pr\u00e4sentationen liefert hervorragende Ergebnisse!\" \/>\n<meta name=\"robots\" content=\"index, follow, max-snippet:-1, max-image-preview:large, max-video-preview:-1\" \/>\n<link rel=\"canonical\" href=\"https:\/\/mt-testing.thedemoscene.com\/de\/software-praesentation\/\" \/>\n<meta property=\"og:locale\" content=\"de_DE\" \/>\n<meta property=\"og:type\" content=\"article\" \/>\n<meta property=\"og:title\" content=\"Software-Pr\u00e4sentation - The DemoScene - Verbessert die Software-Pr\u00e4sentation\" \/>\n<meta property=\"og:description\" content=\"M\u00f6chten Sie Ihre F\u00e4higkeiten in der Software-Pr\u00e4sentation verbessern? Das Einzel-Coaching von Software-Pr\u00e4sentationen liefert hervorragende Ergebnisse!\" \/>\n<meta property=\"og:url\" content=\"https:\/\/mt-testing.thedemoscene.com\/de\/software-praesentation\/\" \/>\n<meta property=\"og:site_name\" content=\"The DemoScene\" \/>\n<meta property=\"article:modified_time\" content=\"2020-03-30T09:29:19+00:00\" \/>\n<meta name=\"twitter:card\" content=\"summary_large_image\" \/>\n<meta name=\"twitter:label1\" content=\"Gesch\u00e4tzte Lesezeit\" \/>\n\t<meta name=\"twitter:data1\" content=\"1 Minute\" \/>\n<script type=\"application\/ld+json\" class=\"yoast-schema-graph\">{\"@context\":\"https:\/\/schema.org\",\"@graph\":[{\"@type\":\"WebPage\",\"@id\":\"https:\/\/mt-testing.thedemoscene.com\/de\/software-praesentation\/\",\"url\":\"https:\/\/mt-testing.thedemoscene.com\/de\/software-praesentation\/\",\"name\":\"Software-Pr\u00e4sentation - The DemoScene - Verbessert die Software-Pr\u00e4sentation\",\"isPartOf\":{\"@id\":\"https:\/\/mt-testing.thedemoscene.com\/#website\"},\"datePublished\":\"2020-03-30T09:24:42+00:00\",\"dateModified\":\"2020-03-30T09:29:19+00:00\",\"description\":\"M\u00f6chten Sie Ihre F\u00e4higkeiten in der Software-Pr\u00e4sentation verbessern? Das Einzel-Coaching von Software-Pr\u00e4sentationen liefert hervorragende Ergebnisse!\",\"breadcrumb\":{\"@id\":\"https:\/\/mt-testing.thedemoscene.com\/de\/software-praesentation\/#breadcrumb\"},\"inLanguage\":\"de-DE\",\"potentialAction\":[{\"@type\":\"ReadAction\",\"target\":[\"https:\/\/mt-testing.thedemoscene.com\/de\/software-praesentation\/\"]}]},{\"@type\":\"BreadcrumbList\",\"@id\":\"https:\/\/mt-testing.thedemoscene.com\/de\/software-praesentation\/#breadcrumb\",\"itemListElement\":[{\"@type\":\"ListItem\",\"position\":1,\"name\":\"Home\",\"item\":\"https:\/\/mt-testing.thedemoscene.com\/de\/\"},{\"@type\":\"ListItem\",\"position\":2,\"name\":\"Software-Pr\u00e4sentation\"}]},{\"@type\":\"WebSite\",\"@id\":\"https:\/\/mt-testing.thedemoscene.com\/#website\",\"url\":\"https:\/\/mt-testing.thedemoscene.com\/\",\"name\":\"The DemoScene\",\"description\":\"Improves Your Demo\",\"potentialAction\":[{\"@type\":\"SearchAction\",\"target\":{\"@type\":\"EntryPoint\",\"urlTemplate\":\"https:\/\/mt-testing.thedemoscene.com\/?s={search_term_string}\"},\"query-input\":\"required name=search_term_string\"}],\"inLanguage\":\"de-DE\"}]}<\/script>\n<!-- \/ Yoast SEO plugin. -->","yoast_head_json":{"title":"Software-Pr\u00e4sentation - The DemoScene - Verbessert die Software-Pr\u00e4sentation","description":"M\u00f6chten Sie Ihre F\u00e4higkeiten in der Software-Pr\u00e4sentation verbessern? Das Einzel-Coaching von Software-Pr\u00e4sentationen liefert hervorragende Ergebnisse!","robots":{"index":"index","follow":"follow","max-snippet":"max-snippet:-1","max-image-preview":"max-image-preview:large","max-video-preview":"max-video-preview:-1"},"canonical":"https:\/\/mt-testing.thedemoscene.com\/de\/software-praesentation\/","og_locale":"de_DE","og_type":"article","og_title":"Software-Pr\u00e4sentation - The DemoScene - Verbessert die Software-Pr\u00e4sentation","og_description":"M\u00f6chten Sie Ihre F\u00e4higkeiten in der Software-Pr\u00e4sentation verbessern? Das Einzel-Coaching von Software-Pr\u00e4sentationen liefert hervorragende Ergebnisse!","og_url":"https:\/\/mt-testing.thedemoscene.com\/de\/software-praesentation\/","og_site_name":"The DemoScene","article_modified_time":"2020-03-30T09:29:19+00:00","twitter_card":"summary_large_image","twitter_misc":{"Gesch\u00e4tzte Lesezeit":"1 Minute"},"schema":{"@context":"https:\/\/schema.org","@graph":[{"@type":"WebPage","@id":"https:\/\/mt-testing.thedemoscene.com\/de\/software-praesentation\/","url":"https:\/\/mt-testing.thedemoscene.com\/de\/software-praesentation\/","name":"Software-Pr\u00e4sentation - The DemoScene - Verbessert die Software-Pr\u00e4sentation","isPartOf":{"@id":"https:\/\/mt-testing.thedemoscene.com\/#website"},"datePublished":"2020-03-30T09:24:42+00:00","dateModified":"2020-03-30T09:29:19+00:00","description":"M\u00f6chten Sie Ihre F\u00e4higkeiten in der Software-Pr\u00e4sentation verbessern? Das Einzel-Coaching von Software-Pr\u00e4sentationen liefert hervorragende Ergebnisse!","breadcrumb":{"@id":"https:\/\/mt-testing.thedemoscene.com\/de\/software-praesentation\/#breadcrumb"},"inLanguage":"de-DE","potentialAction":[{"@type":"ReadAction","target":["https:\/\/mt-testing.thedemoscene.com\/de\/software-praesentation\/"]}]},{"@type":"BreadcrumbList","@id":"https:\/\/mt-testing.thedemoscene.com\/de\/software-praesentation\/#breadcrumb","itemListElement":[{"@type":"ListItem","position":1,"name":"Home","item":"https:\/\/mt-testing.thedemoscene.com\/de\/"},{"@type":"ListItem","position":2,"name":"Software-Pr\u00e4sentation"}]},{"@type":"WebSite","@id":"https:\/\/mt-testing.thedemoscene.com\/#website","url":"https:\/\/mt-testing.thedemoscene.com\/","name":"The DemoScene","description":"Improves Your Demo","potentialAction":[{"@type":"SearchAction","target":{"@type":"EntryPoint","urlTemplate":"https:\/\/mt-testing.thedemoscene.com\/?s={search_term_string}"},"query-input":"required name=search_term_string"}],"inLanguage":"de-DE"}]}},"_links":{"self":[{"href":"https:\/\/mt-testing.thedemoscene.com\/de\/wp-json\/wp\/v2\/pages\/1629"}],"collection":[{"href":"https:\/\/mt-testing.thedemoscene.com\/de\/wp-json\/wp\/v2\/pages"}],"about":[{"href":"https:\/\/mt-testing.thedemoscene.com\/de\/wp-json\/wp\/v2\/types\/page"}],"author":[{"embeddable":true,"href":"https:\/\/mt-testing.thedemoscene.com\/de\/wp-json\/wp\/v2\/users\/1"}],"replies":[{"embeddable":true,"href":"https:\/\/mt-testing.thedemoscene.com\/de\/wp-json\/wp\/v2\/comments?post=1629"}],"version-history":[{"count":1,"href":"https:\/\/mt-testing.thedemoscene.com\/de\/wp-json\/wp\/v2\/pages\/1629\/revisions"}],"predecessor-version":[{"id":1630,"href":"https:\/\/mt-testing.thedemoscene.com\/de\/wp-json\/wp\/v2\/pages\/1629\/revisions\/1630"}],"wp:attachment":[{"href":"https:\/\/mt-testing.thedemoscene.com\/de\/wp-json\/wp\/v2\/media?parent=1629"}],"curies":[{"name":"wp","href":"https:\/\/api.w.org\/{rel}","templated":true}]}}