{"id":1632,"date":"2020-03-30T11:28:56","date_gmt":"2020-03-30T09:28:56","guid":{"rendered":"https:\/\/mt-testing.thedemoscene.com\/gefangenen-demo\/"},"modified":"2020-03-30T11:28:56","modified_gmt":"2020-03-30T09:28:56","slug":"gefangenen-demo","status":"publish","type":"page","link":"https:\/\/mt-testing.thedemoscene.com\/de\/gefangenen-demo\/","title":{"rendered":"Gefangenen-Demo"},"content":{"rendered":"<p>Dies ist ein Vorverkaufsberater, der seine Gro\u00dfe Demo! w\u00e4hrend der Gro\u00dfen Demo! Werkstatt. Zun\u00e4chst \u00fcberpr\u00fcft der Vorverkaufsberater die Kundensituation und pr\u00fcft, ob er mit dem Kunden alles richtig verstanden hat. Auf diese Weise ist jedem klar, was der Kunde zu l\u00f6sen versucht. Der Vorverkaufsberater legt dann im Vorfeld eine Illustration dieses Endergebnisses vor, bevor er die Software f\u00fcr die Demo auch nur ber\u00fchrt, damit der Kunde sofort sieht, wohin das f\u00fchrt. Wenn sie beim Kunden ankommt, beginnt der Vorverkaufsberater mit seiner Demo. Der erste Schritt f\u00fcr den Vorverkaufsberater in seiner Demo ist der Nachweis, dass die Software einfach und intuitiv zu bedienen ist. Er tut dies, indem er in die Software geht und demonstriert, wie er mit den wenigsten Klicks zu diesem Endergebnis kommt. Als n\u00e4chstes setzt der Vorverkaufsberater seine Vorf\u00fchrung fort, indem er ein Gespr\u00e4ch mit dem Kunden f\u00fchrt und die Fragen des Kunden beantwortet, anstatt einen Feuerwehrschlauch von Funktionen und Merkmalen zu liefern. Abschlie\u00dfend gibt der Vorverkaufsberater eine Zusammenfassung der wichtigsten Aspekte der Demo, so dass der Kunde die wichtigsten Ideen, die er dem Kunden in Erinnerung behalten m\u00f6chte, beh\u00e4lt und sich daran erinnert.<\/p>\n<p>Was hat der Vorverkaufsberater in seiner Demo im Vergleich zu einer traditionellen Demo getan? Er hat sie auf den Kopf gestellt und sie versch\u00e4rft.<\/p>\n","protected":false},"excerpt":{"rendered":"<p>Dies ist ein Vorverkaufsberater, der seine Gro\u00dfe Demo! w\u00e4hrend der Gro\u00dfen Demo! Werkstatt. Zun\u00e4chst \u00fcberpr\u00fcft der Vorverkaufsberater die Kundensituation und pr\u00fcft, ob er mit dem Kunden alles richtig verstanden hat. Auf diese Weise ist jedem klar, was der Kunde zu l\u00f6sen versucht. Der Vorverkaufsberater legt dann im Vorfeld eine Illustration dieses Endergebnisses vor, bevor er [&hellip;]<\/p>\n","protected":false},"author":1,"featured_media":0,"parent":0,"menu_order":0,"comment_status":"closed","ping_status":"closed","template":"","meta":{"_et_pb_use_builder":"","_et_pb_old_content":"","_et_gb_content_width":"","inline_featured_image":false},"yoast_head":"<!-- This site is optimized with the Yoast SEO plugin v19.5.1 - https:\/\/yoast.com\/wordpress\/plugins\/seo\/ -->\n<title>Gefangenen-Demo - The DemoScene - Verbessern Sie Ihre Presales-Demo<\/title>\n<meta name=\"description\" content=\"Dies ist ein Vorverkaufsberater, der seine Gro\u00dfe Demo! w\u00e4hrend der Gro\u00dfen Demo! Werkstatt. Zun\u00e4chst \u00fcberpr\u00fcft der Vorverkaufsberater die Kundensituation.\" \/>\n<meta name=\"robots\" content=\"index, follow, max-snippet:-1, max-image-preview:large, max-video-preview:-1\" \/>\n<link rel=\"canonical\" href=\"https:\/\/mt-testing.thedemoscene.com\/de\/gefangenen-demo\/\" \/>\n<meta property=\"og:locale\" content=\"de_DE\" \/>\n<meta property=\"og:type\" content=\"article\" \/>\n<meta property=\"og:title\" content=\"Gefangenen-Demo - The DemoScene - Verbessern Sie Ihre Presales-Demo\" \/>\n<meta property=\"og:description\" content=\"Dies ist ein Vorverkaufsberater, der seine Gro\u00dfe Demo! w\u00e4hrend der Gro\u00dfen Demo! Werkstatt. Zun\u00e4chst \u00fcberpr\u00fcft der Vorverkaufsberater die Kundensituation.\" \/>\n<meta property=\"og:url\" content=\"https:\/\/mt-testing.thedemoscene.com\/de\/gefangenen-demo\/\" \/>\n<meta property=\"og:site_name\" content=\"The DemoScene\" \/>\n<meta name=\"twitter:card\" content=\"summary_large_image\" \/>\n<meta name=\"twitter:label1\" content=\"Gesch\u00e4tzte Lesezeit\" \/>\n\t<meta name=\"twitter:data1\" content=\"1 Minute\" \/>\n<script type=\"application\/ld+json\" class=\"yoast-schema-graph\">{\"@context\":\"https:\/\/schema.org\",\"@graph\":[{\"@type\":\"WebPage\",\"@id\":\"https:\/\/mt-testing.thedemoscene.com\/de\/gefangenen-demo\/\",\"url\":\"https:\/\/mt-testing.thedemoscene.com\/de\/gefangenen-demo\/\",\"name\":\"Gefangenen-Demo - The DemoScene - Verbessern Sie Ihre Presales-Demo\",\"isPartOf\":{\"@id\":\"https:\/\/mt-testing.thedemoscene.com\/#website\"},\"datePublished\":\"2020-03-30T09:28:56+00:00\",\"dateModified\":\"2020-03-30T09:28:56+00:00\",\"description\":\"Dies ist ein Vorverkaufsberater, der seine Gro\u00dfe Demo! w\u00e4hrend der Gro\u00dfen Demo! Werkstatt. Zun\u00e4chst \u00fcberpr\u00fcft der Vorverkaufsberater die Kundensituation.\",\"breadcrumb\":{\"@id\":\"https:\/\/mt-testing.thedemoscene.com\/de\/gefangenen-demo\/#breadcrumb\"},\"inLanguage\":\"de-DE\",\"potentialAction\":[{\"@type\":\"ReadAction\",\"target\":[\"https:\/\/mt-testing.thedemoscene.com\/de\/gefangenen-demo\/\"]}]},{\"@type\":\"BreadcrumbList\",\"@id\":\"https:\/\/mt-testing.thedemoscene.com\/de\/gefangenen-demo\/#breadcrumb\",\"itemListElement\":[{\"@type\":\"ListItem\",\"position\":1,\"name\":\"Home\",\"item\":\"https:\/\/mt-testing.thedemoscene.com\/de\/\"},{\"@type\":\"ListItem\",\"position\":2,\"name\":\"Gefangenen-Demo\"}]},{\"@type\":\"WebSite\",\"@id\":\"https:\/\/mt-testing.thedemoscene.com\/#website\",\"url\":\"https:\/\/mt-testing.thedemoscene.com\/\",\"name\":\"The DemoScene\",\"description\":\"Improves Your Demo\",\"potentialAction\":[{\"@type\":\"SearchAction\",\"target\":{\"@type\":\"EntryPoint\",\"urlTemplate\":\"https:\/\/mt-testing.thedemoscene.com\/?s={search_term_string}\"},\"query-input\":\"required name=search_term_string\"}],\"inLanguage\":\"de-DE\"}]}<\/script>\n<!-- \/ Yoast SEO plugin. -->","yoast_head_json":{"title":"Gefangenen-Demo - The DemoScene - Verbessern Sie Ihre Presales-Demo","description":"Dies ist ein Vorverkaufsberater, der seine Gro\u00dfe Demo! w\u00e4hrend der Gro\u00dfen Demo! Werkstatt. Zun\u00e4chst \u00fcberpr\u00fcft der Vorverkaufsberater die Kundensituation.","robots":{"index":"index","follow":"follow","max-snippet":"max-snippet:-1","max-image-preview":"max-image-preview:large","max-video-preview":"max-video-preview:-1"},"canonical":"https:\/\/mt-testing.thedemoscene.com\/de\/gefangenen-demo\/","og_locale":"de_DE","og_type":"article","og_title":"Gefangenen-Demo - The DemoScene - Verbessern Sie Ihre Presales-Demo","og_description":"Dies ist ein Vorverkaufsberater, der seine Gro\u00dfe Demo! w\u00e4hrend der Gro\u00dfen Demo! Werkstatt. Zun\u00e4chst \u00fcberpr\u00fcft der Vorverkaufsberater die Kundensituation.","og_url":"https:\/\/mt-testing.thedemoscene.com\/de\/gefangenen-demo\/","og_site_name":"The DemoScene","twitter_card":"summary_large_image","twitter_misc":{"Gesch\u00e4tzte Lesezeit":"1 Minute"},"schema":{"@context":"https:\/\/schema.org","@graph":[{"@type":"WebPage","@id":"https:\/\/mt-testing.thedemoscene.com\/de\/gefangenen-demo\/","url":"https:\/\/mt-testing.thedemoscene.com\/de\/gefangenen-demo\/","name":"Gefangenen-Demo - The DemoScene - Verbessern Sie Ihre Presales-Demo","isPartOf":{"@id":"https:\/\/mt-testing.thedemoscene.com\/#website"},"datePublished":"2020-03-30T09:28:56+00:00","dateModified":"2020-03-30T09:28:56+00:00","description":"Dies ist ein Vorverkaufsberater, der seine Gro\u00dfe Demo! w\u00e4hrend der Gro\u00dfen Demo! Werkstatt. Zun\u00e4chst \u00fcberpr\u00fcft der Vorverkaufsberater die Kundensituation.","breadcrumb":{"@id":"https:\/\/mt-testing.thedemoscene.com\/de\/gefangenen-demo\/#breadcrumb"},"inLanguage":"de-DE","potentialAction":[{"@type":"ReadAction","target":["https:\/\/mt-testing.thedemoscene.com\/de\/gefangenen-demo\/"]}]},{"@type":"BreadcrumbList","@id":"https:\/\/mt-testing.thedemoscene.com\/de\/gefangenen-demo\/#breadcrumb","itemListElement":[{"@type":"ListItem","position":1,"name":"Home","item":"https:\/\/mt-testing.thedemoscene.com\/de\/"},{"@type":"ListItem","position":2,"name":"Gefangenen-Demo"}]},{"@type":"WebSite","@id":"https:\/\/mt-testing.thedemoscene.com\/#website","url":"https:\/\/mt-testing.thedemoscene.com\/","name":"The DemoScene","description":"Improves Your Demo","potentialAction":[{"@type":"SearchAction","target":{"@type":"EntryPoint","urlTemplate":"https:\/\/mt-testing.thedemoscene.com\/?s={search_term_string}"},"query-input":"required name=search_term_string"}],"inLanguage":"de-DE"}]}},"_links":{"self":[{"href":"https:\/\/mt-testing.thedemoscene.com\/de\/wp-json\/wp\/v2\/pages\/1632"}],"collection":[{"href":"https:\/\/mt-testing.thedemoscene.com\/de\/wp-json\/wp\/v2\/pages"}],"about":[{"href":"https:\/\/mt-testing.thedemoscene.com\/de\/wp-json\/wp\/v2\/types\/page"}],"author":[{"embeddable":true,"href":"https:\/\/mt-testing.thedemoscene.com\/de\/wp-json\/wp\/v2\/users\/1"}],"replies":[{"embeddable":true,"href":"https:\/\/mt-testing.thedemoscene.com\/de\/wp-json\/wp\/v2\/comments?post=1632"}],"version-history":[{"count":0,"href":"https:\/\/mt-testing.thedemoscene.com\/de\/wp-json\/wp\/v2\/pages\/1632\/revisions"}],"wp:attachment":[{"href":"https:\/\/mt-testing.thedemoscene.com\/de\/wp-json\/wp\/v2\/media?parent=1632"}],"curies":[{"name":"wp","href":"https:\/\/api.w.org\/{rel}","templated":true}]}}