{"id":1633,"date":"2020-03-30T11:30:01","date_gmt":"2020-03-30T09:30:01","guid":{"rendered":"https:\/\/mt-testing.thedemoscene.com\/individuelles-coaching\/"},"modified":"2020-03-30T11:30:01","modified_gmt":"2020-03-30T09:30:01","slug":"individuelles-coaching","status":"publish","type":"page","link":"https:\/\/mt-testing.thedemoscene.com\/de\/individuelles-coaching\/","title":{"rendered":"Individuelles Coaching"},"content":{"rendered":"<p>Wir werden oft gebeten, Unterst\u00fctzung bei der Entwicklung von Demo-Skripten, der Verbesserung von Software-Pr\u00e4sentationen, der Erstellung von Unternehmenspr\u00e4sentationen und Schl\u00fcsselbotschaften, der Verbesserung der Kommunikationsf\u00e4higkeiten, dem Umgang mit Fragen aus dem Publikum und vielem mehr zu leisten. Gl\u00fccklicherweise kann individuelles Coachingaus der Ferne durchgef\u00fchrt werden, wodurch es bequemer wird. Wir freuen uns darauf, von Ihnen \u00fcber Ihren n\u00e4chsten Schritt zu h\u00f6ren!<\/p>\n","protected":false},"excerpt":{"rendered":"<p>Wir werden oft gebeten, Unterst\u00fctzung bei der Entwicklung von Demo-Skripten, der Verbesserung von Software-Pr\u00e4sentationen, der Erstellung von Unternehmenspr\u00e4sentationen und Schl\u00fcsselbotschaften, der Verbesserung der Kommunikationsf\u00e4higkeiten, dem Umgang mit Fragen aus dem Publikum und vielem mehr zu leisten. Gl\u00fccklicherweise kann individuelles Coachingaus der Ferne durchgef\u00fchrt werden, wodurch es bequemer wird. Wir freuen uns darauf, von Ihnen \u00fcber [&hellip;]<\/p>\n","protected":false},"author":1,"featured_media":0,"parent":0,"menu_order":0,"comment_status":"closed","ping_status":"closed","template":"","meta":{"_et_pb_use_builder":"","_et_pb_old_content":"","_et_gb_content_width":"","inline_featured_image":false},"yoast_head":"<!-- This site is optimized with the Yoast SEO plugin v19.5.1 - https:\/\/yoast.com\/wordpress\/plugins\/seo\/ -->\n<title>Individuelles Coaching - The DemoScene - Verbessern Sie Ihre Pr\u00e4sentation<\/title>\n<meta name=\"description\" content=\"Wir werden oft gebeten, Unterst\u00fctzung bei der Entwicklung von Demo-Skripten, der Verbesserung von Software-Pr\u00e4sentationen, der Erstellung von Firmenpr\u00e4sentationen und vielem mehr zu leisten.\" \/>\n<meta name=\"robots\" content=\"index, follow, max-snippet:-1, max-image-preview:large, max-video-preview:-1\" \/>\n<link rel=\"canonical\" href=\"https:\/\/mt-testing.thedemoscene.com\/de\/individuelles-coaching\/\" \/>\n<meta property=\"og:locale\" content=\"de_DE\" \/>\n<meta property=\"og:type\" content=\"article\" \/>\n<meta property=\"og:title\" content=\"Individuelles Coaching - The DemoScene - Verbessern Sie Ihre Pr\u00e4sentation\" \/>\n<meta property=\"og:description\" content=\"Wir werden oft gebeten, Unterst\u00fctzung bei der Entwicklung von Demo-Skripten, der Verbesserung von Software-Pr\u00e4sentationen, der Erstellung von Firmenpr\u00e4sentationen und vielem mehr zu leisten.\" \/>\n<meta property=\"og:url\" content=\"https:\/\/mt-testing.thedemoscene.com\/de\/individuelles-coaching\/\" \/>\n<meta property=\"og:site_name\" content=\"The DemoScene\" \/>\n<meta name=\"twitter:card\" content=\"summary_large_image\" \/>\n<script type=\"application\/ld+json\" class=\"yoast-schema-graph\">{\"@context\":\"https:\/\/schema.org\",\"@graph\":[{\"@type\":\"WebPage\",\"@id\":\"https:\/\/mt-testing.thedemoscene.com\/de\/individuelles-coaching\/\",\"url\":\"https:\/\/mt-testing.thedemoscene.com\/de\/individuelles-coaching\/\",\"name\":\"Individuelles Coaching - The DemoScene - Verbessern Sie Ihre Pr\u00e4sentation\",\"isPartOf\":{\"@id\":\"https:\/\/mt-testing.thedemoscene.com\/#website\"},\"datePublished\":\"2020-03-30T09:30:01+00:00\",\"dateModified\":\"2020-03-30T09:30:01+00:00\",\"description\":\"Wir werden oft gebeten, Unterst\u00fctzung bei der Entwicklung von Demo-Skripten, der Verbesserung von Software-Pr\u00e4sentationen, der Erstellung von Firmenpr\u00e4sentationen und vielem mehr zu leisten.\",\"breadcrumb\":{\"@id\":\"https:\/\/mt-testing.thedemoscene.com\/de\/individuelles-coaching\/#breadcrumb\"},\"inLanguage\":\"de-DE\",\"potentialAction\":[{\"@type\":\"ReadAction\",\"target\":[\"https:\/\/mt-testing.thedemoscene.com\/de\/individuelles-coaching\/\"]}]},{\"@type\":\"BreadcrumbList\",\"@id\":\"https:\/\/mt-testing.thedemoscene.com\/de\/individuelles-coaching\/#breadcrumb\",\"itemListElement\":[{\"@type\":\"ListItem\",\"position\":1,\"name\":\"Home\",\"item\":\"https:\/\/mt-testing.thedemoscene.com\/de\/\"},{\"@type\":\"ListItem\",\"position\":2,\"name\":\"Individuelles Coaching\"}]},{\"@type\":\"WebSite\",\"@id\":\"https:\/\/mt-testing.thedemoscene.com\/#website\",\"url\":\"https:\/\/mt-testing.thedemoscene.com\/\",\"name\":\"The DemoScene\",\"description\":\"Improves Your Demo\",\"potentialAction\":[{\"@type\":\"SearchAction\",\"target\":{\"@type\":\"EntryPoint\",\"urlTemplate\":\"https:\/\/mt-testing.thedemoscene.com\/?s={search_term_string}\"},\"query-input\":\"required name=search_term_string\"}],\"inLanguage\":\"de-DE\"}]}<\/script>\n<!-- \/ Yoast SEO plugin. -->","yoast_head_json":{"title":"Individuelles Coaching - The DemoScene - Verbessern Sie Ihre Pr\u00e4sentation","description":"Wir werden oft gebeten, Unterst\u00fctzung bei der Entwicklung von Demo-Skripten, der Verbesserung von Software-Pr\u00e4sentationen, der Erstellung von Firmenpr\u00e4sentationen und vielem mehr zu leisten.","robots":{"index":"index","follow":"follow","max-snippet":"max-snippet:-1","max-image-preview":"max-image-preview:large","max-video-preview":"max-video-preview:-1"},"canonical":"https:\/\/mt-testing.thedemoscene.com\/de\/individuelles-coaching\/","og_locale":"de_DE","og_type":"article","og_title":"Individuelles Coaching - The DemoScene - Verbessern Sie Ihre Pr\u00e4sentation","og_description":"Wir werden oft gebeten, Unterst\u00fctzung bei der Entwicklung von Demo-Skripten, der Verbesserung von Software-Pr\u00e4sentationen, der Erstellung von Firmenpr\u00e4sentationen und vielem mehr zu leisten.","og_url":"https:\/\/mt-testing.thedemoscene.com\/de\/individuelles-coaching\/","og_site_name":"The DemoScene","twitter_card":"summary_large_image","schema":{"@context":"https:\/\/schema.org","@graph":[{"@type":"WebPage","@id":"https:\/\/mt-testing.thedemoscene.com\/de\/individuelles-coaching\/","url":"https:\/\/mt-testing.thedemoscene.com\/de\/individuelles-coaching\/","name":"Individuelles Coaching - The DemoScene - Verbessern Sie Ihre Pr\u00e4sentation","isPartOf":{"@id":"https:\/\/mt-testing.thedemoscene.com\/#website"},"datePublished":"2020-03-30T09:30:01+00:00","dateModified":"2020-03-30T09:30:01+00:00","description":"Wir werden oft gebeten, Unterst\u00fctzung bei der Entwicklung von Demo-Skripten, der Verbesserung von Software-Pr\u00e4sentationen, der Erstellung von Firmenpr\u00e4sentationen und vielem mehr zu leisten.","breadcrumb":{"@id":"https:\/\/mt-testing.thedemoscene.com\/de\/individuelles-coaching\/#breadcrumb"},"inLanguage":"de-DE","potentialAction":[{"@type":"ReadAction","target":["https:\/\/mt-testing.thedemoscene.com\/de\/individuelles-coaching\/"]}]},{"@type":"BreadcrumbList","@id":"https:\/\/mt-testing.thedemoscene.com\/de\/individuelles-coaching\/#breadcrumb","itemListElement":[{"@type":"ListItem","position":1,"name":"Home","item":"https:\/\/mt-testing.thedemoscene.com\/de\/"},{"@type":"ListItem","position":2,"name":"Individuelles Coaching"}]},{"@type":"WebSite","@id":"https:\/\/mt-testing.thedemoscene.com\/#website","url":"https:\/\/mt-testing.thedemoscene.com\/","name":"The DemoScene","description":"Improves Your Demo","potentialAction":[{"@type":"SearchAction","target":{"@type":"EntryPoint","urlTemplate":"https:\/\/mt-testing.thedemoscene.com\/?s={search_term_string}"},"query-input":"required name=search_term_string"}],"inLanguage":"de-DE"}]}},"_links":{"self":[{"href":"https:\/\/mt-testing.thedemoscene.com\/de\/wp-json\/wp\/v2\/pages\/1633"}],"collection":[{"href":"https:\/\/mt-testing.thedemoscene.com\/de\/wp-json\/wp\/v2\/pages"}],"about":[{"href":"https:\/\/mt-testing.thedemoscene.com\/de\/wp-json\/wp\/v2\/types\/page"}],"author":[{"embeddable":true,"href":"https:\/\/mt-testing.thedemoscene.com\/de\/wp-json\/wp\/v2\/users\/1"}],"replies":[{"embeddable":true,"href":"https:\/\/mt-testing.thedemoscene.com\/de\/wp-json\/wp\/v2\/comments?post=1633"}],"version-history":[{"count":0,"href":"https:\/\/mt-testing.thedemoscene.com\/de\/wp-json\/wp\/v2\/pages\/1633\/revisions"}],"wp:attachment":[{"href":"https:\/\/mt-testing.thedemoscene.com\/de\/wp-json\/wp\/v2\/media?parent=1633"}],"curies":[{"name":"wp","href":"https:\/\/api.w.org\/{rel}","templated":true}]}}