{"id":1636,"date":"2020-03-30T11:32:31","date_gmt":"2020-03-30T09:32:31","guid":{"rendered":"https:\/\/mt-testing.thedemoscene.com\/demonstrationstraining\/"},"modified":"2020-03-30T11:32:32","modified_gmt":"2020-03-30T09:32:32","slug":"demonstrationstraining","status":"publish","type":"page","link":"https:\/\/mt-testing.thedemoscene.com\/de\/demonstrationstraining\/","title":{"rendered":"Demonstrationstraining"},"content":{"rendered":"<p>So sieht eine Gruppe geschulter, zufriedener und selbstbewusster Vorverkaufsberater nach zwei intensiven Tagen des Vorf\u00fchrtrainings aus! Das Training wird von Natasja Bax geleitet, die offensichtlich liebt, was sie tut. Natasja: &#8222;Das Ende eines Demotrainings ist immer sehr befriedigend, wenn man sieht, wie die Leute ihre Demos mit mehr Selbstvertrauen und Freude abliefern, was am Ende zu mehr Vertr\u00e4gen f\u00fchrt&#8220;.<\/p>\n<p>In der Demo-Schulung lernen Anbieter und Vorverk\u00e4ufer, wie sie \u00fcberraschend effektive Software-Demonstrationen erstellen und abliefern k\u00f6nnen, indem sie das Letzte zuerst tun (mit der Methode der Great Demo!). Die Ergebnisse dieser Schulung sind anschaulich: Erh\u00f6hung der Rendite, Verk\u00fcrzung der Vertriebszykluszeit, Senkung der Vertriebskosten, Verbesserung der Gesamtabschlussraten, Erh\u00f6hung der Gr\u00f6\u00dfe und des Umfangs von Transaktionen, Verbesserung der Implementierungs-Workshops und Steigerung des Kundenerfolgs.<\/p>\n<p>Wir bieten spezifische Inhouse-Demonstrationsschulungen an, die f\u00fcr Ihr Team in Ihren B\u00fcros konzipiert sind. Diese Demoschulung w\u00e4re in zweierlei Hinsicht vollst\u00e4ndig an Sie angepasst: Erstens passen wir sie an Ihre Bed\u00fcrfnisse und Teamanforderungen an und zweitens passen wir die Schulung an Ihre Software und Ihre Branche an. Wir bieten auch einige Male im Jahr Demoschulungen als offene Kurse an. \u00d6ffentliche Demoschulungen sind ausgezeichnete Gelegenheiten f\u00fcr Einzelpersonen, kleine Gruppen oder f\u00fcr Unternehmen und Teams, die neu eingestellt werden.<\/p>\n","protected":false},"excerpt":{"rendered":"<p>So sieht eine Gruppe geschulter, zufriedener und selbstbewusster Vorverkaufsberater nach zwei intensiven Tagen des Vorf\u00fchrtrainings aus! Das Training wird von Natasja Bax geleitet, die offensichtlich liebt, was sie tut. Natasja: &#8222;Das Ende eines Demotrainings ist immer sehr befriedigend, wenn man sieht, wie die Leute ihre Demos mit mehr Selbstvertrauen und Freude abliefern, was am Ende [&hellip;]<\/p>\n","protected":false},"author":1,"featured_media":0,"parent":0,"menu_order":0,"comment_status":"closed","ping_status":"closed","template":"","meta":{"_et_pb_use_builder":"","_et_pb_old_content":"","_et_gb_content_width":"","inline_featured_image":false},"yoast_head":"<!-- This site is optimized with the Yoast SEO plugin v19.5.1 - https:\/\/yoast.com\/wordpress\/plugins\/seo\/ -->\n<title>Demonstrationstraining - The DemoScene - Verbessern Sie Ihr Demo-Training<\/title>\n<meta name=\"description\" content=\"So sieht eine Gruppe geschulter, zufriedener und selbstbewusster Vorverkaufsberater nach zwei intensiven Tagen des Vorf\u00fchrtrainings aus!\" \/>\n<meta name=\"robots\" content=\"index, follow, max-snippet:-1, max-image-preview:large, max-video-preview:-1\" \/>\n<link rel=\"canonical\" href=\"https:\/\/mt-testing.thedemoscene.com\/de\/demonstrationstraining\/\" \/>\n<meta property=\"og:locale\" content=\"de_DE\" \/>\n<meta property=\"og:type\" content=\"article\" \/>\n<meta property=\"og:title\" content=\"Demonstrationstraining - The DemoScene - Verbessern Sie Ihr Demo-Training\" \/>\n<meta property=\"og:description\" content=\"So sieht eine Gruppe geschulter, zufriedener und selbstbewusster Vorverkaufsberater nach zwei intensiven Tagen des Vorf\u00fchrtrainings aus!\" \/>\n<meta property=\"og:url\" content=\"https:\/\/mt-testing.thedemoscene.com\/de\/demonstrationstraining\/\" \/>\n<meta property=\"og:site_name\" content=\"The DemoScene\" \/>\n<meta property=\"article:modified_time\" content=\"2020-03-30T09:32:32+00:00\" \/>\n<meta name=\"twitter:card\" content=\"summary_large_image\" \/>\n<meta name=\"twitter:label1\" content=\"Gesch\u00e4tzte Lesezeit\" \/>\n\t<meta name=\"twitter:data1\" content=\"1 Minute\" \/>\n<script type=\"application\/ld+json\" class=\"yoast-schema-graph\">{\"@context\":\"https:\/\/schema.org\",\"@graph\":[{\"@type\":\"WebPage\",\"@id\":\"https:\/\/mt-testing.thedemoscene.com\/de\/demonstrationstraining\/\",\"url\":\"https:\/\/mt-testing.thedemoscene.com\/de\/demonstrationstraining\/\",\"name\":\"Demonstrationstraining - The DemoScene - Verbessern Sie Ihr Demo-Training\",\"isPartOf\":{\"@id\":\"https:\/\/mt-testing.thedemoscene.com\/#website\"},\"datePublished\":\"2020-03-30T09:32:31+00:00\",\"dateModified\":\"2020-03-30T09:32:32+00:00\",\"description\":\"So sieht eine Gruppe geschulter, zufriedener und selbstbewusster Vorverkaufsberater nach zwei intensiven Tagen des Vorf\u00fchrtrainings aus!\",\"breadcrumb\":{\"@id\":\"https:\/\/mt-testing.thedemoscene.com\/de\/demonstrationstraining\/#breadcrumb\"},\"inLanguage\":\"de-DE\",\"potentialAction\":[{\"@type\":\"ReadAction\",\"target\":[\"https:\/\/mt-testing.thedemoscene.com\/de\/demonstrationstraining\/\"]}]},{\"@type\":\"BreadcrumbList\",\"@id\":\"https:\/\/mt-testing.thedemoscene.com\/de\/demonstrationstraining\/#breadcrumb\",\"itemListElement\":[{\"@type\":\"ListItem\",\"position\":1,\"name\":\"Home\",\"item\":\"https:\/\/mt-testing.thedemoscene.com\/de\/\"},{\"@type\":\"ListItem\",\"position\":2,\"name\":\"Demonstrationstraining\"}]},{\"@type\":\"WebSite\",\"@id\":\"https:\/\/mt-testing.thedemoscene.com\/#website\",\"url\":\"https:\/\/mt-testing.thedemoscene.com\/\",\"name\":\"The DemoScene\",\"description\":\"Improves Your Demo\",\"potentialAction\":[{\"@type\":\"SearchAction\",\"target\":{\"@type\":\"EntryPoint\",\"urlTemplate\":\"https:\/\/mt-testing.thedemoscene.com\/?s={search_term_string}\"},\"query-input\":\"required name=search_term_string\"}],\"inLanguage\":\"de-DE\"}]}<\/script>\n<!-- \/ Yoast SEO plugin. -->","yoast_head_json":{"title":"Demonstrationstraining - The DemoScene - Verbessern Sie Ihr Demo-Training","description":"So sieht eine Gruppe geschulter, zufriedener und selbstbewusster Vorverkaufsberater nach zwei intensiven Tagen des Vorf\u00fchrtrainings aus!","robots":{"index":"index","follow":"follow","max-snippet":"max-snippet:-1","max-image-preview":"max-image-preview:large","max-video-preview":"max-video-preview:-1"},"canonical":"https:\/\/mt-testing.thedemoscene.com\/de\/demonstrationstraining\/","og_locale":"de_DE","og_type":"article","og_title":"Demonstrationstraining - The DemoScene - Verbessern Sie Ihr Demo-Training","og_description":"So sieht eine Gruppe geschulter, zufriedener und selbstbewusster Vorverkaufsberater nach zwei intensiven Tagen des Vorf\u00fchrtrainings aus!","og_url":"https:\/\/mt-testing.thedemoscene.com\/de\/demonstrationstraining\/","og_site_name":"The DemoScene","article_modified_time":"2020-03-30T09:32:32+00:00","twitter_card":"summary_large_image","twitter_misc":{"Gesch\u00e4tzte Lesezeit":"1 Minute"},"schema":{"@context":"https:\/\/schema.org","@graph":[{"@type":"WebPage","@id":"https:\/\/mt-testing.thedemoscene.com\/de\/demonstrationstraining\/","url":"https:\/\/mt-testing.thedemoscene.com\/de\/demonstrationstraining\/","name":"Demonstrationstraining - The DemoScene - Verbessern Sie Ihr Demo-Training","isPartOf":{"@id":"https:\/\/mt-testing.thedemoscene.com\/#website"},"datePublished":"2020-03-30T09:32:31+00:00","dateModified":"2020-03-30T09:32:32+00:00","description":"So sieht eine Gruppe geschulter, zufriedener und selbstbewusster Vorverkaufsberater nach zwei intensiven Tagen des Vorf\u00fchrtrainings aus!","breadcrumb":{"@id":"https:\/\/mt-testing.thedemoscene.com\/de\/demonstrationstraining\/#breadcrumb"},"inLanguage":"de-DE","potentialAction":[{"@type":"ReadAction","target":["https:\/\/mt-testing.thedemoscene.com\/de\/demonstrationstraining\/"]}]},{"@type":"BreadcrumbList","@id":"https:\/\/mt-testing.thedemoscene.com\/de\/demonstrationstraining\/#breadcrumb","itemListElement":[{"@type":"ListItem","position":1,"name":"Home","item":"https:\/\/mt-testing.thedemoscene.com\/de\/"},{"@type":"ListItem","position":2,"name":"Demonstrationstraining"}]},{"@type":"WebSite","@id":"https:\/\/mt-testing.thedemoscene.com\/#website","url":"https:\/\/mt-testing.thedemoscene.com\/","name":"The DemoScene","description":"Improves Your Demo","potentialAction":[{"@type":"SearchAction","target":{"@type":"EntryPoint","urlTemplate":"https:\/\/mt-testing.thedemoscene.com\/?s={search_term_string}"},"query-input":"required name=search_term_string"}],"inLanguage":"de-DE"}]}},"_links":{"self":[{"href":"https:\/\/mt-testing.thedemoscene.com\/de\/wp-json\/wp\/v2\/pages\/1636"}],"collection":[{"href":"https:\/\/mt-testing.thedemoscene.com\/de\/wp-json\/wp\/v2\/pages"}],"about":[{"href":"https:\/\/mt-testing.thedemoscene.com\/de\/wp-json\/wp\/v2\/types\/page"}],"author":[{"embeddable":true,"href":"https:\/\/mt-testing.thedemoscene.com\/de\/wp-json\/wp\/v2\/users\/1"}],"replies":[{"embeddable":true,"href":"https:\/\/mt-testing.thedemoscene.com\/de\/wp-json\/wp\/v2\/comments?post=1636"}],"version-history":[{"count":1,"href":"https:\/\/mt-testing.thedemoscene.com\/de\/wp-json\/wp\/v2\/pages\/1636\/revisions"}],"predecessor-version":[{"id":1637,"href":"https:\/\/mt-testing.thedemoscene.com\/de\/wp-json\/wp\/v2\/pages\/1636\/revisions\/1637"}],"wp:attachment":[{"href":"https:\/\/mt-testing.thedemoscene.com\/de\/wp-json\/wp\/v2\/media?parent=1636"}],"curies":[{"name":"wp","href":"https:\/\/api.w.org\/{rel}","templated":true}]}}