{"id":1638,"date":"2020-03-30T11:35:46","date_gmt":"2020-03-30T09:35:46","guid":{"rendered":"https:\/\/mt-testing.thedemoscene.com\/demo-faehigkeiten\/"},"modified":"2020-03-30T11:35:48","modified_gmt":"2020-03-30T09:35:48","slug":"demo-faehigkeiten","status":"publish","type":"page","link":"https:\/\/mt-testing.thedemoscene.com\/de\/demo-faehigkeiten\/","title":{"rendered":"Demo-F\u00e4higkeiten"},"content":{"rendered":"<p><em><strong>Haben Sie jemals eine schlechte Software-Demo gesehen?<\/strong><\/em><\/p>\n<p>Wenn Sie mit der <em>Effektivit\u00e4t<\/em>der Software-Demonstrationen Ihrer Organisation vollkommen zufrieden sind, dann suchen Sie nicht weiter.<\/p>\n<p>Wenn Sie glauben, dass sich Ihre Demonstrationen verbessern k\u00f6nnen, dann erkunden Sie in den n\u00e4chsten drei\u00dfig Sekunden, was wir zu bieten haben. Es kann der Unterschied zwischen einem verlorenen Verkauf und einem neuen Kunden oder einer versp\u00e4teten Bestellung im Vergleich zu Ihren Quartalszahlen sein.<\/p>\n<p>Wir helfen Organisationen, das &#8222;<em>Wow<\/em>!&#8220; in ihre Demonstrationen einzubringen und sie effektiv, klar und \u00fcberzeugend zu gestalten, indem wir das Publikum in den ersten <u>sechs<\/u> Minuten einer Demonstration anlocken und mitrei\u00dfen.<\/p>\n<p>Viele Demonstrationen lehren die Kunden, &#8222;wie&#8220; ein Softwareprodukt zu verwenden &#8211; Produktschulung &#8211; und vernachl\u00e4ssigen es, zu vermitteln, &#8222;was&#8220; die Software dem Kunden im Hinblick auf seine Gesch\u00e4ftsziele und -vorgaben erm\u00f6glicht. Dies f\u00fchrt zu einem langweiligen Publikum, zu nicht \u00fcberzeugenden Demonstrationen, zum Weggang von Schl\u00fcsselpersonen und kurzfristig zu ergebnislosen Besprechungen, was den Verlust oder die Verz\u00f6gerung von Gesch\u00e4ften im Allgemeinen zur Folge hat.<\/p>\n<p>Es gibt zwei Schl\u00fcsselbereiche, die bei Software-Demonstrationen von Bedeutung sind:<\/p>\n<ol>\n<li>ein Verst\u00e4ndnis f\u00fcr die gesch\u00e4ftlichen Probleme und Ziele des Kunden zu erlangen<\/li>\n<li>Die Bereitstellung von Inhalten ist klar und \u00fcberzeugend<\/li>\n<\/ol>\n<p>Wollen Sie Ihre Demonstrationsf\u00e4higkeiten verbessern? Wir teilen eine M\u00f6glichkeit mit, um sicherzustellen, dass sie die Informationen, die sie ben\u00f6tigen, erfassen und kommunizieren, bevor sie ihre Demos erstellen oder pr\u00e4sentieren. Wir helfen Ihnen, den Inhalt Ihrer Vorf\u00fchrungen so zu organisieren, dass die wichtigsten gesch\u00e4ftlichen Themen Ihrer Kunden innerhalb der ersten <u>Minuten<\/u>einer Vorf\u00fchrung angesprochen werden.<\/p>\n<p>Das Ergebnis sind effektive und zielgerichtete Demonstrationen, die die VPs und das Senior Management, die Champions, die Anwender, die IT und alle anderen Beteiligten zufrieden stellen und das Gesch\u00e4ft zum Abschluss bringen.<\/p>\n<p>Hier sind einige M\u00f6glichkeiten, die Demonstrationsf\u00e4higkeiten Ihres Teams zu verbessern:<\/p>\n<p><strong>Erh\u00f6hung des Einkommens: <\/strong><a href=\"https:\/\/mt-testing.thedemoscene.com\/training\/\">Great Demo! Workshops<\/a> sich in einem Workshop-Format auf ihre spezifischen Ziele und Situationen konzentrieren. Dies ist die effektivste Methode, um eine substanzielle und kontinuierliche Verbesserung der Demonstrationsf\u00e4higkeiten zu erreichen, oft mit einer Steigerung der Einnahmen innerhalb des Quartals.<\/p>\n<p><strong>Ver\u00e4nderungen einleiten<\/strong>: Eine hohe Wirkung einbeziehen <a href=\"https:\/\/greatdemo.com\/offerings\/\">Great Demo! Seminar oder Teilnahme als Referent<\/a> bei Ihrer n\u00e4chsten Verkaufs- oder Marketingveranstaltung, um kritisches Denken anzuregen und Ver\u00e4nderungen einzuleiten. &#8222;Ich hatte eine Erleuchtung!&#8220; ist ein wahrscheinliches Ergebnis&#8230; <a href=\"http:\/\/www.secondderivative.com\/Contact.html\">Kontaktieren Sie uns<\/a>, um zu diskutieren oder einen Termin zu vereinbaren.<\/p>\n<p><strong>Regen Sie zum Nachdenken an:<\/strong> Besorgen Sie sich ein Exemplar des Buches <a href=\"https:\/\/www.amazon.com\/exec\/obidos\/tg\/detail\/-\/059534559X\/qid=1114040021\/sr=1-2\/ref=sr_1_2?v=glance\"><em>Great Demo!<\/em><\/a> f\u00fcr sich selbst oder kaufen Sie Exemplare f\u00fcr Ihr Team. Das Buch zeigt, wie man \u00fcberraschend verbesserte Demos erreichen kann &#8211; es ist eine einfache Lekt\u00fcre auf einem Flugzeugflug. Es ist auf <a href=\"http:\/\/www.amazon.com\/exec\/obidos\/redirect?tag=thesecondderi-20&amp;creative=9325&amp;camp=1789&amp;link_code=ur2&amp;path=tg\/detail\/-\/059534559X\/qid=1114040021\/sr=1-2\/ref=sr_1_2?v=glance&amp;s=books\">Amazon.com<\/a> in gedruckter Form, als Kindle und als H\u00f6rbuch erh\u00e4ltlich.<\/p>\n<p>&#8222;Wenn jeder nur Kapitel 1 lesen und praktizieren w\u00fcrde, w\u00e4re die Welt ein besserer Ort. &#8211; Guy Kawasaki, Autor <em>Die Kunst des Anfangs.<\/em><\/p>\n<p><strong>Anhaltendes Interesse:<\/strong> Entdecken Sie unsere <a href=\"https:\/\/greatdemo.com\/blog\/\">Artikeloder<\/a> unseren <a href=\"https:\/\/greatdemo.com\/blog\/\">Blog<\/a> f\u00fcr Tipps, Gedanken, Techniken, \u00dcbungen und gelegentliche Schimpfw\u00f6rter \u00fcber Demof\u00e4higkeiten, oder schlie\u00dfen Sie sich der Gro\u00dfen Demo an! Gruppe auf <a href=\"https:\/\/www.linkedin.com\/groups\/2430414\/\">LinkedIn<\/a>. Wir stellen Themen und Ideen f\u00fcr Diskussionen, Tipps und Informationen zu neuen Werkzeugen zur Verf\u00fcgung. Die Gruppenmitglieder tragen ihre eigenen Gedanken bei, f\u00fcgen Kommentare zu bestehenden Dialogen hinzu und bringen neue Themen im Zusammenhang mit den Demof\u00e4higkeiten zur Sprache.<\/p>\n<p><em><strong>Bitte z\u00f6gern Sie nicht, sich mit uns in Verbindung zu setzen, um diese Ideen zu erforschen oder Ihre spezifische Situation zu besprechen!<\/strong><\/em><\/p>\n","protected":false},"excerpt":{"rendered":"<p>Haben Sie jemals eine schlechte Software-Demo gesehen? Wenn Sie mit der Effektivit\u00e4tder Software-Demonstrationen Ihrer Organisation vollkommen zufrieden sind, dann suchen Sie nicht weiter. Wenn Sie glauben, dass sich Ihre Demonstrationen verbessern k\u00f6nnen, dann erkunden Sie in den n\u00e4chsten drei\u00dfig Sekunden, was wir zu bieten haben. Es kann der Unterschied zwischen einem verlorenen Verkauf und einem [&hellip;]<\/p>\n","protected":false},"author":1,"featured_media":0,"parent":0,"menu_order":0,"comment_status":"closed","ping_status":"closed","template":"","meta":{"_et_pb_use_builder":"","_et_pb_old_content":"","_et_gb_content_width":"","inline_featured_image":false},"yoast_head":"<!-- This site is optimized with the Yoast SEO plugin v19.5.1 - https:\/\/yoast.com\/wordpress\/plugins\/seo\/ -->\n<title>Demo-F\u00e4higkeiten - The DemoScene - Verbessern Sie Ihre Demo-F\u00e4higkeiten<\/title>\n<meta name=\"description\" content=\"Wenn Sie der Meinung sind, dass sich Ihre Demos verbessern k\u00f6nnten, dann investieren Sie in das, was wir zu bieten haben. Es kann der Unterschied zwischen einem verlorenen Verkauf und einem neuen Kunden sein.\" \/>\n<meta name=\"robots\" content=\"index, follow, max-snippet:-1, max-image-preview:large, max-video-preview:-1\" \/>\n<link rel=\"canonical\" href=\"https:\/\/mt-testing.thedemoscene.com\/de\/demo-faehigkeiten\/\" \/>\n<meta property=\"og:locale\" content=\"de_DE\" \/>\n<meta property=\"og:type\" content=\"article\" \/>\n<meta property=\"og:title\" content=\"Demo-F\u00e4higkeiten - The DemoScene - Verbessern Sie Ihre Demo-F\u00e4higkeiten\" \/>\n<meta property=\"og:description\" content=\"Wenn Sie der Meinung sind, dass sich Ihre Demos verbessern k\u00f6nnten, dann investieren Sie in das, was wir zu bieten haben. Es kann der Unterschied zwischen einem verlorenen Verkauf und einem neuen Kunden sein.\" \/>\n<meta property=\"og:url\" content=\"https:\/\/mt-testing.thedemoscene.com\/de\/demo-faehigkeiten\/\" \/>\n<meta property=\"og:site_name\" content=\"The DemoScene\" \/>\n<meta property=\"article:modified_time\" content=\"2020-03-30T09:35:48+00:00\" \/>\n<meta name=\"twitter:card\" content=\"summary_large_image\" \/>\n<meta name=\"twitter:label1\" content=\"Gesch\u00e4tzte Lesezeit\" \/>\n\t<meta name=\"twitter:data1\" content=\"3 Minuten\" \/>\n<script type=\"application\/ld+json\" class=\"yoast-schema-graph\">{\"@context\":\"https:\/\/schema.org\",\"@graph\":[{\"@type\":\"WebPage\",\"@id\":\"https:\/\/mt-testing.thedemoscene.com\/de\/demo-faehigkeiten\/\",\"url\":\"https:\/\/mt-testing.thedemoscene.com\/de\/demo-faehigkeiten\/\",\"name\":\"Demo-F\u00e4higkeiten - The DemoScene - Verbessern Sie Ihre Demo-F\u00e4higkeiten\",\"isPartOf\":{\"@id\":\"https:\/\/mt-testing.thedemoscene.com\/#website\"},\"datePublished\":\"2020-03-30T09:35:46+00:00\",\"dateModified\":\"2020-03-30T09:35:48+00:00\",\"description\":\"Wenn Sie der Meinung sind, dass sich Ihre Demos verbessern k\u00f6nnten, dann investieren Sie in das, was wir zu bieten haben. Es kann der Unterschied zwischen einem verlorenen Verkauf und einem neuen Kunden sein.\",\"breadcrumb\":{\"@id\":\"https:\/\/mt-testing.thedemoscene.com\/de\/demo-faehigkeiten\/#breadcrumb\"},\"inLanguage\":\"de-DE\",\"potentialAction\":[{\"@type\":\"ReadAction\",\"target\":[\"https:\/\/mt-testing.thedemoscene.com\/de\/demo-faehigkeiten\/\"]}]},{\"@type\":\"BreadcrumbList\",\"@id\":\"https:\/\/mt-testing.thedemoscene.com\/de\/demo-faehigkeiten\/#breadcrumb\",\"itemListElement\":[{\"@type\":\"ListItem\",\"position\":1,\"name\":\"Home\",\"item\":\"https:\/\/mt-testing.thedemoscene.com\/de\/\"},{\"@type\":\"ListItem\",\"position\":2,\"name\":\"Demo-F\u00e4higkeiten\"}]},{\"@type\":\"WebSite\",\"@id\":\"https:\/\/mt-testing.thedemoscene.com\/#website\",\"url\":\"https:\/\/mt-testing.thedemoscene.com\/\",\"name\":\"The DemoScene\",\"description\":\"Improves Your Demo\",\"potentialAction\":[{\"@type\":\"SearchAction\",\"target\":{\"@type\":\"EntryPoint\",\"urlTemplate\":\"https:\/\/mt-testing.thedemoscene.com\/?s={search_term_string}\"},\"query-input\":\"required name=search_term_string\"}],\"inLanguage\":\"de-DE\"}]}<\/script>\n<!-- \/ Yoast SEO plugin. -->","yoast_head_json":{"title":"Demo-F\u00e4higkeiten - The DemoScene - Verbessern Sie Ihre Demo-F\u00e4higkeiten","description":"Wenn Sie der Meinung sind, dass sich Ihre Demos verbessern k\u00f6nnten, dann investieren Sie in das, was wir zu bieten haben. Es kann der Unterschied zwischen einem verlorenen Verkauf und einem neuen Kunden sein.","robots":{"index":"index","follow":"follow","max-snippet":"max-snippet:-1","max-image-preview":"max-image-preview:large","max-video-preview":"max-video-preview:-1"},"canonical":"https:\/\/mt-testing.thedemoscene.com\/de\/demo-faehigkeiten\/","og_locale":"de_DE","og_type":"article","og_title":"Demo-F\u00e4higkeiten - The DemoScene - Verbessern Sie Ihre Demo-F\u00e4higkeiten","og_description":"Wenn Sie der Meinung sind, dass sich Ihre Demos verbessern k\u00f6nnten, dann investieren Sie in das, was wir zu bieten haben. Es kann der Unterschied zwischen einem verlorenen Verkauf und einem neuen Kunden sein.","og_url":"https:\/\/mt-testing.thedemoscene.com\/de\/demo-faehigkeiten\/","og_site_name":"The DemoScene","article_modified_time":"2020-03-30T09:35:48+00:00","twitter_card":"summary_large_image","twitter_misc":{"Gesch\u00e4tzte Lesezeit":"3 Minuten"},"schema":{"@context":"https:\/\/schema.org","@graph":[{"@type":"WebPage","@id":"https:\/\/mt-testing.thedemoscene.com\/de\/demo-faehigkeiten\/","url":"https:\/\/mt-testing.thedemoscene.com\/de\/demo-faehigkeiten\/","name":"Demo-F\u00e4higkeiten - The DemoScene - Verbessern Sie Ihre Demo-F\u00e4higkeiten","isPartOf":{"@id":"https:\/\/mt-testing.thedemoscene.com\/#website"},"datePublished":"2020-03-30T09:35:46+00:00","dateModified":"2020-03-30T09:35:48+00:00","description":"Wenn Sie der Meinung sind, dass sich Ihre Demos verbessern k\u00f6nnten, dann investieren Sie in das, was wir zu bieten haben. Es kann der Unterschied zwischen einem verlorenen Verkauf und einem neuen Kunden sein.","breadcrumb":{"@id":"https:\/\/mt-testing.thedemoscene.com\/de\/demo-faehigkeiten\/#breadcrumb"},"inLanguage":"de-DE","potentialAction":[{"@type":"ReadAction","target":["https:\/\/mt-testing.thedemoscene.com\/de\/demo-faehigkeiten\/"]}]},{"@type":"BreadcrumbList","@id":"https:\/\/mt-testing.thedemoscene.com\/de\/demo-faehigkeiten\/#breadcrumb","itemListElement":[{"@type":"ListItem","position":1,"name":"Home","item":"https:\/\/mt-testing.thedemoscene.com\/de\/"},{"@type":"ListItem","position":2,"name":"Demo-F\u00e4higkeiten"}]},{"@type":"WebSite","@id":"https:\/\/mt-testing.thedemoscene.com\/#website","url":"https:\/\/mt-testing.thedemoscene.com\/","name":"The DemoScene","description":"Improves Your Demo","potentialAction":[{"@type":"SearchAction","target":{"@type":"EntryPoint","urlTemplate":"https:\/\/mt-testing.thedemoscene.com\/?s={search_term_string}"},"query-input":"required name=search_term_string"}],"inLanguage":"de-DE"}]}},"_links":{"self":[{"href":"https:\/\/mt-testing.thedemoscene.com\/de\/wp-json\/wp\/v2\/pages\/1638"}],"collection":[{"href":"https:\/\/mt-testing.thedemoscene.com\/de\/wp-json\/wp\/v2\/pages"}],"about":[{"href":"https:\/\/mt-testing.thedemoscene.com\/de\/wp-json\/wp\/v2\/types\/page"}],"author":[{"embeddable":true,"href":"https:\/\/mt-testing.thedemoscene.com\/de\/wp-json\/wp\/v2\/users\/1"}],"replies":[{"embeddable":true,"href":"https:\/\/mt-testing.thedemoscene.com\/de\/wp-json\/wp\/v2\/comments?post=1638"}],"version-history":[{"count":1,"href":"https:\/\/mt-testing.thedemoscene.com\/de\/wp-json\/wp\/v2\/pages\/1638\/revisions"}],"predecessor-version":[{"id":1639,"href":"https:\/\/mt-testing.thedemoscene.com\/de\/wp-json\/wp\/v2\/pages\/1638\/revisions\/1639"}],"wp:attachment":[{"href":"https:\/\/mt-testing.thedemoscene.com\/de\/wp-json\/wp\/v2\/media?parent=1638"}],"curies":[{"name":"wp","href":"https:\/\/api.w.org\/{rel}","templated":true}]}}