{"id":1640,"date":"2020-03-30T11:36:06","date_gmt":"2020-03-30T09:36:06","guid":{"rendered":"https:\/\/mt-testing.thedemoscene.com\/sitemap\/"},"modified":"2020-03-30T11:38:29","modified_gmt":"2020-03-30T09:38:29","slug":"sitemap","status":"publish","type":"page","link":"https:\/\/mt-testing.thedemoscene.com\/de\/sitemap\/","title":{"rendered":"Sitemap"},"content":{"rendered":"<p>[et_pb_section fb_built=&#8220;1&#8243; next_background_color=&#8220;#ffffff&#8220; admin_label=&#8220;Hero&#8220; module_id=&#8220;back_img&#8220; _builder_version=&#8220;3.27.4&#8243; background_color=&#8220;#333333&#8243; use_background_color_gradient=&#8220;on&#8220; background_color_gradient_start=&#8220;#333333&#8243; background_color_gradient_end=&#8220;rgba(51,51,51,0.3)&#8220; background_color_gradient_direction=&#8220;90deg&#8220; background_color_gradient_start_position=&#8220;50%&#8220; background_color_gradient_overlays_image=&#8220;on&#8220; background_image=&#8220;https:\/\/mt-testing.thedemoscene.com\/wp-content\/uploads\/2018\/12\/bg_demoscene.jpg&#8220; background_size=&#8220;contain&#8220; background_position=&#8220;center_right&#8220; custom_padding=&#8220;|0px||0px|false|false&#8220; bottom_divider_style=&#8220;asymmetric&#8220; bottom_divider_height=&#8220;30%&#8220; bottom_divider_height_tablet=&#8220;&#8220; bottom_divider_height_phone=&#8220;50px&#8220; bottom_divider_height_last_edited=&#8220;on|phone&#8220;][et_pb_row column_structure=&#8220;1_2,1_2&#8243; use_custom_gutter=&#8220;on&#8220; gutter_width=&#8220;1&#8243; custom_padding_last_edited=&#8220;on|desktop&#8220; padding_top_bottom_link_1=&#8220;true&#8220; _builder_version=&#8220;3.25&#8243; custom_margin=&#8220;|||&#8220; custom_padding=&#8220;|4%|5%|0|false|false&#8220; custom_padding_tablet=&#8220;|0%||&#8220; custom_padding_phone=&#8220;&#8220;][et_pb_column type=&#8220;1_2&#8243; _builder_version=&#8220;3.25&#8243; custom_padding=&#8220;4%||4%|&#8220; custom_padding_tablet=&#8220;0px|||&#8220; custom_padding_last_edited=&#8220;off|desktop&#8220; custom_padding__hover=&#8220;|||&#8220;][et_pb_text _builder_version=&#8220;4.2.2&#8243; text_font=&#8220;Montserrat|300|||||||&#8220; text_text_color=&#8220;#ffffff&#8220; text_font_size=&#8220;16px&#8220; text_line_height=&#8220;2em&#8220; header_font=&#8220;||||||||&#8220; header_text_color=&#8220;#ffffff&#8220; header_font_size=&#8220;40px&#8220; header_line_height=&#8220;1.4em&#8220; header_2_font=&#8220;|300|||||||&#8220; header_2_text_color=&#8220;#ffffff&#8220; max_width=&#8220;600px&#8220; custom_margin=&#8220;||30px|&#8220; custom_margin_last_edited=&#8220;off|desktop&#8220; header_font_size_tablet=&#8220;40px&#8220; header_font_size_phone=&#8220;35px&#8220; header_font_size_last_edited=&#8220;on|phone&#8220; header_2_font_size_tablet=&#8220;&#8220; header_2_font_size_phone=&#8220;22px&#8220; header_2_font_size_last_edited=&#8220;on|desktop&#8220;]<\/p>\n<h1>Sitemap<\/h1>\n<h2>F\u00fcr nur ein wenig zus\u00e4tzliche Unterst\u00fctzung<\/h2>\n<p>[\/et_pb_text][et_pb_divider color=&#8220;#ec008c&#8220; divider_weight=&#8220;3px&#8220; _builder_version=&#8220;3.18.4&#8243; max_width=&#8220;100px&#8220; custom_margin=&#8220;||50px|&#8220;][\/et_pb_divider][\/et_pb_column][et_pb_column type=&#8220;1_2&#8243; _builder_version=&#8220;3.25&#8243; custom_padding=&#8220;|||&#8220; custom_padding__hover=&#8220;|||&#8220;][\/et_pb_column][\/et_pb_row][\/et_pb_section][et_pb_section fb_built=&#8220;1&#8243; admin_label=&#8220;Agents&#8220; _builder_version=&#8220;3.22.3&#8243; custom_padding=&#8220;54px|0px|100px|0px|false|false&#8220; bottom_divider_style=&#8220;asymmetric3&#8243; bottom_divider_color=&#8220;#333333&#8243; bottom_divider_height=&#8220;10%&#8220; bottom_divider_height_tablet=&#8220;&#8220; bottom_divider_height_phone=&#8220;30px&#8220; bottom_divider_height_last_edited=&#8220;on|desktop&#8220;][et_pb_row column_structure=&#8220;1_3,1_3,1_3&#8243; _builder_version=&#8220;4.2.2&#8243;][et_pb_column type=&#8220;1_3&#8243; _builder_version=&#8220;4.2.2&#8243;][et_pb_sidebar area=&#8220;et_pb_widget_area_2&#8243; _builder_version=&#8220;4.2.2&#8243; header_font=&#8220;|700|||||||&#8220; header_font_size=&#8220;22px&#8220; body_font=&#8220;||||on||||&#8220; body_font_size=&#8220;17px&#8220;][\/et_pb_sidebar][\/et_pb_column][et_pb_column type=&#8220;1_3&#8243; _builder_version=&#8220;4.2.2&#8243;][et_pb_sidebar area=&#8220;et_pb_widget_area_1&#8243; _builder_version=&#8220;4.2.2&#8243; header_font=&#8220;|700|||||||&#8220; header_font_size=&#8220;22px&#8220; body_font=&#8220;||||on||||&#8220; body_font_size=&#8220;17px&#8220;][\/et_pb_sidebar][\/et_pb_column][et_pb_column type=&#8220;1_3&#8243; _builder_version=&#8220;4.2.2&#8243;][et_pb_sidebar area=&#8220;et_pb_widget_area_3&#8243; _builder_version=&#8220;4.2.2&#8243; header_font=&#8220;|700|||||||&#8220; header_font_size=&#8220;22px&#8220; body_font=&#8220;||||on||||&#8220; body_font_size=&#8220;17px&#8220;][\/et_pb_sidebar][\/et_pb_column][\/et_pb_row][\/et_pb_section][et_pb_section fb_built=&#8220;1&#8243; admin_label=&#8220;Contact&#8220; _builder_version=&#8220;3.18.9&#8243; background_color=&#8220;#444444&#8243; use_background_color_gradient=&#8220;on&#8220; background_color_gradient_start=&#8220;#333333&#8243; background_color_gradient_end=&#8220;rgba(1,39,128,0)&#8220; background_color_gradient_end_position=&#8220;60%&#8220; background_color_gradient_overlays_image=&#8220;on&#8220; background_size=&#8220;initial&#8220; custom_padding=&#8220;100px|0px|100px|0px|false|false&#8220; global_module=&#8220;294&#8243;][et_pb_row column_structure=&#8220;2_3,1_3&#8243; _builder_version=&#8220;3.25&#8243;][et_pb_column type=&#8220;2_3&#8243; _builder_version=&#8220;3.25&#8243; custom_padding=&#8220;|||&#8220; custom_padding__hover=&#8220;|||&#8220;][et_pb_text _builder_version=&#8220;3.27.4&#8243; text_font=&#8220;Montserrat|300|||||||&#8220; text_font_size=&#8220;16px&#8220; text_line_height=&#8220;2em&#8220; header_font=&#8220;||||||||&#8220; header_2_font=&#8220;||||||||&#8220; header_2_font_size=&#8220;36px&#8220; header_2_line_height=&#8220;1.4em&#8220; background_layout=&#8220;dark&#8220; header_2_font_size_tablet=&#8220;30px&#8220; header_2_font_size_phone=&#8220;24px&#8220; header_2_font_size_last_edited=&#8220;on|phone&#8220; locked=&#8220;off&#8220;]<\/p>\n<h1>Wollen Sie Ihre Vorverkaufskompetenz verbessern?<\/h1>\n<p>[\/et_pb_text][\/et_pb_column][et_pb_column type=&#8220;1_3&#8243; _builder_version=&#8220;3.25&#8243; custom_padding=&#8220;|||&#8220; custom_padding__hover=&#8220;|||&#8220;][et_pb_button button_url=&#8220;\/contact&#8220; button_text=&#8220;Get in touch&#8220; button_alignment=&#8220;right&#8220; _builder_version=&#8220;3.18.9&#8243; custom_button=&#8220;on&#8220; button_text_size=&#8220;14px&#8220; button_text_color=&#8220;#ffffff&#8220; button_bg_color=&#8220;#ec008c&#8220; button_border_width=&#8220;0px&#8220; button_border_radius=&#8220;4px&#8220; button_letter_spacing=&#8220;1px&#8220; button_font=&#8220;Montserrat|||on|||||&#8220; button_use_icon=&#8220;off&#8220; background_layout=&#8220;dark&#8220; custom_margin=&#8220;|||&#8220; custom_padding=&#8220;16px|40px|16px|40px|true|true&#8220; box_shadow_style=&#8220;preset3&#8243; box_shadow_blur=&#8220;20px&#8220; button_border_radius_hover=&#8220;4px&#8220; button_letter_spacing_hover=&#8220;1px&#8220; button_bg_color_hover=&#8220;#0053ef&#8220; button_text_size__hover_enabled=&#8220;off&#8220; button_one_text_size__hover_enabled=&#8220;off&#8220; button_two_text_size__hover_enabled=&#8220;off&#8220; button_text_color__hover_enabled=&#8220;off&#8220; button_one_text_color__hover_enabled=&#8220;off&#8220; button_two_text_color__hover_enabled=&#8220;off&#8220; button_border_width__hover_enabled=&#8220;off&#8220; button_one_border_width__hover_enabled=&#8220;off&#8220; button_two_border_width__hover_enabled=&#8220;off&#8220; button_border_color__hover_enabled=&#8220;off&#8220; button_one_border_color__hover_enabled=&#8220;off&#8220; button_two_border_color__hover_enabled=&#8220;off&#8220; button_border_radius__hover=&#8220;4px&#8220; button_one_border_radius__hover_enabled=&#8220;off&#8220; button_two_border_radius__hover_enabled=&#8220;off&#8220; button_letter_spacing__hover=&#8220;1px&#8220; button_one_letter_spacing__hover_enabled=&#8220;off&#8220; button_two_letter_spacing__hover_enabled=&#8220;off&#8220; button_bg_color__hover=&#8220;#0053ef&#8220; button_one_bg_color__hover_enabled=&#8220;off&#8220; button_two_bg_color__hover_enabled=&#8220;off&#8220; box_shadow_blur__hover_enabled=&#8220;on&#8220; box_shadow_blur__hover=&#8220;30px&#8220; box_shadow_spread__hover_enabled=&#8220;on&#8220; box_shadow_spread__hover=&#8220;-3px&#8220; box_shadow_color__hover_enabled=&#8220;on&#8220; box_shadow_color__hover=&#8220;rgba(0,0,0,0.5)&#8220;][\/et_pb_button][\/et_pb_column][\/et_pb_row][\/et_pb_section]<\/p>\n","protected":false},"excerpt":{"rendered":"<p>[et_pb_section fb_built=&#8220;1&#8243; next_background_color=&#8220;#ffffff&#8220; admin_label=&#8220;Hero&#8220; module_id=&#8220;back_img&#8220; _builder_version=&#8220;3.27.4&#8243; background_color=&#8220;#333333&#8243; use_background_color_gradient=&#8220;on&#8220; background_color_gradient_start=&#8220;#333333&#8243; background_color_gradient_end=&#8220;rgba(51,51,51,0.3)&#8220; background_color_gradient_direction=&#8220;90deg&#8220; background_color_gradient_start_position=&#8220;50%&#8220; background_color_gradient_overlays_image=&#8220;on&#8220; background_image=&#8220;https:\/\/mt-testing.thedemoscene.com\/wp-content\/uploads\/2018\/12\/bg_demoscene.jpg&#8220; background_size=&#8220;contain&#8220; background_position=&#8220;center_right&#8220; custom_padding=&#8220;|0px||0px|false|false&#8220; bottom_divider_style=&#8220;asymmetric&#8220; bottom_divider_height=&#8220;30%&#8220; bottom_divider_height_tablet=&#8220;&#8220; bottom_divider_height_phone=&#8220;50px&#8220; bottom_divider_height_last_edited=&#8220;on|phone&#8220;][et_pb_row column_structure=&#8220;1_2,1_2&#8243; use_custom_gutter=&#8220;on&#8220; gutter_width=&#8220;1&#8243; custom_padding_last_edited=&#8220;on|desktop&#8220; padding_top_bottom_link_1=&#8220;true&#8220; _builder_version=&#8220;3.25&#8243; custom_margin=&#8220;|||&#8220; custom_padding=&#8220;|4%|5%|0|false|false&#8220; custom_padding_tablet=&#8220;|0%||&#8220; custom_padding_phone=&#8220;&#8220;][et_pb_column type=&#8220;1_2&#8243; _builder_version=&#8220;3.25&#8243; custom_padding=&#8220;4%||4%|&#8220; custom_padding_tablet=&#8220;0px|||&#8220; custom_padding_last_edited=&#8220;off|desktop&#8220; custom_padding__hover=&#8220;|||&#8220;][et_pb_text _builder_version=&#8220;4.2.2&#8243; text_font=&#8220;Montserrat|300|||||||&#8220; text_text_color=&#8220;#ffffff&#8220; text_font_size=&#8220;16px&#8220; text_line_height=&#8220;2em&#8220; header_font=&#8220;||||||||&#8220; header_text_color=&#8220;#ffffff&#8220; header_font_size=&#8220;40px&#8220; header_line_height=&#8220;1.4em&#8220; header_2_font=&#8220;|300|||||||&#8220; header_2_text_color=&#8220;#ffffff&#8220; max_width=&#8220;600px&#8220; custom_margin=&#8220;||30px|&#8220; custom_margin_last_edited=&#8220;off|desktop&#8220; header_font_size_tablet=&#8220;40px&#8220; header_font_size_phone=&#8220;35px&#8220; header_font_size_last_edited=&#8220;on|phone&#8220; [&hellip;]<\/p>\n","protected":false},"author":1,"featured_media":0,"parent":0,"menu_order":0,"comment_status":"closed","ping_status":"closed","template":"","meta":{"_et_pb_use_builder":"","_et_pb_old_content":"","_et_gb_content_width":"","inline_featured_image":false},"yoast_head":"<!-- This site is optimized with the Yoast SEO plugin v19.5.1 - https:\/\/yoast.com\/wordpress\/plugins\/seo\/ -->\n<title>Sitemap - The DemoScene<\/title>\n<meta name=\"robots\" content=\"index, follow, max-snippet:-1, max-image-preview:large, max-video-preview:-1\" \/>\n<link rel=\"canonical\" href=\"https:\/\/mt-testing.thedemoscene.com\/de\/sitemap\/\" \/>\n<meta property=\"og:locale\" content=\"de_DE\" \/>\n<meta property=\"og:type\" content=\"article\" \/>\n<meta property=\"og:title\" content=\"Sitemap - The DemoScene\" \/>\n<meta property=\"og:description\" content=\"[et_pb_section fb_built=&#8220;1&#8243; next_background_color=&#8220;#ffffff&#8220; admin_label=&#8220;Hero&#8220; module_id=&#8220;back_img&#8220; _builder_version=&#8220;3.27.4&#8243; background_color=&#8220;#333333&#8243; use_background_color_gradient=&#8220;on&#8220; background_color_gradient_start=&#8220;#333333&#8243; background_color_gradient_end=&#8220;rgba(51,51,51,0.3)&#8220; background_color_gradient_direction=&#8220;90deg&#8220; background_color_gradient_start_position=&#8220;50%&#8220; background_color_gradient_overlays_image=&#8220;on&#8220; background_image=&#8220;https:\/\/mt-testing.thedemoscene.com\/wp-content\/uploads\/2018\/12\/bg_demoscene.jpg&#8220; background_size=&#8220;contain&#8220; background_position=&#8220;center_right&#8220; custom_padding=&#8220;|0px||0px|false|false&#8220; bottom_divider_style=&#8220;asymmetric&#8220; bottom_divider_height=&#8220;30%&#8220; bottom_divider_height_tablet=&#8220;&#8220; bottom_divider_height_phone=&#8220;50px&#8220; bottom_divider_height_last_edited=&#8220;on|phone&#8220;][et_pb_row column_structure=&#8220;1_2,1_2&#8243; use_custom_gutter=&#8220;on&#8220; gutter_width=&#8220;1&#8243; custom_padding_last_edited=&#8220;on|desktop&#8220; padding_top_bottom_link_1=&#8220;true&#8220; _builder_version=&#8220;3.25&#8243; custom_margin=&#8220;|||&#8220; custom_padding=&#8220;|4%|5%|0|false|false&#8220; custom_padding_tablet=&#8220;|0%||&#8220; custom_padding_phone=&#8220;&#8220;][et_pb_column type=&#8220;1_2&#8243; _builder_version=&#8220;3.25&#8243; custom_padding=&#8220;4%||4%|&#8220; custom_padding_tablet=&#8220;0px|||&#8220; custom_padding_last_edited=&#8220;off|desktop&#8220; custom_padding__hover=&#8220;|||&#8220;][et_pb_text _builder_version=&#8220;4.2.2&#8243; text_font=&#8220;Montserrat|300|||||||&#8220; text_text_color=&#8220;#ffffff&#8220; text_font_size=&#8220;16px&#8220; text_line_height=&#8220;2em&#8220; header_font=&#8220;||||||||&#8220; header_text_color=&#8220;#ffffff&#8220; header_font_size=&#8220;40px&#8220; header_line_height=&#8220;1.4em&#8220; header_2_font=&#8220;|300|||||||&#8220; header_2_text_color=&#8220;#ffffff&#8220; max_width=&#8220;600px&#8220; custom_margin=&#8220;||30px|&#8220; custom_margin_last_edited=&#8220;off|desktop&#8220; header_font_size_tablet=&#8220;40px&#8220; header_font_size_phone=&#8220;35px&#8220; header_font_size_last_edited=&#8220;on|phone&#8220; [&hellip;]\" \/>\n<meta property=\"og:url\" content=\"https:\/\/mt-testing.thedemoscene.com\/de\/sitemap\/\" \/>\n<meta property=\"og:site_name\" content=\"The DemoScene\" \/>\n<meta property=\"article:modified_time\" content=\"2020-03-30T09:38:29+00:00\" \/>\n<meta name=\"twitter:card\" content=\"summary_large_image\" \/>\n<meta name=\"twitter:label1\" content=\"Gesch\u00e4tzte Lesezeit\" \/>\n\t<meta name=\"twitter:data1\" content=\"4 Minuten\" \/>\n<script type=\"application\/ld+json\" class=\"yoast-schema-graph\">{\"@context\":\"https:\/\/schema.org\",\"@graph\":[{\"@type\":\"WebPage\",\"@id\":\"https:\/\/mt-testing.thedemoscene.com\/de\/sitemap\/\",\"url\":\"https:\/\/mt-testing.thedemoscene.com\/de\/sitemap\/\",\"name\":\"Sitemap - The DemoScene\",\"isPartOf\":{\"@id\":\"https:\/\/mt-testing.thedemoscene.com\/#website\"},\"datePublished\":\"2020-03-30T09:36:06+00:00\",\"dateModified\":\"2020-03-30T09:38:29+00:00\",\"breadcrumb\":{\"@id\":\"https:\/\/mt-testing.thedemoscene.com\/de\/sitemap\/#breadcrumb\"},\"inLanguage\":\"de-DE\",\"potentialAction\":[{\"@type\":\"ReadAction\",\"target\":[\"https:\/\/mt-testing.thedemoscene.com\/de\/sitemap\/\"]}]},{\"@type\":\"BreadcrumbList\",\"@id\":\"https:\/\/mt-testing.thedemoscene.com\/de\/sitemap\/#breadcrumb\",\"itemListElement\":[{\"@type\":\"ListItem\",\"position\":1,\"name\":\"Home\",\"item\":\"https:\/\/mt-testing.thedemoscene.com\/de\/\"},{\"@type\":\"ListItem\",\"position\":2,\"name\":\"Sitemap\"}]},{\"@type\":\"WebSite\",\"@id\":\"https:\/\/mt-testing.thedemoscene.com\/#website\",\"url\":\"https:\/\/mt-testing.thedemoscene.com\/\",\"name\":\"The DemoScene\",\"description\":\"Improves Your Demo\",\"potentialAction\":[{\"@type\":\"SearchAction\",\"target\":{\"@type\":\"EntryPoint\",\"urlTemplate\":\"https:\/\/mt-testing.thedemoscene.com\/?s={search_term_string}\"},\"query-input\":\"required name=search_term_string\"}],\"inLanguage\":\"de-DE\"}]}<\/script>\n<!-- \/ Yoast SEO plugin. -->","yoast_head_json":{"title":"Sitemap - The DemoScene","robots":{"index":"index","follow":"follow","max-snippet":"max-snippet:-1","max-image-preview":"max-image-preview:large","max-video-preview":"max-video-preview:-1"},"canonical":"https:\/\/mt-testing.thedemoscene.com\/de\/sitemap\/","og_locale":"de_DE","og_type":"article","og_title":"Sitemap - The DemoScene","og_description":"[et_pb_section fb_built=&#8220;1&#8243; next_background_color=&#8220;#ffffff&#8220; admin_label=&#8220;Hero&#8220; module_id=&#8220;back_img&#8220; _builder_version=&#8220;3.27.4&#8243; background_color=&#8220;#333333&#8243; use_background_color_gradient=&#8220;on&#8220; background_color_gradient_start=&#8220;#333333&#8243; background_color_gradient_end=&#8220;rgba(51,51,51,0.3)&#8220; background_color_gradient_direction=&#8220;90deg&#8220; background_color_gradient_start_position=&#8220;50%&#8220; background_color_gradient_overlays_image=&#8220;on&#8220; background_image=&#8220;https:\/\/mt-testing.thedemoscene.com\/wp-content\/uploads\/2018\/12\/bg_demoscene.jpg&#8220; background_size=&#8220;contain&#8220; background_position=&#8220;center_right&#8220; custom_padding=&#8220;|0px||0px|false|false&#8220; bottom_divider_style=&#8220;asymmetric&#8220; bottom_divider_height=&#8220;30%&#8220; bottom_divider_height_tablet=&#8220;&#8220; bottom_divider_height_phone=&#8220;50px&#8220; bottom_divider_height_last_edited=&#8220;on|phone&#8220;][et_pb_row column_structure=&#8220;1_2,1_2&#8243; use_custom_gutter=&#8220;on&#8220; gutter_width=&#8220;1&#8243; custom_padding_last_edited=&#8220;on|desktop&#8220; padding_top_bottom_link_1=&#8220;true&#8220; _builder_version=&#8220;3.25&#8243; custom_margin=&#8220;|||&#8220; custom_padding=&#8220;|4%|5%|0|false|false&#8220; custom_padding_tablet=&#8220;|0%||&#8220; custom_padding_phone=&#8220;&#8220;][et_pb_column type=&#8220;1_2&#8243; _builder_version=&#8220;3.25&#8243; custom_padding=&#8220;4%||4%|&#8220; custom_padding_tablet=&#8220;0px|||&#8220; custom_padding_last_edited=&#8220;off|desktop&#8220; custom_padding__hover=&#8220;|||&#8220;][et_pb_text _builder_version=&#8220;4.2.2&#8243; text_font=&#8220;Montserrat|300|||||||&#8220; text_text_color=&#8220;#ffffff&#8220; text_font_size=&#8220;16px&#8220; text_line_height=&#8220;2em&#8220; header_font=&#8220;||||||||&#8220; header_text_color=&#8220;#ffffff&#8220; header_font_size=&#8220;40px&#8220; header_line_height=&#8220;1.4em&#8220; header_2_font=&#8220;|300|||||||&#8220; header_2_text_color=&#8220;#ffffff&#8220; max_width=&#8220;600px&#8220; custom_margin=&#8220;||30px|&#8220; custom_margin_last_edited=&#8220;off|desktop&#8220; header_font_size_tablet=&#8220;40px&#8220; header_font_size_phone=&#8220;35px&#8220; header_font_size_last_edited=&#8220;on|phone&#8220; [&hellip;]","og_url":"https:\/\/mt-testing.thedemoscene.com\/de\/sitemap\/","og_site_name":"The DemoScene","article_modified_time":"2020-03-30T09:38:29+00:00","twitter_card":"summary_large_image","twitter_misc":{"Gesch\u00e4tzte Lesezeit":"4 Minuten"},"schema":{"@context":"https:\/\/schema.org","@graph":[{"@type":"WebPage","@id":"https:\/\/mt-testing.thedemoscene.com\/de\/sitemap\/","url":"https:\/\/mt-testing.thedemoscene.com\/de\/sitemap\/","name":"Sitemap - The DemoScene","isPartOf":{"@id":"https:\/\/mt-testing.thedemoscene.com\/#website"},"datePublished":"2020-03-30T09:36:06+00:00","dateModified":"2020-03-30T09:38:29+00:00","breadcrumb":{"@id":"https:\/\/mt-testing.thedemoscene.com\/de\/sitemap\/#breadcrumb"},"inLanguage":"de-DE","potentialAction":[{"@type":"ReadAction","target":["https:\/\/mt-testing.thedemoscene.com\/de\/sitemap\/"]}]},{"@type":"BreadcrumbList","@id":"https:\/\/mt-testing.thedemoscene.com\/de\/sitemap\/#breadcrumb","itemListElement":[{"@type":"ListItem","position":1,"name":"Home","item":"https:\/\/mt-testing.thedemoscene.com\/de\/"},{"@type":"ListItem","position":2,"name":"Sitemap"}]},{"@type":"WebSite","@id":"https:\/\/mt-testing.thedemoscene.com\/#website","url":"https:\/\/mt-testing.thedemoscene.com\/","name":"The DemoScene","description":"Improves Your Demo","potentialAction":[{"@type":"SearchAction","target":{"@type":"EntryPoint","urlTemplate":"https:\/\/mt-testing.thedemoscene.com\/?s={search_term_string}"},"query-input":"required name=search_term_string"}],"inLanguage":"de-DE"}]}},"_links":{"self":[{"href":"https:\/\/mt-testing.thedemoscene.com\/de\/wp-json\/wp\/v2\/pages\/1640"}],"collection":[{"href":"https:\/\/mt-testing.thedemoscene.com\/de\/wp-json\/wp\/v2\/pages"}],"about":[{"href":"https:\/\/mt-testing.thedemoscene.com\/de\/wp-json\/wp\/v2\/types\/page"}],"author":[{"embeddable":true,"href":"https:\/\/mt-testing.thedemoscene.com\/de\/wp-json\/wp\/v2\/users\/1"}],"replies":[{"embeddable":true,"href":"https:\/\/mt-testing.thedemoscene.com\/de\/wp-json\/wp\/v2\/comments?post=1640"}],"version-history":[{"count":1,"href":"https:\/\/mt-testing.thedemoscene.com\/de\/wp-json\/wp\/v2\/pages\/1640\/revisions"}],"predecessor-version":[{"id":1642,"href":"https:\/\/mt-testing.thedemoscene.com\/de\/wp-json\/wp\/v2\/pages\/1640\/revisions\/1642"}],"wp:attachment":[{"href":"https:\/\/mt-testing.thedemoscene.com\/de\/wp-json\/wp\/v2\/media?parent=1640"}],"curies":[{"name":"wp","href":"https:\/\/api.w.org\/{rel}","templated":true}]}}