{"id":1351,"date":"2020-02-19T10:51:30","date_gmt":"2020-02-19T09:51:30","guid":{"rendered":"https:\/\/mt-testing.thedemoscene.com\/presentacion-de-demostracion\/"},"modified":"2020-03-30T11:58:07","modified_gmt":"2020-03-30T09:58:07","slug":"presentacion-de-demostracion","status":"publish","type":"page","link":"https:\/\/mt-testing.thedemoscene.com\/es\/presentacion-de-demostracion\/","title":{"rendered":"Presentaci\u00f3n de demostraci\u00f3n"},"content":{"rendered":"<p>Se le ha invitado a presentar su software a una perspectiva que no debe perderse. \u00a1Esto te da la oportunidad de vencer a la competencia! Necesitas que tu presentaci\u00f3n y demo sean perfectas. Su equipo debe ofrecer su mejor rendimiento, su mejor presentaci\u00f3n, y su demo debe ser de primera categor\u00eda. El contenido de la presentaci\u00f3n debe ser totalmente adaptado a la perspectiva, y la demostraci\u00f3n debe ser puntual. \u00a1D\u00e9janos ayudarte! Nuestro apoyo a los tratos aumenta sus posibilidades de ganar. Como forasteros, tenemos una mirada fresca y sin prejuicios a su presentaci\u00f3n y demostraci\u00f3n.<\/p>\n<p>En algunas reuniones (en el sitio o en l\u00ednea), te ayudaremos a..:<\/p>\n<ul>\n<li>Comprende los problemas\/objetivos de los clientes y trad\u00facelos en tu presentaci\u00f3n y demostraci\u00f3n.<\/li>\n<li>Establezca la estructura de la reuni\u00f3n racionalizando los diferentes elementos de su material de presentaci\u00f3n y el contenido de la demostraci\u00f3n.<\/li>\n<li>Prepare la demostraci\u00f3n definiendo y mejorando cada trozo de la misma para que tenga el m\u00e1ximo impacto.<\/li>\n<li>Mejora la presentaci\u00f3n y las habilidades de demostraci\u00f3n de tu equipo dando feedback en el simulacro.<\/li>\n<\/ul>\n","protected":false},"excerpt":{"rendered":"<p>Se le ha invitado a presentar su software a una perspectiva que no debe perderse. \u00a1Esto te da la oportunidad de vencer a la competencia! Necesitas que tu presentaci\u00f3n y demo sean perfectas. Su equipo debe ofrecer su mejor rendimiento, su mejor presentaci\u00f3n, y su demo debe ser de primera categor\u00eda. El contenido de la [&hellip;]<\/p>\n","protected":false},"author":1,"featured_media":0,"parent":0,"menu_order":0,"comment_status":"closed","ping_status":"closed","template":"","meta":{"_et_pb_use_builder":"","_et_pb_old_content":"","_et_gb_content_width":"","inline_featured_image":false},"yoast_head":"<!-- This site is optimized with the Yoast SEO plugin v19.5.1 - https:\/\/yoast.com\/wordpress\/plugins\/seo\/ -->\n<title>Presentaci\u00f3n de demostraci\u00f3n - The DemoScene - Mejore su presentaci\u00f3n de demostraci\u00f3n<\/title>\n<meta name=\"description\" content=\"Se le ha invitado a presentar su software a una perspectiva que no debe perderse. \u00a1Esto te da la oportunidad de vencer a la competencia!\" \/>\n<meta name=\"robots\" content=\"index, follow, max-snippet:-1, max-image-preview:large, max-video-preview:-1\" \/>\n<link rel=\"canonical\" href=\"https:\/\/mt-testing.thedemoscene.com\/es\/presentacion-de-demostracion\/\" \/>\n<meta property=\"og:locale\" content=\"es_ES\" \/>\n<meta property=\"og:type\" content=\"article\" \/>\n<meta property=\"og:title\" content=\"Presentaci\u00f3n de demostraci\u00f3n - The DemoScene - Mejore su presentaci\u00f3n de demostraci\u00f3n\" \/>\n<meta property=\"og:description\" content=\"Se le ha invitado a presentar su software a una perspectiva que no debe perderse. \u00a1Esto te da la oportunidad de vencer a la competencia!\" \/>\n<meta property=\"og:url\" content=\"https:\/\/mt-testing.thedemoscene.com\/es\/presentacion-de-demostracion\/\" \/>\n<meta property=\"og:site_name\" content=\"The DemoScene\" \/>\n<meta property=\"article:modified_time\" content=\"2020-03-30T09:58:07+00:00\" \/>\n<meta name=\"twitter:card\" content=\"summary_large_image\" \/>\n<meta name=\"twitter:label1\" content=\"Tiempo de lectura\" \/>\n\t<meta name=\"twitter:data1\" content=\"1 minuto\" \/>\n<script type=\"application\/ld+json\" class=\"yoast-schema-graph\">{\"@context\":\"https:\/\/schema.org\",\"@graph\":[{\"@type\":\"WebPage\",\"@id\":\"https:\/\/mt-testing.thedemoscene.com\/es\/presentacion-de-demostracion\/\",\"url\":\"https:\/\/mt-testing.thedemoscene.com\/es\/presentacion-de-demostracion\/\",\"name\":\"Presentaci\u00f3n de demostraci\u00f3n - The DemoScene - Mejore su presentaci\u00f3n de demostraci\u00f3n\",\"isPartOf\":{\"@id\":\"https:\/\/mt-testing.thedemoscene.com\/#website\"},\"datePublished\":\"2020-02-19T09:51:30+00:00\",\"dateModified\":\"2020-03-30T09:58:07+00:00\",\"description\":\"Se le ha invitado a presentar su software a una perspectiva que no debe perderse. \u00a1Esto te da la oportunidad de vencer a la competencia!\",\"breadcrumb\":{\"@id\":\"https:\/\/mt-testing.thedemoscene.com\/es\/presentacion-de-demostracion\/#breadcrumb\"},\"inLanguage\":\"es\",\"potentialAction\":[{\"@type\":\"ReadAction\",\"target\":[\"https:\/\/mt-testing.thedemoscene.com\/es\/presentacion-de-demostracion\/\"]}]},{\"@type\":\"BreadcrumbList\",\"@id\":\"https:\/\/mt-testing.thedemoscene.com\/es\/presentacion-de-demostracion\/#breadcrumb\",\"itemListElement\":[{\"@type\":\"ListItem\",\"position\":1,\"name\":\"Home\",\"item\":\"https:\/\/mt-testing.thedemoscene.com\/es\/\"},{\"@type\":\"ListItem\",\"position\":2,\"name\":\"Presentaci\u00f3n de demostraci\u00f3n\"}]},{\"@type\":\"WebSite\",\"@id\":\"https:\/\/mt-testing.thedemoscene.com\/#website\",\"url\":\"https:\/\/mt-testing.thedemoscene.com\/\",\"name\":\"The DemoScene\",\"description\":\"Improves Your Demo\",\"potentialAction\":[{\"@type\":\"SearchAction\",\"target\":{\"@type\":\"EntryPoint\",\"urlTemplate\":\"https:\/\/mt-testing.thedemoscene.com\/?s={search_term_string}\"},\"query-input\":\"required name=search_term_string\"}],\"inLanguage\":\"es\"}]}<\/script>\n<!-- \/ Yoast SEO plugin. -->","yoast_head_json":{"title":"Presentaci\u00f3n de demostraci\u00f3n - The DemoScene - Mejore su presentaci\u00f3n de demostraci\u00f3n","description":"Se le ha invitado a presentar su software a una perspectiva que no debe perderse. \u00a1Esto te da la oportunidad de vencer a la competencia!","robots":{"index":"index","follow":"follow","max-snippet":"max-snippet:-1","max-image-preview":"max-image-preview:large","max-video-preview":"max-video-preview:-1"},"canonical":"https:\/\/mt-testing.thedemoscene.com\/es\/presentacion-de-demostracion\/","og_locale":"es_ES","og_type":"article","og_title":"Presentaci\u00f3n de demostraci\u00f3n - The DemoScene - Mejore su presentaci\u00f3n de demostraci\u00f3n","og_description":"Se le ha invitado a presentar su software a una perspectiva que no debe perderse. \u00a1Esto te da la oportunidad de vencer a la competencia!","og_url":"https:\/\/mt-testing.thedemoscene.com\/es\/presentacion-de-demostracion\/","og_site_name":"The DemoScene","article_modified_time":"2020-03-30T09:58:07+00:00","twitter_card":"summary_large_image","twitter_misc":{"Tiempo de lectura":"1 minuto"},"schema":{"@context":"https:\/\/schema.org","@graph":[{"@type":"WebPage","@id":"https:\/\/mt-testing.thedemoscene.com\/es\/presentacion-de-demostracion\/","url":"https:\/\/mt-testing.thedemoscene.com\/es\/presentacion-de-demostracion\/","name":"Presentaci\u00f3n de demostraci\u00f3n - The DemoScene - Mejore su presentaci\u00f3n de demostraci\u00f3n","isPartOf":{"@id":"https:\/\/mt-testing.thedemoscene.com\/#website"},"datePublished":"2020-02-19T09:51:30+00:00","dateModified":"2020-03-30T09:58:07+00:00","description":"Se le ha invitado a presentar su software a una perspectiva que no debe perderse. \u00a1Esto te da la oportunidad de vencer a la competencia!","breadcrumb":{"@id":"https:\/\/mt-testing.thedemoscene.com\/es\/presentacion-de-demostracion\/#breadcrumb"},"inLanguage":"es","potentialAction":[{"@type":"ReadAction","target":["https:\/\/mt-testing.thedemoscene.com\/es\/presentacion-de-demostracion\/"]}]},{"@type":"BreadcrumbList","@id":"https:\/\/mt-testing.thedemoscene.com\/es\/presentacion-de-demostracion\/#breadcrumb","itemListElement":[{"@type":"ListItem","position":1,"name":"Home","item":"https:\/\/mt-testing.thedemoscene.com\/es\/"},{"@type":"ListItem","position":2,"name":"Presentaci\u00f3n de demostraci\u00f3n"}]},{"@type":"WebSite","@id":"https:\/\/mt-testing.thedemoscene.com\/#website","url":"https:\/\/mt-testing.thedemoscene.com\/","name":"The DemoScene","description":"Improves Your Demo","potentialAction":[{"@type":"SearchAction","target":{"@type":"EntryPoint","urlTemplate":"https:\/\/mt-testing.thedemoscene.com\/?s={search_term_string}"},"query-input":"required name=search_term_string"}],"inLanguage":"es"}]}},"_links":{"self":[{"href":"https:\/\/mt-testing.thedemoscene.com\/es\/wp-json\/wp\/v2\/pages\/1351"}],"collection":[{"href":"https:\/\/mt-testing.thedemoscene.com\/es\/wp-json\/wp\/v2\/pages"}],"about":[{"href":"https:\/\/mt-testing.thedemoscene.com\/es\/wp-json\/wp\/v2\/types\/page"}],"author":[{"embeddable":true,"href":"https:\/\/mt-testing.thedemoscene.com\/es\/wp-json\/wp\/v2\/users\/1"}],"replies":[{"embeddable":true,"href":"https:\/\/mt-testing.thedemoscene.com\/es\/wp-json\/wp\/v2\/comments?post=1351"}],"version-history":[{"count":1,"href":"https:\/\/mt-testing.thedemoscene.com\/es\/wp-json\/wp\/v2\/pages\/1351\/revisions"}],"predecessor-version":[{"id":1352,"href":"https:\/\/mt-testing.thedemoscene.com\/es\/wp-json\/wp\/v2\/pages\/1351\/revisions\/1352"}],"wp:attachment":[{"href":"https:\/\/mt-testing.thedemoscene.com\/es\/wp-json\/wp\/v2\/media?parent=1351"}],"curies":[{"name":"wp","href":"https:\/\/api.w.org\/{rel}","templated":true}]}}