{"id":1369,"date":"2020-02-19T11:18:06","date_gmt":"2020-02-19T10:18:06","guid":{"rendered":"https:\/\/mt-testing.thedemoscene.com\/demostracion-de-entrenamiento-2\/"},"modified":"2020-03-30T12:00:12","modified_gmt":"2020-03-30T10:00:12","slug":"demostracion-de-entrenamiento","status":"publish","type":"page","link":"https:\/\/mt-testing.thedemoscene.com\/es\/demostracion-de-entrenamiento\/","title":{"rendered":"Demostraci\u00f3n de entrenamiento"},"content":{"rendered":"<p>As\u00ed es como se ve un grupo satisfecho y confiado de consultores de pre-venta entrenados despu\u00e9s de dos d\u00edas intensos de entrenamiento de demostraci\u00f3n! El entrenamiento es impartido por Natasja Bax, quien claramente disfruta de lo que hace. Natasja: \u00abEl final de un entrenamiento de demostraci\u00f3n siempre es muy satisfactorio, ver a la gente entregar sus demos con m\u00e1s confianza y placer que, al final, resultar\u00e1 en m\u00e1s tratos\u00bb.<\/p>\n<p>En la formaci\u00f3n de demostraci\u00f3n, Ventas y preventas aprenden a crear y ofrecer demostraciones de software sorprendentemente eficaces haciendo primero lo \u00faltimo (utilizando la metodolog\u00eda Great Demo!). Los resultados de esta capacitaci\u00f3n de demostraci\u00f3n son demostrativos: aumento de la tasa de ganancia, reducci\u00f3n de la duraci\u00f3n del ciclo de ventas, reducci\u00f3n del costo de las ventas, mejora de las tasas de cierre en general, aumento del tama\u00f1o y la amplitud de los tratos, pero tambi\u00e9n mejores talleres de implementaci\u00f3n y aumento de los \u00e9xitos de los clientes.<\/p>\n<p>Entregamos entrenamientos espec\u00edficos de demostraci\u00f3n dise\u00f1ados para su equipo en su oficina. Esta formaci\u00f3n de demostraci\u00f3n se adaptar\u00eda completamente a usted de dos maneras; en primer lugar, la adaptamos a sus necesidades y a los requisitos del equipo y, en segundo lugar, adaptamos la formaci\u00f3n a su software y a su industria. Tambi\u00e9n ofrecemos entrenamientos de demostraci\u00f3n algunas veces al a\u00f1o como clases de inscripci\u00f3n abierta. Los entrenamientos p\u00fablicos de demostraci\u00f3n son excelentes oportunidades para individuos, grupos peque\u00f1os, o para compa\u00f1\u00edas y equipos que tienen nuevas contrataciones.<\/p>\n","protected":false},"excerpt":{"rendered":"<p>As\u00ed es como se ve un grupo satisfecho y confiado de consultores de pre-venta entrenados despu\u00e9s de dos d\u00edas intensos de entrenamiento de demostraci\u00f3n! El entrenamiento es impartido por Natasja Bax, quien claramente disfruta de lo que hace. Natasja: \u00abEl final de un entrenamiento de demostraci\u00f3n siempre es muy satisfactorio, ver a la gente entregar [&hellip;]<\/p>\n","protected":false},"author":1,"featured_media":0,"parent":0,"menu_order":0,"comment_status":"closed","ping_status":"closed","template":"","meta":{"_et_pb_use_builder":"","_et_pb_old_content":"","_et_gb_content_width":"","inline_featured_image":false},"yoast_head":"<!-- This site is optimized with the Yoast SEO plugin v19.5.1 - https:\/\/yoast.com\/wordpress\/plugins\/seo\/ -->\n<title>Demostraci\u00f3n de entrenamiento - The DemoScene - Mejore su entrenamiento de demostraci\u00f3n<\/title>\n<meta name=\"description\" content=\"As\u00ed es como se ve un grupo satisfecho y confiado de consultores de pre-venta entrenados despu\u00e9s de dos d\u00edas intensos de entrenamiento de demostraci\u00f3n!\" \/>\n<meta name=\"robots\" content=\"index, follow, max-snippet:-1, max-image-preview:large, max-video-preview:-1\" \/>\n<link rel=\"canonical\" href=\"https:\/\/mt-testing.thedemoscene.com\/es\/demostracion-de-entrenamiento\/\" \/>\n<meta property=\"og:locale\" content=\"es_ES\" \/>\n<meta property=\"og:type\" content=\"article\" \/>\n<meta property=\"og:title\" content=\"Demostraci\u00f3n de entrenamiento - The DemoScene - Mejore su entrenamiento de demostraci\u00f3n\" \/>\n<meta property=\"og:description\" content=\"As\u00ed es como se ve un grupo satisfecho y confiado de consultores de pre-venta entrenados despu\u00e9s de dos d\u00edas intensos de entrenamiento de demostraci\u00f3n!\" \/>\n<meta property=\"og:url\" content=\"https:\/\/mt-testing.thedemoscene.com\/es\/demostracion-de-entrenamiento\/\" \/>\n<meta property=\"og:site_name\" content=\"The DemoScene\" \/>\n<meta property=\"article:modified_time\" content=\"2020-03-30T10:00:12+00:00\" \/>\n<meta name=\"twitter:card\" content=\"summary_large_image\" \/>\n<meta name=\"twitter:label1\" content=\"Tiempo de lectura\" \/>\n\t<meta name=\"twitter:data1\" content=\"1 minuto\" \/>\n<script type=\"application\/ld+json\" class=\"yoast-schema-graph\">{\"@context\":\"https:\/\/schema.org\",\"@graph\":[{\"@type\":\"WebPage\",\"@id\":\"https:\/\/mt-testing.thedemoscene.com\/es\/demostracion-de-entrenamiento\/\",\"url\":\"https:\/\/mt-testing.thedemoscene.com\/es\/demostracion-de-entrenamiento\/\",\"name\":\"Demostraci\u00f3n de entrenamiento - The DemoScene - Mejore su entrenamiento de demostraci\u00f3n\",\"isPartOf\":{\"@id\":\"https:\/\/mt-testing.thedemoscene.com\/#website\"},\"datePublished\":\"2020-02-19T10:18:06+00:00\",\"dateModified\":\"2020-03-30T10:00:12+00:00\",\"description\":\"As\u00ed es como se ve un grupo satisfecho y confiado de consultores de pre-venta entrenados despu\u00e9s de dos d\u00edas intensos de entrenamiento de demostraci\u00f3n!\",\"breadcrumb\":{\"@id\":\"https:\/\/mt-testing.thedemoscene.com\/es\/demostracion-de-entrenamiento\/#breadcrumb\"},\"inLanguage\":\"es\",\"potentialAction\":[{\"@type\":\"ReadAction\",\"target\":[\"https:\/\/mt-testing.thedemoscene.com\/es\/demostracion-de-entrenamiento\/\"]}]},{\"@type\":\"BreadcrumbList\",\"@id\":\"https:\/\/mt-testing.thedemoscene.com\/es\/demostracion-de-entrenamiento\/#breadcrumb\",\"itemListElement\":[{\"@type\":\"ListItem\",\"position\":1,\"name\":\"Home\",\"item\":\"https:\/\/mt-testing.thedemoscene.com\/es\/\"},{\"@type\":\"ListItem\",\"position\":2,\"name\":\"Demostraci\u00f3n de entrenamiento\"}]},{\"@type\":\"WebSite\",\"@id\":\"https:\/\/mt-testing.thedemoscene.com\/#website\",\"url\":\"https:\/\/mt-testing.thedemoscene.com\/\",\"name\":\"The DemoScene\",\"description\":\"Improves Your Demo\",\"potentialAction\":[{\"@type\":\"SearchAction\",\"target\":{\"@type\":\"EntryPoint\",\"urlTemplate\":\"https:\/\/mt-testing.thedemoscene.com\/?s={search_term_string}\"},\"query-input\":\"required name=search_term_string\"}],\"inLanguage\":\"es\"}]}<\/script>\n<!-- \/ Yoast SEO plugin. -->","yoast_head_json":{"title":"Demostraci\u00f3n de entrenamiento - The DemoScene - Mejore su entrenamiento de demostraci\u00f3n","description":"As\u00ed es como se ve un grupo satisfecho y confiado de consultores de pre-venta entrenados despu\u00e9s de dos d\u00edas intensos de entrenamiento de demostraci\u00f3n!","robots":{"index":"index","follow":"follow","max-snippet":"max-snippet:-1","max-image-preview":"max-image-preview:large","max-video-preview":"max-video-preview:-1"},"canonical":"https:\/\/mt-testing.thedemoscene.com\/es\/demostracion-de-entrenamiento\/","og_locale":"es_ES","og_type":"article","og_title":"Demostraci\u00f3n de entrenamiento - The DemoScene - Mejore su entrenamiento de demostraci\u00f3n","og_description":"As\u00ed es como se ve un grupo satisfecho y confiado de consultores de pre-venta entrenados despu\u00e9s de dos d\u00edas intensos de entrenamiento de demostraci\u00f3n!","og_url":"https:\/\/mt-testing.thedemoscene.com\/es\/demostracion-de-entrenamiento\/","og_site_name":"The DemoScene","article_modified_time":"2020-03-30T10:00:12+00:00","twitter_card":"summary_large_image","twitter_misc":{"Tiempo de lectura":"1 minuto"},"schema":{"@context":"https:\/\/schema.org","@graph":[{"@type":"WebPage","@id":"https:\/\/mt-testing.thedemoscene.com\/es\/demostracion-de-entrenamiento\/","url":"https:\/\/mt-testing.thedemoscene.com\/es\/demostracion-de-entrenamiento\/","name":"Demostraci\u00f3n de entrenamiento - The DemoScene - Mejore su entrenamiento de demostraci\u00f3n","isPartOf":{"@id":"https:\/\/mt-testing.thedemoscene.com\/#website"},"datePublished":"2020-02-19T10:18:06+00:00","dateModified":"2020-03-30T10:00:12+00:00","description":"As\u00ed es como se ve un grupo satisfecho y confiado de consultores de pre-venta entrenados despu\u00e9s de dos d\u00edas intensos de entrenamiento de demostraci\u00f3n!","breadcrumb":{"@id":"https:\/\/mt-testing.thedemoscene.com\/es\/demostracion-de-entrenamiento\/#breadcrumb"},"inLanguage":"es","potentialAction":[{"@type":"ReadAction","target":["https:\/\/mt-testing.thedemoscene.com\/es\/demostracion-de-entrenamiento\/"]}]},{"@type":"BreadcrumbList","@id":"https:\/\/mt-testing.thedemoscene.com\/es\/demostracion-de-entrenamiento\/#breadcrumb","itemListElement":[{"@type":"ListItem","position":1,"name":"Home","item":"https:\/\/mt-testing.thedemoscene.com\/es\/"},{"@type":"ListItem","position":2,"name":"Demostraci\u00f3n de entrenamiento"}]},{"@type":"WebSite","@id":"https:\/\/mt-testing.thedemoscene.com\/#website","url":"https:\/\/mt-testing.thedemoscene.com\/","name":"The DemoScene","description":"Improves Your Demo","potentialAction":[{"@type":"SearchAction","target":{"@type":"EntryPoint","urlTemplate":"https:\/\/mt-testing.thedemoscene.com\/?s={search_term_string}"},"query-input":"required name=search_term_string"}],"inLanguage":"es"}]}},"_links":{"self":[{"href":"https:\/\/mt-testing.thedemoscene.com\/es\/wp-json\/wp\/v2\/pages\/1369"}],"collection":[{"href":"https:\/\/mt-testing.thedemoscene.com\/es\/wp-json\/wp\/v2\/pages"}],"about":[{"href":"https:\/\/mt-testing.thedemoscene.com\/es\/wp-json\/wp\/v2\/types\/page"}],"author":[{"embeddable":true,"href":"https:\/\/mt-testing.thedemoscene.com\/es\/wp-json\/wp\/v2\/users\/1"}],"replies":[{"embeddable":true,"href":"https:\/\/mt-testing.thedemoscene.com\/es\/wp-json\/wp\/v2\/comments?post=1369"}],"version-history":[{"count":1,"href":"https:\/\/mt-testing.thedemoscene.com\/es\/wp-json\/wp\/v2\/pages\/1369\/revisions"}],"predecessor-version":[{"id":1567,"href":"https:\/\/mt-testing.thedemoscene.com\/es\/wp-json\/wp\/v2\/pages\/1369\/revisions\/1567"}],"wp:attachment":[{"href":"https:\/\/mt-testing.thedemoscene.com\/es\/wp-json\/wp\/v2\/media?parent=1369"}],"curies":[{"name":"wp","href":"https:\/\/api.w.org\/{rel}","templated":true}]}}