{"id":1374,"date":"2020-02-19T11:19:59","date_gmt":"2020-02-19T10:19:59","guid":{"rendered":"https:\/\/mt-testing.thedemoscene.com\/entrenamiento-individual\/"},"modified":"2020-03-30T12:01:46","modified_gmt":"2020-03-30T10:01:46","slug":"entrenamiento-individual","status":"publish","type":"page","link":"https:\/\/mt-testing.thedemoscene.com\/es\/entrenamiento-individual\/","title":{"rendered":"Entrenamiento individual"},"content":{"rendered":"<p>A menudo se nos pide que proporcionemos apoyo en el desarrollo de guiones de demostraci\u00f3n, la mejora de las presentaciones de software, la creaci\u00f3n de presentaciones de empresa y mensajes clave, la mejora de las habilidades de comunicaci\u00f3n, el manejo de las preguntas del p\u00fablico, y mucho m\u00e1s. Afortunadamente, el entrenamiento individual puede hacerse a distancia, lo que lo hace m\u00e1s conveniente. Estamos deseando saber de usted acerca de su pr\u00f3ximo paso!<\/p>\n","protected":false},"excerpt":{"rendered":"<p>A menudo se nos pide que proporcionemos apoyo en el desarrollo de guiones de demostraci\u00f3n, la mejora de las presentaciones de software, la creaci\u00f3n de presentaciones de empresa y mensajes clave, la mejora de las habilidades de comunicaci\u00f3n, el manejo de las preguntas del p\u00fablico, y mucho m\u00e1s. Afortunadamente, el entrenamiento individual puede hacerse a [&hellip;]<\/p>\n","protected":false},"author":1,"featured_media":0,"parent":0,"menu_order":0,"comment_status":"closed","ping_status":"closed","template":"","meta":{"_et_pb_use_builder":"","_et_pb_old_content":"","_et_gb_content_width":"","inline_featured_image":false},"yoast_head":"<!-- This site is optimized with the Yoast SEO plugin v19.5.1 - https:\/\/yoast.com\/wordpress\/plugins\/seo\/ -->\n<title>Entrenamiento individual - The DemoScene - Mejore su presentaci\u00f3n<\/title>\n<meta name=\"description\" content=\"A menudo se nos pide apoyo para desarrollar guiones de demostraci\u00f3n, mejorar las presentaciones de software, crear presentaciones de empresa y muchas otras cosas.\" \/>\n<meta name=\"robots\" content=\"index, follow, max-snippet:-1, max-image-preview:large, max-video-preview:-1\" \/>\n<link rel=\"canonical\" href=\"https:\/\/mt-testing.thedemoscene.com\/es\/entrenamiento-individual\/\" \/>\n<meta property=\"og:locale\" content=\"es_ES\" \/>\n<meta property=\"og:type\" content=\"article\" \/>\n<meta property=\"og:title\" content=\"Entrenamiento individual - The DemoScene - Mejore su presentaci\u00f3n\" \/>\n<meta property=\"og:description\" content=\"A menudo se nos pide apoyo para desarrollar guiones de demostraci\u00f3n, mejorar las presentaciones de software, crear presentaciones de empresa y muchas otras cosas.\" \/>\n<meta property=\"og:url\" content=\"https:\/\/mt-testing.thedemoscene.com\/es\/entrenamiento-individual\/\" \/>\n<meta property=\"og:site_name\" content=\"The DemoScene\" \/>\n<meta property=\"article:modified_time\" content=\"2020-03-30T10:01:46+00:00\" \/>\n<meta name=\"twitter:card\" content=\"summary_large_image\" \/>\n<script type=\"application\/ld+json\" class=\"yoast-schema-graph\">{\"@context\":\"https:\/\/schema.org\",\"@graph\":[{\"@type\":\"WebPage\",\"@id\":\"https:\/\/mt-testing.thedemoscene.com\/es\/entrenamiento-individual\/\",\"url\":\"https:\/\/mt-testing.thedemoscene.com\/es\/entrenamiento-individual\/\",\"name\":\"Entrenamiento individual - The DemoScene - Mejore su presentaci\u00f3n\",\"isPartOf\":{\"@id\":\"https:\/\/mt-testing.thedemoscene.com\/#website\"},\"datePublished\":\"2020-02-19T10:19:59+00:00\",\"dateModified\":\"2020-03-30T10:01:46+00:00\",\"description\":\"A menudo se nos pide apoyo para desarrollar guiones de demostraci\u00f3n, mejorar las presentaciones de software, crear presentaciones de empresa y muchas otras cosas.\",\"breadcrumb\":{\"@id\":\"https:\/\/mt-testing.thedemoscene.com\/es\/entrenamiento-individual\/#breadcrumb\"},\"inLanguage\":\"es\",\"potentialAction\":[{\"@type\":\"ReadAction\",\"target\":[\"https:\/\/mt-testing.thedemoscene.com\/es\/entrenamiento-individual\/\"]}]},{\"@type\":\"BreadcrumbList\",\"@id\":\"https:\/\/mt-testing.thedemoscene.com\/es\/entrenamiento-individual\/#breadcrumb\",\"itemListElement\":[{\"@type\":\"ListItem\",\"position\":1,\"name\":\"Home\",\"item\":\"https:\/\/mt-testing.thedemoscene.com\/es\/\"},{\"@type\":\"ListItem\",\"position\":2,\"name\":\"Entrenamiento individual\"}]},{\"@type\":\"WebSite\",\"@id\":\"https:\/\/mt-testing.thedemoscene.com\/#website\",\"url\":\"https:\/\/mt-testing.thedemoscene.com\/\",\"name\":\"The DemoScene\",\"description\":\"Improves Your Demo\",\"potentialAction\":[{\"@type\":\"SearchAction\",\"target\":{\"@type\":\"EntryPoint\",\"urlTemplate\":\"https:\/\/mt-testing.thedemoscene.com\/?s={search_term_string}\"},\"query-input\":\"required name=search_term_string\"}],\"inLanguage\":\"es\"}]}<\/script>\n<!-- \/ Yoast SEO plugin. -->","yoast_head_json":{"title":"Entrenamiento individual - The DemoScene - Mejore su presentaci\u00f3n","description":"A menudo se nos pide apoyo para desarrollar guiones de demostraci\u00f3n, mejorar las presentaciones de software, crear presentaciones de empresa y muchas otras cosas.","robots":{"index":"index","follow":"follow","max-snippet":"max-snippet:-1","max-image-preview":"max-image-preview:large","max-video-preview":"max-video-preview:-1"},"canonical":"https:\/\/mt-testing.thedemoscene.com\/es\/entrenamiento-individual\/","og_locale":"es_ES","og_type":"article","og_title":"Entrenamiento individual - The DemoScene - Mejore su presentaci\u00f3n","og_description":"A menudo se nos pide apoyo para desarrollar guiones de demostraci\u00f3n, mejorar las presentaciones de software, crear presentaciones de empresa y muchas otras cosas.","og_url":"https:\/\/mt-testing.thedemoscene.com\/es\/entrenamiento-individual\/","og_site_name":"The DemoScene","article_modified_time":"2020-03-30T10:01:46+00:00","twitter_card":"summary_large_image","schema":{"@context":"https:\/\/schema.org","@graph":[{"@type":"WebPage","@id":"https:\/\/mt-testing.thedemoscene.com\/es\/entrenamiento-individual\/","url":"https:\/\/mt-testing.thedemoscene.com\/es\/entrenamiento-individual\/","name":"Entrenamiento individual - The DemoScene - Mejore su presentaci\u00f3n","isPartOf":{"@id":"https:\/\/mt-testing.thedemoscene.com\/#website"},"datePublished":"2020-02-19T10:19:59+00:00","dateModified":"2020-03-30T10:01:46+00:00","description":"A menudo se nos pide apoyo para desarrollar guiones de demostraci\u00f3n, mejorar las presentaciones de software, crear presentaciones de empresa y muchas otras cosas.","breadcrumb":{"@id":"https:\/\/mt-testing.thedemoscene.com\/es\/entrenamiento-individual\/#breadcrumb"},"inLanguage":"es","potentialAction":[{"@type":"ReadAction","target":["https:\/\/mt-testing.thedemoscene.com\/es\/entrenamiento-individual\/"]}]},{"@type":"BreadcrumbList","@id":"https:\/\/mt-testing.thedemoscene.com\/es\/entrenamiento-individual\/#breadcrumb","itemListElement":[{"@type":"ListItem","position":1,"name":"Home","item":"https:\/\/mt-testing.thedemoscene.com\/es\/"},{"@type":"ListItem","position":2,"name":"Entrenamiento individual"}]},{"@type":"WebSite","@id":"https:\/\/mt-testing.thedemoscene.com\/#website","url":"https:\/\/mt-testing.thedemoscene.com\/","name":"The DemoScene","description":"Improves Your Demo","potentialAction":[{"@type":"SearchAction","target":{"@type":"EntryPoint","urlTemplate":"https:\/\/mt-testing.thedemoscene.com\/?s={search_term_string}"},"query-input":"required name=search_term_string"}],"inLanguage":"es"}]}},"_links":{"self":[{"href":"https:\/\/mt-testing.thedemoscene.com\/es\/wp-json\/wp\/v2\/pages\/1374"}],"collection":[{"href":"https:\/\/mt-testing.thedemoscene.com\/es\/wp-json\/wp\/v2\/pages"}],"about":[{"href":"https:\/\/mt-testing.thedemoscene.com\/es\/wp-json\/wp\/v2\/types\/page"}],"author":[{"embeddable":true,"href":"https:\/\/mt-testing.thedemoscene.com\/es\/wp-json\/wp\/v2\/users\/1"}],"replies":[{"embeddable":true,"href":"https:\/\/mt-testing.thedemoscene.com\/es\/wp-json\/wp\/v2\/comments?post=1374"}],"version-history":[{"count":1,"href":"https:\/\/mt-testing.thedemoscene.com\/es\/wp-json\/wp\/v2\/pages\/1374\/revisions"}],"predecessor-version":[{"id":1664,"href":"https:\/\/mt-testing.thedemoscene.com\/es\/wp-json\/wp\/v2\/pages\/1374\/revisions\/1664"}],"wp:attachment":[{"href":"https:\/\/mt-testing.thedemoscene.com\/es\/wp-json\/wp\/v2\/media?parent=1374"}],"curies":[{"name":"wp","href":"https:\/\/api.w.org\/{rel}","templated":true}]}}