{"id":1380,"date":"2020-02-19T11:27:05","date_gmt":"2020-02-19T10:27:05","guid":{"rendered":"https:\/\/mt-testing.thedemoscene.com\/presales-demo\/"},"modified":"2020-03-30T12:02:14","modified_gmt":"2020-03-30T10:02:14","slug":"presales-demo","status":"publish","type":"page","link":"https:\/\/mt-testing.thedemoscene.com\/es\/presales-demo\/","title":{"rendered":"Presales Demo"},"content":{"rendered":"<p>\u00a1Este es un consultor de preventa entregando su Gran Demo! durante la Gran Demo! Taller. Primero, el asesor de preventa revisa la situaci\u00f3n del cliente y comprueba si entiende todo correctamente con el cliente. De esta manera, todo el mundo tiene claro lo que el cliente est\u00e1 tratando de resolver. El consultor de preventa presenta entonces una ilustraci\u00f3n de ese resultado final por adelantado, antes incluso de tocar el software de la demostraci\u00f3n para que el cliente vea inmediatamente a d\u00f3nde va esto. Si resuena en el cliente, el consultor de preventa comenzar\u00e1 su demostraci\u00f3n. El primer paso para el consultor de preventa en su demo es demostrar que el software es f\u00e1cil de usar y es intuitivo. Lo hace entrando en el software y demostrando c\u00f3mo llega a ese resultado final con el menor n\u00famero de clics. A continuaci\u00f3n, el consultor de preventa contin\u00faa su demostraci\u00f3n conversando con el cliente y respondiendo a sus preguntas en lugar de entregarle una manguera de funciones y caracter\u00edsticas. Finalmente, el asesor de preventa hace un resumen de los aspectos m\u00e1s importantes de la demostraci\u00f3n para que el cliente retenga y recuerde las ideas clave que quiere que el cliente recuerde.<\/p>\n<p>\u00bfQu\u00e9 ha hecho el consultor de preventa en su demo en comparaci\u00f3n con una demo tradicional? Lo puso al rev\u00e9s y lo encript\u00f3.<\/p>\n","protected":false},"excerpt":{"rendered":"<p>\u00a1Este es un consultor de preventa entregando su Gran Demo! durante la Gran Demo! Taller. Primero, el asesor de preventa revisa la situaci\u00f3n del cliente y comprueba si entiende todo correctamente con el cliente. De esta manera, todo el mundo tiene claro lo que el cliente est\u00e1 tratando de resolver. El consultor de preventa presenta [&hellip;]<\/p>\n","protected":false},"author":1,"featured_media":0,"parent":0,"menu_order":0,"comment_status":"closed","ping_status":"closed","template":"","meta":{"_et_pb_use_builder":"","_et_pb_old_content":"","_et_gb_content_width":"","inline_featured_image":false},"yoast_head":"<!-- This site is optimized with the Yoast SEO plugin v19.5.1 - https:\/\/yoast.com\/wordpress\/plugins\/seo\/ -->\n<title>Presales Demo - The DemoScene - Mejore su Demo de Preventa<\/title>\n<meta name=\"description\" content=\"\u00a1Este es un consultor de preventa entregando su Gran Demo! durante la Gran Demo! Taller. Primero, el consultor de preventa revisa la situaci\u00f3n del cliente.\" \/>\n<meta name=\"robots\" content=\"index, follow, max-snippet:-1, max-image-preview:large, max-video-preview:-1\" \/>\n<link rel=\"canonical\" href=\"https:\/\/mt-testing.thedemoscene.com\/es\/presales-demo\/\" \/>\n<meta property=\"og:locale\" content=\"es_ES\" \/>\n<meta property=\"og:type\" content=\"article\" \/>\n<meta property=\"og:title\" content=\"Presales Demo - The DemoScene - Mejore su Demo de Preventa\" \/>\n<meta property=\"og:description\" content=\"\u00a1Este es un consultor de preventa entregando su Gran Demo! durante la Gran Demo! Taller. Primero, el consultor de preventa revisa la situaci\u00f3n del cliente.\" \/>\n<meta property=\"og:url\" content=\"https:\/\/mt-testing.thedemoscene.com\/es\/presales-demo\/\" \/>\n<meta property=\"og:site_name\" content=\"The DemoScene\" \/>\n<meta property=\"article:modified_time\" content=\"2020-03-30T10:02:14+00:00\" \/>\n<meta name=\"twitter:card\" content=\"summary_large_image\" \/>\n<meta name=\"twitter:label1\" content=\"Tiempo de lectura\" \/>\n\t<meta name=\"twitter:data1\" content=\"1 minuto\" \/>\n<script type=\"application\/ld+json\" class=\"yoast-schema-graph\">{\"@context\":\"https:\/\/schema.org\",\"@graph\":[{\"@type\":\"WebPage\",\"@id\":\"https:\/\/mt-testing.thedemoscene.com\/es\/presales-demo\/\",\"url\":\"https:\/\/mt-testing.thedemoscene.com\/es\/presales-demo\/\",\"name\":\"Presales Demo - The DemoScene - Mejore su Demo de Preventa\",\"isPartOf\":{\"@id\":\"https:\/\/mt-testing.thedemoscene.com\/#website\"},\"datePublished\":\"2020-02-19T10:27:05+00:00\",\"dateModified\":\"2020-03-30T10:02:14+00:00\",\"description\":\"\u00a1Este es un consultor de preventa entregando su Gran Demo! durante la Gran Demo! Taller. Primero, el consultor de preventa revisa la situaci\u00f3n del cliente.\",\"breadcrumb\":{\"@id\":\"https:\/\/mt-testing.thedemoscene.com\/es\/presales-demo\/#breadcrumb\"},\"inLanguage\":\"es\",\"potentialAction\":[{\"@type\":\"ReadAction\",\"target\":[\"https:\/\/mt-testing.thedemoscene.com\/es\/presales-demo\/\"]}]},{\"@type\":\"BreadcrumbList\",\"@id\":\"https:\/\/mt-testing.thedemoscene.com\/es\/presales-demo\/#breadcrumb\",\"itemListElement\":[{\"@type\":\"ListItem\",\"position\":1,\"name\":\"Home\",\"item\":\"https:\/\/mt-testing.thedemoscene.com\/es\/\"},{\"@type\":\"ListItem\",\"position\":2,\"name\":\"Presales Demo\"}]},{\"@type\":\"WebSite\",\"@id\":\"https:\/\/mt-testing.thedemoscene.com\/#website\",\"url\":\"https:\/\/mt-testing.thedemoscene.com\/\",\"name\":\"The DemoScene\",\"description\":\"Improves Your Demo\",\"potentialAction\":[{\"@type\":\"SearchAction\",\"target\":{\"@type\":\"EntryPoint\",\"urlTemplate\":\"https:\/\/mt-testing.thedemoscene.com\/?s={search_term_string}\"},\"query-input\":\"required name=search_term_string\"}],\"inLanguage\":\"es\"}]}<\/script>\n<!-- \/ Yoast SEO plugin. -->","yoast_head_json":{"title":"Presales Demo - The DemoScene - Mejore su Demo de Preventa","description":"\u00a1Este es un consultor de preventa entregando su Gran Demo! durante la Gran Demo! Taller. Primero, el consultor de preventa revisa la situaci\u00f3n del cliente.","robots":{"index":"index","follow":"follow","max-snippet":"max-snippet:-1","max-image-preview":"max-image-preview:large","max-video-preview":"max-video-preview:-1"},"canonical":"https:\/\/mt-testing.thedemoscene.com\/es\/presales-demo\/","og_locale":"es_ES","og_type":"article","og_title":"Presales Demo - The DemoScene - Mejore su Demo de Preventa","og_description":"\u00a1Este es un consultor de preventa entregando su Gran Demo! durante la Gran Demo! Taller. Primero, el consultor de preventa revisa la situaci\u00f3n del cliente.","og_url":"https:\/\/mt-testing.thedemoscene.com\/es\/presales-demo\/","og_site_name":"The DemoScene","article_modified_time":"2020-03-30T10:02:14+00:00","twitter_card":"summary_large_image","twitter_misc":{"Tiempo de lectura":"1 minuto"},"schema":{"@context":"https:\/\/schema.org","@graph":[{"@type":"WebPage","@id":"https:\/\/mt-testing.thedemoscene.com\/es\/presales-demo\/","url":"https:\/\/mt-testing.thedemoscene.com\/es\/presales-demo\/","name":"Presales Demo - The DemoScene - Mejore su Demo de Preventa","isPartOf":{"@id":"https:\/\/mt-testing.thedemoscene.com\/#website"},"datePublished":"2020-02-19T10:27:05+00:00","dateModified":"2020-03-30T10:02:14+00:00","description":"\u00a1Este es un consultor de preventa entregando su Gran Demo! durante la Gran Demo! Taller. Primero, el consultor de preventa revisa la situaci\u00f3n del cliente.","breadcrumb":{"@id":"https:\/\/mt-testing.thedemoscene.com\/es\/presales-demo\/#breadcrumb"},"inLanguage":"es","potentialAction":[{"@type":"ReadAction","target":["https:\/\/mt-testing.thedemoscene.com\/es\/presales-demo\/"]}]},{"@type":"BreadcrumbList","@id":"https:\/\/mt-testing.thedemoscene.com\/es\/presales-demo\/#breadcrumb","itemListElement":[{"@type":"ListItem","position":1,"name":"Home","item":"https:\/\/mt-testing.thedemoscene.com\/es\/"},{"@type":"ListItem","position":2,"name":"Presales Demo"}]},{"@type":"WebSite","@id":"https:\/\/mt-testing.thedemoscene.com\/#website","url":"https:\/\/mt-testing.thedemoscene.com\/","name":"The DemoScene","description":"Improves Your Demo","potentialAction":[{"@type":"SearchAction","target":{"@type":"EntryPoint","urlTemplate":"https:\/\/mt-testing.thedemoscene.com\/?s={search_term_string}"},"query-input":"required name=search_term_string"}],"inLanguage":"es"}]}},"_links":{"self":[{"href":"https:\/\/mt-testing.thedemoscene.com\/es\/wp-json\/wp\/v2\/pages\/1380"}],"collection":[{"href":"https:\/\/mt-testing.thedemoscene.com\/es\/wp-json\/wp\/v2\/pages"}],"about":[{"href":"https:\/\/mt-testing.thedemoscene.com\/es\/wp-json\/wp\/v2\/types\/page"}],"author":[{"embeddable":true,"href":"https:\/\/mt-testing.thedemoscene.com\/es\/wp-json\/wp\/v2\/users\/1"}],"replies":[{"embeddable":true,"href":"https:\/\/mt-testing.thedemoscene.com\/es\/wp-json\/wp\/v2\/comments?post=1380"}],"version-history":[{"count":1,"href":"https:\/\/mt-testing.thedemoscene.com\/es\/wp-json\/wp\/v2\/pages\/1380\/revisions"}],"predecessor-version":[{"id":1381,"href":"https:\/\/mt-testing.thedemoscene.com\/es\/wp-json\/wp\/v2\/pages\/1380\/revisions\/1381"}],"wp:attachment":[{"href":"https:\/\/mt-testing.thedemoscene.com\/es\/wp-json\/wp\/v2\/media?parent=1380"}],"curies":[{"name":"wp","href":"https:\/\/api.w.org\/{rel}","templated":true}]}}