{"id":1386,"date":"2020-02-19T11:41:22","date_gmt":"2020-02-19T10:41:22","guid":{"rendered":"https:\/\/mt-testing.thedemoscene.com\/entrenamiento-de-preventa\/"},"modified":"2020-03-30T12:02:53","modified_gmt":"2020-03-30T10:02:53","slug":"entrenamiento-de-preventa","status":"publish","type":"page","link":"https:\/\/mt-testing.thedemoscene.com\/es\/entrenamiento-de-preventa\/","title":{"rendered":"Entrenamiento de preventa"},"content":{"rendered":"<p>[et_pb_section fb_built=\u00bb1&#8243; _builder_version=\u00bb4.2.2&#8243; custom_padding=\u00bb29px|0px|0px|0px|false|false\u00bb][et_pb_row _builder_version=\u00bb4.2.2&#8243; background_size=\u00bbinitial\u00bb background_position=\u00bbtop_left\u00bb background_repeat=\u00bbrepeat\u00bb width=\u00bb100%\u00bb custom_padding=\u00bb0|0px|27px|0px|false|false\u00bb custom_width_px=\u00bb1280px\u00bb][et_pb_column type=\u00bb4_4&#8243; _builder_version=\u00bb3.25&#8243; custom_padding=\u00bb|||\u00bb custom_padding__hover=\u00bb|||\u00bb][et_pb_text _builder_version=\u00bb4.2.2&#8243; text_font=\u00bbMontserrat|300|||||||\u00bb text_font_size=\u00bb16px\u00bb text_line_height=\u00bb2em\u00bb header_font=\u00bb||||||||\u00bb header_2_font=\u00bb||||||||\u00bb header_2_font_size=\u00bb36px\u00bb header_2_line_height=\u00bb1.4em\u00bb header_3_font=\u00bb||||||||\u00bb header_2_font_size_tablet=\u00bb30px\u00bb header_2_font_size_phone=\u00bb24px\u00bb header_2_font_size_last_edited=\u00bbon|phone\u00bb header_3_font_size_tablet=\u00bb\u00bb header_3_font_size_phone=\u00bb18px\u00bb header_3_font_size_last_edited=\u00bbon|phone\u00bb locked=\u00bboff\u00bb]<\/p>\n<p>En el mundo de hoy, los consultores de preventa son m\u00e1s que simples expertos en productos; son visionarios que son l\u00edderes del mercado en TI y negocios; y lo que es m\u00e1s importante, son l\u00edderes de pensamiento y asesores de confianza. De esto se trata Presales 3.0, y es el foco de nuestro Programa de Liderazgo de Presales.<\/p>\n<p>Este programa consta de tres m\u00f3dulos, que pueden ser entregados por separado o juntos. <em style=\"font-size: 16px;\">Los mejores resultados se consiguen cuando entrenas a todo tu equipo.<\/em><\/p>\n<p>[\/et_pb_text][et_pb_text _builder_version=\u00bb3.27.4&#8243; text_font=\u00bbMontserrat|300|||||||\u00bb text_font_size=\u00bb16px\u00bb text_line_height=\u00bb2em\u00bb header_font=\u00bb||||||||\u00bb header_2_font=\u00bb||||||||\u00bb header_2_font_size=\u00bb36px\u00bb header_2_line_height=\u00bb1.4em\u00bb header_3_font=\u00bb||||||||\u00bb header_2_font_size_tablet=\u00bb30px\u00bb header_2_font_size_phone=\u00bb24px\u00bb header_2_font_size_last_edited=\u00bbon|phone\u00bb header_3_font_size_tablet=\u00bb\u00bb header_3_font_size_phone=\u00bb18px\u00bb header_3_font_size_last_edited=\u00bbon|phone\u00bb locked=\u00bboff\u00bb]<\/p>\n<h2><\/h2>\n<h3>Presales modules<\/h3>\n<p><em style=\"font-size: 16px;\"><\/em><\/p>\n<p>[\/et_pb_text][et_pb_accordion open_toggle_background_color=\u00bb#ffffff\u00bb closed_toggle_text_color=\u00bb#333333&#8243; closed_toggle_background_color=\u00bb#ffffff\u00bb _builder_version=\u00bb3.18.9&#8243; toggle_font=\u00bb|600|||||||\u00bb toggle_font_size=\u00bb18px\u00bb toggle_line_height=\u00bb1.6em\u00bb body_font=\u00bb||||||||\u00bb body_font_size=\u00bb15px\u00bb body_line_height=\u00bb2em\u00bb animation_style=\u00bbzoom\u00bb animation_intensity_zoom=\u00bb2%\u00bb toggle_font_size_tablet=\u00bb\u00bb toggle_font_size_phone=\u00bb15px\u00bb toggle_font_size_last_edited=\u00bbon|phone\u00bb body_line_height_tablet=\u00bb\u00bb body_line_height_phone=\u00bb1.6em\u00bb body_line_height_last_edited=\u00bbon|phone\u00bb border_radii=\u00bbon|12px|12px|12px|12px\u00bb border_width_all=\u00bb0px\u00bb box_shadow_style=\u00bbpreset1&#8243; box_shadow_vertical=\u00bb10px\u00bb box_shadow_blur=\u00bb60px\u00bb box_shadow_color=\u00bbrgba(15,19,25,0.1)\u00bb][et_pb_accordion_item title=\u00bbBeing Followers to Becoming Leaders:\u00bb open=\u00bbon\u00bb _builder_version=\u00bb3.18.9&#8243; custom_padding=\u00bb30px|30px|30px|30px|true|true\u00bb]<\/p>\n<p><strong>Te volver\u00e1s (m\u00e1s) pro-activo, te apropiar\u00e1s y desafiar\u00e1s a tus colegas de ventas.<\/strong><\/p>\n<p>Si un compa\u00f1ero de ventas solicita una presentaci\u00f3n o una demostraci\u00f3n para un cliente, el consultor de preventa pide el objetivo de la reuni\u00f3n del cliente. Junto con su colega de ventas, establecen la fase del proceso de compra del cliente para determinar si una presentaci\u00f3n o una demostraci\u00f3n es la acci\u00f3n correcta a tomar. Si no, determinan conjuntamente el mejor paso a seguir para lograr los mejores resultados de ventas.<\/p>\n<p>[\/et_pb_accordion_item][et_pb_accordion_item title=\u00bbCommunication Functions to Conveying a Strong Vision:\u00bb _builder_version=\u00bb3.18.9&#8243; custom_padding=\u00bb30px|30px|30px|30px|true|true\u00bb open=\u00bboff\u00bb]<\/p>\n<p><strong>Se convertir\u00e1n en L\u00edderes de Pensamiento y Consejeros de Confianza.<\/strong><\/p>\n<p>Cuando un cliente solicita una presentaci\u00f3n, \u00bfrealmente est\u00e1 interesado en todas las caracter\u00edsticas y funciones de su soluci\u00f3n? No, esta vez se ha ido hace mucho tiempo. Los clientes de hoy en d\u00eda buscan sparrings con una visi\u00f3n clara de su campo profesional. Las reuniones de hoy necesitan asesores que puedan empatizar con sus clientes y prospectos y desarrollar una visi\u00f3n a largo plazo con ellos. Juntos, conscientes de los \u00faltimos avances tecnol\u00f3gicos, examinan c\u00f3mo el software es capaz de apoyar los objetivos de la organizaci\u00f3n. El producto ya no es la cuesti\u00f3n clave. La asociaci\u00f3n y el trazado de una ruta hacia ese codiciado punto en el horizonte son de mucha mayor importancia. El consultor se est\u00e1 transformando en un asesor de confianza que formula conjuntamente con una empresa una estrategia de software a prueba de futuro.<\/p>\n<p>[\/et_pb_accordion_item][et_pb_accordion_item title=\u00bbProduct-Focused to Customer-Centric Communication: \u00bb _builder_version=\u00bb3.18.9&#8243; custom_padding=\u00bb30px|30px|30px|30px|true|true\u00bb open=\u00bboff\u00bb]<strong>Construyes relaciones de confianza y presentas tu soluci\u00f3n desde el punto de vista del cliente.<\/strong><\/p>\n<p>Imagine que usted es un cliente que est\u00e1 tratando de seleccionar la soluci\u00f3n de software adecuada para sus problemas comerciales cr\u00edticos. \u00bfC\u00f3mo se sentir\u00eda si el vendedor empieza con una presentaci\u00f3n de 45 minutos sobre s\u00ed mismo, continuando con un entrenamiento completo y detallado sobre un producto que no entiende? Ser\u00eda una p\u00e9rdida de tiempo. Entonces, \u00bfpor qu\u00e9 est\u00e1s torturando a tus clientes con esto? Puedes detener esto. No es efectivo. Entonces, \u00bfqu\u00e9 haces en vez de eso?<\/p>\n<p>Empiece por comprender los problemas y necesidades comerciales cr\u00edticas de su cliente y proporcione una soluci\u00f3n para ayudar al cliente a alcanzar sus objetivos. Esto es lo que muestra en los primeros minutos de su presentaci\u00f3n. Si el cliente est\u00e1 comprometido, empezar\u00e1 a hacerte preguntas. De esta manera su reuni\u00f3n se convertir\u00e1 en un di\u00e1logo en el que el cliente siente que est\u00e1 liderando.[\/et_pb_accordion_item][\/et_pb_accordion][\/et_pb_column][\/et_pb_row][et_pb_row column_structure=\u00bb1_3,1_3,1_3&#8243; _builder_version=\u00bb4.2.2&#8243; width=\u00bb100%\u00bb][et_pb_column type=\u00bb1_3&#8243; _builder_version=\u00bb3.27.4&#8243;][et_pb_image src=\u00bbhttps:\/\/mt-testing.thedemoscene.com\/wp-content\/uploads\/2019\/09\/The_DemoScene_3.jpg\u00bb force_fullwidth=\u00bbon\u00bb align_tablet=\u00bbcenter\u00bb align_phone=\u00bb\u00bb align_last_edited=\u00bbon|desktop\u00bb _builder_version=\u00bb3.27.4&#8243; background_color=\u00bb#ffffff\u00bb filter_saturate=\u00bb90%\u00bb border_radii=\u00bbon|4px|4px|4px|4px\u00bb box_shadow_style=\u00bbpreset1&#8243; box_shadow_blur=\u00bb50px\u00bb box_shadow_spread=\u00bb-6px\u00bb box_shadow_spread__hover_enabled=\u00bbon\u00bb box_shadow_spread__hover=\u00bb0px\u00bb filter_saturate__hover_enabled=\u00bbon\u00bb filter_saturate__hover=\u00bb120%\u00bb box_shadow_color__hover_enabled=\u00bbon\u00bb box_shadow_color__hover=\u00bbrgba(0,0,0,0.5)\u00bb][\/et_pb_image][\/et_pb_column][et_pb_column type=\u00bb1_3&#8243; _builder_version=\u00bb3.27.4&#8243;][et_pb_image src=\u00bbhttps:\/\/mt-testing.thedemoscene.com\/wp-content\/uploads\/2019\/09\/TDC_training.jpg\u00bb force_fullwidth=\u00bbon\u00bb align_tablet=\u00bbcenter\u00bb align_phone=\u00bb\u00bb align_last_edited=\u00bbon|desktop\u00bb disabled_on=\u00bbon|on|off\u00bb _builder_version=\u00bb3.27.4&#8243; background_color=\u00bb#ffffff\u00bb filter_saturate=\u00bb90%\u00bb border_radii=\u00bbon|4px|4px|4px|4px\u00bb box_shadow_style=\u00bbpreset1&#8243; box_shadow_blur=\u00bb50px\u00bb box_shadow_spread=\u00bb-6px\u00bb box_shadow_spread__hover_enabled=\u00bbon\u00bb box_shadow_spread__hover=\u00bb0px\u00bb filter_saturate__hover_enabled=\u00bbon\u00bb filter_saturate__hover=\u00bb120%\u00bb box_shadow_color__hover_enabled=\u00bbon\u00bb box_shadow_color__hover=\u00bbrgba(0,0,0,0.5)\u00bb][\/et_pb_image][\/et_pb_column][et_pb_column type=\u00bb1_3&#8243; _builder_version=\u00bb3.27.4&#8243;][et_pb_image src=\u00bbhttps:\/\/mt-testing.thedemoscene.com\/wp-content\/uploads\/2019\/09\/TDC_training_2.jpg\u00bb force_fullwidth=\u00bbon\u00bb align_tablet=\u00bbcenter\u00bb align_phone=\u00bb\u00bb align_last_edited=\u00bbon|desktop\u00bb disabled_on=\u00bbon|on|off\u00bb _builder_version=\u00bb3.27.4&#8243; background_color=\u00bb#ffffff\u00bb filter_saturate=\u00bb90%\u00bb border_radii=\u00bbon|4px|4px|4px|4px\u00bb box_shadow_style=\u00bbpreset1&#8243; box_shadow_blur=\u00bb50px\u00bb box_shadow_spread=\u00bb-6px\u00bb box_shadow_spread__hover_enabled=\u00bbon\u00bb box_shadow_spread__hover=\u00bb0px\u00bb filter_saturate__hover_enabled=\u00bbon\u00bb filter_saturate__hover=\u00bb120%\u00bb box_shadow_color__hover_enabled=\u00bbon\u00bb box_shadow_color__hover=\u00bbrgba(0,0,0,0.5)\u00bb][\/et_pb_image][\/et_pb_column][\/et_pb_row][\/et_pb_section]<\/p>\n","protected":false},"excerpt":{"rendered":"<p>[et_pb_section fb_built=\u00bb1&#8243; _builder_version=\u00bb4.2.2&#8243; custom_padding=\u00bb29px|0px|0px|0px|false|false\u00bb][et_pb_row _builder_version=\u00bb4.2.2&#8243; background_size=\u00bbinitial\u00bb background_position=\u00bbtop_left\u00bb background_repeat=\u00bbrepeat\u00bb width=\u00bb100%\u00bb custom_padding=\u00bb0|0px|27px|0px|false|false\u00bb custom_width_px=\u00bb1280px\u00bb][et_pb_column type=\u00bb4_4&#8243; _builder_version=\u00bb3.25&#8243; custom_padding=\u00bb|||\u00bb custom_padding__hover=\u00bb|||\u00bb][et_pb_text _builder_version=\u00bb4.2.2&#8243; text_font=\u00bbMontserrat|300|||||||\u00bb text_font_size=\u00bb16px\u00bb text_line_height=\u00bb2em\u00bb header_font=\u00bb||||||||\u00bb header_2_font=\u00bb||||||||\u00bb header_2_font_size=\u00bb36px\u00bb header_2_line_height=\u00bb1.4em\u00bb header_3_font=\u00bb||||||||\u00bb header_2_font_size_tablet=\u00bb30px\u00bb header_2_font_size_phone=\u00bb24px\u00bb header_2_font_size_last_edited=\u00bbon|phone\u00bb header_3_font_size_tablet=\u00bb\u00bb header_3_font_size_phone=\u00bb18px\u00bb header_3_font_size_last_edited=\u00bbon|phone\u00bb locked=\u00bboff\u00bb] En el mundo de hoy, los consultores de preventa son m\u00e1s que simples expertos en productos; son visionarios que son l\u00edderes del mercado en [&hellip;]<\/p>\n","protected":false},"author":1,"featured_media":0,"parent":0,"menu_order":0,"comment_status":"closed","ping_status":"closed","template":"","meta":{"_et_pb_use_builder":"","_et_pb_old_content":"","_et_gb_content_width":"","inline_featured_image":false},"yoast_head":"<!-- This site is optimized with the Yoast SEO plugin v19.5.1 - https:\/\/yoast.com\/wordpress\/plugins\/seo\/ -->\n<title>Entrenamiento de preventa - The DemoScene - Mejore sus ventas anticipadas<\/title>\n<meta name=\"description\" content=\"Aumenta tu entrenamiento de preventa. Te volver\u00e1s (m\u00e1s) pro-activo, te apropiar\u00e1s y desafiar\u00e1s a tus colegas de ventas.\" \/>\n<meta name=\"robots\" content=\"index, follow, max-snippet:-1, max-image-preview:large, max-video-preview:-1\" \/>\n<link rel=\"canonical\" href=\"https:\/\/mt-testing.thedemoscene.com\/es\/entrenamiento-de-preventa\/\" \/>\n<meta property=\"og:locale\" content=\"es_ES\" \/>\n<meta property=\"og:type\" content=\"article\" \/>\n<meta property=\"og:title\" content=\"Entrenamiento de preventa - The DemoScene - Mejore sus ventas anticipadas\" \/>\n<meta property=\"og:description\" content=\"Aumenta tu entrenamiento de preventa. Te volver\u00e1s (m\u00e1s) pro-activo, te apropiar\u00e1s y desafiar\u00e1s a tus colegas de ventas.\" \/>\n<meta property=\"og:url\" content=\"https:\/\/mt-testing.thedemoscene.com\/es\/entrenamiento-de-preventa\/\" \/>\n<meta property=\"og:site_name\" content=\"The DemoScene\" \/>\n<meta property=\"article:modified_time\" content=\"2020-03-30T10:02:53+00:00\" \/>\n<meta name=\"twitter:card\" content=\"summary_large_image\" \/>\n<meta name=\"twitter:label1\" content=\"Tiempo de lectura\" \/>\n\t<meta name=\"twitter:data1\" content=\"6 minutos\" \/>\n<script type=\"application\/ld+json\" class=\"yoast-schema-graph\">{\"@context\":\"https:\/\/schema.org\",\"@graph\":[{\"@type\":\"WebPage\",\"@id\":\"https:\/\/mt-testing.thedemoscene.com\/es\/entrenamiento-de-preventa\/\",\"url\":\"https:\/\/mt-testing.thedemoscene.com\/es\/entrenamiento-de-preventa\/\",\"name\":\"Entrenamiento de preventa - The DemoScene - Mejore sus ventas anticipadas\",\"isPartOf\":{\"@id\":\"https:\/\/mt-testing.thedemoscene.com\/#website\"},\"datePublished\":\"2020-02-19T10:41:22+00:00\",\"dateModified\":\"2020-03-30T10:02:53+00:00\",\"description\":\"Aumenta tu entrenamiento de preventa. Te volver\u00e1s (m\u00e1s) pro-activo, te apropiar\u00e1s y desafiar\u00e1s a tus colegas de ventas.\",\"breadcrumb\":{\"@id\":\"https:\/\/mt-testing.thedemoscene.com\/es\/entrenamiento-de-preventa\/#breadcrumb\"},\"inLanguage\":\"es\",\"potentialAction\":[{\"@type\":\"ReadAction\",\"target\":[\"https:\/\/mt-testing.thedemoscene.com\/es\/entrenamiento-de-preventa\/\"]}]},{\"@type\":\"BreadcrumbList\",\"@id\":\"https:\/\/mt-testing.thedemoscene.com\/es\/entrenamiento-de-preventa\/#breadcrumb\",\"itemListElement\":[{\"@type\":\"ListItem\",\"position\":1,\"name\":\"Home\",\"item\":\"https:\/\/mt-testing.thedemoscene.com\/es\/\"},{\"@type\":\"ListItem\",\"position\":2,\"name\":\"Entrenamiento de preventa\"}]},{\"@type\":\"WebSite\",\"@id\":\"https:\/\/mt-testing.thedemoscene.com\/#website\",\"url\":\"https:\/\/mt-testing.thedemoscene.com\/\",\"name\":\"The DemoScene\",\"description\":\"Improves Your Demo\",\"potentialAction\":[{\"@type\":\"SearchAction\",\"target\":{\"@type\":\"EntryPoint\",\"urlTemplate\":\"https:\/\/mt-testing.thedemoscene.com\/?s={search_term_string}\"},\"query-input\":\"required name=search_term_string\"}],\"inLanguage\":\"es\"}]}<\/script>\n<!-- \/ Yoast SEO plugin. -->","yoast_head_json":{"title":"Entrenamiento de preventa - The DemoScene - Mejore sus ventas anticipadas","description":"Aumenta tu entrenamiento de preventa. Te volver\u00e1s (m\u00e1s) pro-activo, te apropiar\u00e1s y desafiar\u00e1s a tus colegas de ventas.","robots":{"index":"index","follow":"follow","max-snippet":"max-snippet:-1","max-image-preview":"max-image-preview:large","max-video-preview":"max-video-preview:-1"},"canonical":"https:\/\/mt-testing.thedemoscene.com\/es\/entrenamiento-de-preventa\/","og_locale":"es_ES","og_type":"article","og_title":"Entrenamiento de preventa - The DemoScene - Mejore sus ventas anticipadas","og_description":"Aumenta tu entrenamiento de preventa. Te volver\u00e1s (m\u00e1s) pro-activo, te apropiar\u00e1s y desafiar\u00e1s a tus colegas de ventas.","og_url":"https:\/\/mt-testing.thedemoscene.com\/es\/entrenamiento-de-preventa\/","og_site_name":"The DemoScene","article_modified_time":"2020-03-30T10:02:53+00:00","twitter_card":"summary_large_image","twitter_misc":{"Tiempo de lectura":"6 minutos"},"schema":{"@context":"https:\/\/schema.org","@graph":[{"@type":"WebPage","@id":"https:\/\/mt-testing.thedemoscene.com\/es\/entrenamiento-de-preventa\/","url":"https:\/\/mt-testing.thedemoscene.com\/es\/entrenamiento-de-preventa\/","name":"Entrenamiento de preventa - The DemoScene - Mejore sus ventas anticipadas","isPartOf":{"@id":"https:\/\/mt-testing.thedemoscene.com\/#website"},"datePublished":"2020-02-19T10:41:22+00:00","dateModified":"2020-03-30T10:02:53+00:00","description":"Aumenta tu entrenamiento de preventa. Te volver\u00e1s (m\u00e1s) pro-activo, te apropiar\u00e1s y desafiar\u00e1s a tus colegas de ventas.","breadcrumb":{"@id":"https:\/\/mt-testing.thedemoscene.com\/es\/entrenamiento-de-preventa\/#breadcrumb"},"inLanguage":"es","potentialAction":[{"@type":"ReadAction","target":["https:\/\/mt-testing.thedemoscene.com\/es\/entrenamiento-de-preventa\/"]}]},{"@type":"BreadcrumbList","@id":"https:\/\/mt-testing.thedemoscene.com\/es\/entrenamiento-de-preventa\/#breadcrumb","itemListElement":[{"@type":"ListItem","position":1,"name":"Home","item":"https:\/\/mt-testing.thedemoscene.com\/es\/"},{"@type":"ListItem","position":2,"name":"Entrenamiento de preventa"}]},{"@type":"WebSite","@id":"https:\/\/mt-testing.thedemoscene.com\/#website","url":"https:\/\/mt-testing.thedemoscene.com\/","name":"The DemoScene","description":"Improves Your Demo","potentialAction":[{"@type":"SearchAction","target":{"@type":"EntryPoint","urlTemplate":"https:\/\/mt-testing.thedemoscene.com\/?s={search_term_string}"},"query-input":"required name=search_term_string"}],"inLanguage":"es"}]}},"_links":{"self":[{"href":"https:\/\/mt-testing.thedemoscene.com\/es\/wp-json\/wp\/v2\/pages\/1386"}],"collection":[{"href":"https:\/\/mt-testing.thedemoscene.com\/es\/wp-json\/wp\/v2\/pages"}],"about":[{"href":"https:\/\/mt-testing.thedemoscene.com\/es\/wp-json\/wp\/v2\/types\/page"}],"author":[{"embeddable":true,"href":"https:\/\/mt-testing.thedemoscene.com\/es\/wp-json\/wp\/v2\/users\/1"}],"replies":[{"embeddable":true,"href":"https:\/\/mt-testing.thedemoscene.com\/es\/wp-json\/wp\/v2\/comments?post=1386"}],"version-history":[{"count":2,"href":"https:\/\/mt-testing.thedemoscene.com\/es\/wp-json\/wp\/v2\/pages\/1386\/revisions"}],"predecessor-version":[{"id":1665,"href":"https:\/\/mt-testing.thedemoscene.com\/es\/wp-json\/wp\/v2\/pages\/1386\/revisions\/1665"}],"wp:attachment":[{"href":"https:\/\/mt-testing.thedemoscene.com\/es\/wp-json\/wp\/v2\/media?parent=1386"}],"curies":[{"name":"wp","href":"https:\/\/api.w.org\/{rel}","templated":true}]}}