{"id":1398,"date":"2020-02-19T11:47:57","date_gmt":"2020-02-19T10:47:57","guid":{"rendered":"https:\/\/mt-testing.thedemoscene.com\/presentacion-del-software\/"},"modified":"2020-03-30T12:03:20","modified_gmt":"2020-03-30T10:03:20","slug":"presentacion-del-software","status":"publish","type":"page","link":"https:\/\/mt-testing.thedemoscene.com\/es\/presentacion-del-software\/","title":{"rendered":"Presentaci\u00f3n del software"},"content":{"rendered":"<p>\u00bfLe gustar\u00eda mejorar sus habilidades de presentaci\u00f3n de software? El entrenamiento de presentaci\u00f3n de software uno a uno ofrece excelentes resultados! Le ofrecemos una experiencia de entrenamiento segura y personal para mejorar la presentaci\u00f3n de su software. Presentar las capacidades de su software requiere un conjunto de habilidades diferentes a las que ofrecen los talleres regulares de habilidades de presentaci\u00f3n.<br \/>\nSeguimos centr\u00e1ndonos en su aut\u00e9ntico estilo de presentaci\u00f3n. Hablamos de c\u00f3mo puedes potenciar tu mensaje con el lenguaje corporal adecuado y usando tu voz de forma m\u00e1s expresiva. Te ayudamos a encontrar tu historia y te ense\u00f1amos a conectarte mejor con tu p\u00fablico. Todas estas t\u00e9cnicas se practican en combinaci\u00f3n con el valor a\u00f1adido y las capacidades de su software. \u00bfCree que es hora de mejorar estas habilidades? El entrenamiento de presentaci\u00f3n de software es la forma perfecta de hacerlo!<\/p>\n","protected":false},"excerpt":{"rendered":"<p>\u00bfLe gustar\u00eda mejorar sus habilidades de presentaci\u00f3n de software? El entrenamiento de presentaci\u00f3n de software uno a uno ofrece excelentes resultados! Le ofrecemos una experiencia de entrenamiento segura y personal para mejorar la presentaci\u00f3n de su software. Presentar las capacidades de su software requiere un conjunto de habilidades diferentes a las que ofrecen los talleres [&hellip;]<\/p>\n","protected":false},"author":1,"featured_media":0,"parent":0,"menu_order":0,"comment_status":"closed","ping_status":"closed","template":"","meta":{"_et_pb_use_builder":"","_et_pb_old_content":"","_et_gb_content_width":"","inline_featured_image":false},"yoast_head":"<!-- This site is optimized with the Yoast SEO plugin v19.5.1 - https:\/\/yoast.com\/wordpress\/plugins\/seo\/ -->\n<title>Presentaci\u00f3n del software - The DemoScene - Mejora la presentaci\u00f3n del software<\/title>\n<meta name=\"description\" content=\"\u00bfLe gustar\u00eda mejorar sus habilidades de presentaci\u00f3n de software? El entrenamiento de presentaci\u00f3n de software uno a uno ofrece excelentes resultados!\" \/>\n<meta name=\"robots\" content=\"index, follow, max-snippet:-1, max-image-preview:large, max-video-preview:-1\" \/>\n<link rel=\"canonical\" href=\"https:\/\/mt-testing.thedemoscene.com\/es\/presentacion-del-software\/\" \/>\n<meta property=\"og:locale\" content=\"es_ES\" \/>\n<meta property=\"og:type\" content=\"article\" \/>\n<meta property=\"og:title\" content=\"Presentaci\u00f3n del software - The DemoScene - Mejora la presentaci\u00f3n del software\" \/>\n<meta property=\"og:description\" content=\"\u00bfLe gustar\u00eda mejorar sus habilidades de presentaci\u00f3n de software? El entrenamiento de presentaci\u00f3n de software uno a uno ofrece excelentes resultados!\" \/>\n<meta property=\"og:url\" content=\"https:\/\/mt-testing.thedemoscene.com\/es\/presentacion-del-software\/\" \/>\n<meta property=\"og:site_name\" content=\"The DemoScene\" \/>\n<meta property=\"article:modified_time\" content=\"2020-03-30T10:03:20+00:00\" \/>\n<meta name=\"twitter:card\" content=\"summary_large_image\" \/>\n<meta name=\"twitter:label1\" content=\"Tiempo de lectura\" \/>\n\t<meta name=\"twitter:data1\" content=\"1 minuto\" \/>\n<script type=\"application\/ld+json\" class=\"yoast-schema-graph\">{\"@context\":\"https:\/\/schema.org\",\"@graph\":[{\"@type\":\"WebPage\",\"@id\":\"https:\/\/mt-testing.thedemoscene.com\/es\/presentacion-del-software\/\",\"url\":\"https:\/\/mt-testing.thedemoscene.com\/es\/presentacion-del-software\/\",\"name\":\"Presentaci\u00f3n del software - The DemoScene - Mejora la presentaci\u00f3n del software\",\"isPartOf\":{\"@id\":\"https:\/\/mt-testing.thedemoscene.com\/#website\"},\"datePublished\":\"2020-02-19T10:47:57+00:00\",\"dateModified\":\"2020-03-30T10:03:20+00:00\",\"description\":\"\u00bfLe gustar\u00eda mejorar sus habilidades de presentaci\u00f3n de software? El entrenamiento de presentaci\u00f3n de software uno a uno ofrece excelentes resultados!\",\"breadcrumb\":{\"@id\":\"https:\/\/mt-testing.thedemoscene.com\/es\/presentacion-del-software\/#breadcrumb\"},\"inLanguage\":\"es\",\"potentialAction\":[{\"@type\":\"ReadAction\",\"target\":[\"https:\/\/mt-testing.thedemoscene.com\/es\/presentacion-del-software\/\"]}]},{\"@type\":\"BreadcrumbList\",\"@id\":\"https:\/\/mt-testing.thedemoscene.com\/es\/presentacion-del-software\/#breadcrumb\",\"itemListElement\":[{\"@type\":\"ListItem\",\"position\":1,\"name\":\"Home\",\"item\":\"https:\/\/mt-testing.thedemoscene.com\/es\/\"},{\"@type\":\"ListItem\",\"position\":2,\"name\":\"Presentaci\u00f3n del software\"}]},{\"@type\":\"WebSite\",\"@id\":\"https:\/\/mt-testing.thedemoscene.com\/#website\",\"url\":\"https:\/\/mt-testing.thedemoscene.com\/\",\"name\":\"The DemoScene\",\"description\":\"Improves Your Demo\",\"potentialAction\":[{\"@type\":\"SearchAction\",\"target\":{\"@type\":\"EntryPoint\",\"urlTemplate\":\"https:\/\/mt-testing.thedemoscene.com\/?s={search_term_string}\"},\"query-input\":\"required name=search_term_string\"}],\"inLanguage\":\"es\"}]}<\/script>\n<!-- \/ Yoast SEO plugin. -->","yoast_head_json":{"title":"Presentaci\u00f3n del software - The DemoScene - Mejora la presentaci\u00f3n del software","description":"\u00bfLe gustar\u00eda mejorar sus habilidades de presentaci\u00f3n de software? El entrenamiento de presentaci\u00f3n de software uno a uno ofrece excelentes resultados!","robots":{"index":"index","follow":"follow","max-snippet":"max-snippet:-1","max-image-preview":"max-image-preview:large","max-video-preview":"max-video-preview:-1"},"canonical":"https:\/\/mt-testing.thedemoscene.com\/es\/presentacion-del-software\/","og_locale":"es_ES","og_type":"article","og_title":"Presentaci\u00f3n del software - The DemoScene - Mejora la presentaci\u00f3n del software","og_description":"\u00bfLe gustar\u00eda mejorar sus habilidades de presentaci\u00f3n de software? El entrenamiento de presentaci\u00f3n de software uno a uno ofrece excelentes resultados!","og_url":"https:\/\/mt-testing.thedemoscene.com\/es\/presentacion-del-software\/","og_site_name":"The DemoScene","article_modified_time":"2020-03-30T10:03:20+00:00","twitter_card":"summary_large_image","twitter_misc":{"Tiempo de lectura":"1 minuto"},"schema":{"@context":"https:\/\/schema.org","@graph":[{"@type":"WebPage","@id":"https:\/\/mt-testing.thedemoscene.com\/es\/presentacion-del-software\/","url":"https:\/\/mt-testing.thedemoscene.com\/es\/presentacion-del-software\/","name":"Presentaci\u00f3n del software - The DemoScene - Mejora la presentaci\u00f3n del software","isPartOf":{"@id":"https:\/\/mt-testing.thedemoscene.com\/#website"},"datePublished":"2020-02-19T10:47:57+00:00","dateModified":"2020-03-30T10:03:20+00:00","description":"\u00bfLe gustar\u00eda mejorar sus habilidades de presentaci\u00f3n de software? El entrenamiento de presentaci\u00f3n de software uno a uno ofrece excelentes resultados!","breadcrumb":{"@id":"https:\/\/mt-testing.thedemoscene.com\/es\/presentacion-del-software\/#breadcrumb"},"inLanguage":"es","potentialAction":[{"@type":"ReadAction","target":["https:\/\/mt-testing.thedemoscene.com\/es\/presentacion-del-software\/"]}]},{"@type":"BreadcrumbList","@id":"https:\/\/mt-testing.thedemoscene.com\/es\/presentacion-del-software\/#breadcrumb","itemListElement":[{"@type":"ListItem","position":1,"name":"Home","item":"https:\/\/mt-testing.thedemoscene.com\/es\/"},{"@type":"ListItem","position":2,"name":"Presentaci\u00f3n del software"}]},{"@type":"WebSite","@id":"https:\/\/mt-testing.thedemoscene.com\/#website","url":"https:\/\/mt-testing.thedemoscene.com\/","name":"The DemoScene","description":"Improves Your Demo","potentialAction":[{"@type":"SearchAction","target":{"@type":"EntryPoint","urlTemplate":"https:\/\/mt-testing.thedemoscene.com\/?s={search_term_string}"},"query-input":"required name=search_term_string"}],"inLanguage":"es"}]}},"_links":{"self":[{"href":"https:\/\/mt-testing.thedemoscene.com\/es\/wp-json\/wp\/v2\/pages\/1398"}],"collection":[{"href":"https:\/\/mt-testing.thedemoscene.com\/es\/wp-json\/wp\/v2\/pages"}],"about":[{"href":"https:\/\/mt-testing.thedemoscene.com\/es\/wp-json\/wp\/v2\/types\/page"}],"author":[{"embeddable":true,"href":"https:\/\/mt-testing.thedemoscene.com\/es\/wp-json\/wp\/v2\/users\/1"}],"replies":[{"embeddable":true,"href":"https:\/\/mt-testing.thedemoscene.com\/es\/wp-json\/wp\/v2\/comments?post=1398"}],"version-history":[{"count":1,"href":"https:\/\/mt-testing.thedemoscene.com\/es\/wp-json\/wp\/v2\/pages\/1398\/revisions"}],"predecessor-version":[{"id":1399,"href":"https:\/\/mt-testing.thedemoscene.com\/es\/wp-json\/wp\/v2\/pages\/1398\/revisions\/1399"}],"wp:attachment":[{"href":"https:\/\/mt-testing.thedemoscene.com\/es\/wp-json\/wp\/v2\/media?parent=1398"}],"curies":[{"name":"wp","href":"https:\/\/api.w.org\/{rel}","templated":true}]}}