{"id":1347,"date":"2020-02-19T10:48:32","date_gmt":"2020-02-19T09:48:32","guid":{"rendered":"https:\/\/mt-testing.thedemoscene.com\/demo-presentation\/"},"modified":"2020-03-30T11:49:10","modified_gmt":"2020-03-30T09:49:10","slug":"demo-presentation","status":"publish","type":"page","link":"https:\/\/mt-testing.thedemoscene.com\/fr\/demo-presentation\/","title":{"rendered":"Demo Presentation"},"content":{"rendered":"<p>Vous avez \u00e9t\u00e9 invit\u00e9 \u00e0 pr\u00e9senter votre logiciel \u00e0 un prospect incontournable. Cela vous donne la chance de battre la concurrence ! Il faut que votre pr\u00e9sentation et votre d\u00e9mo soient parfaites. Votre \u00e9quipe doit fournir sa meilleure performance, sa meilleure pr\u00e9sentation, et sa d\u00e9mo doit \u00eatre de premier ordre. Le contenu de la pr\u00e9sentation doit \u00eatre enti\u00e8rement adapt\u00e9 au prospect, et la d\u00e9monstration doit \u00eatre parfaite. Laissez-nous vous aider ! Notre soutien \u00e0 l&rsquo;accord augmente vos chances de gagner. En tant que personne ext\u00e9rieure, nous avons un regard neuf et sans pr\u00e9jug\u00e9s sur votre pr\u00e9sentation et votre d\u00e9mo.<\/p>\n<p>Lors de quelques rencontres (sur place ou en ligne), nous vous aiderons \u00e0<\/p>\n<ul>\n<li>Comprenez les probl\u00e8mes\/buts des clients et traduisez-les dans votre pr\u00e9sentation et votre d\u00e9mo.<\/li>\n<li>Mettez en place la structure de la r\u00e9union en rationalisant les diff\u00e9rents \u00e9l\u00e9ments de votre mat\u00e9riel de pr\u00e9sentation et de votre contenu de d\u00e9monstration.<\/li>\n<li>Pr\u00e9parez la d\u00e9mo en d\u00e9finissant et en am\u00e9liorant chaque partie de la d\u00e9mo pour qu&rsquo;elle ait un impact maximal.<\/li>\n<li>Am\u00e9liorez les comp\u00e9tences de votre \u00e9quipe en mati\u00e8re de pr\u00e9sentation et de d\u00e9monstration en donnant votre avis lors de la r\u00e9p\u00e9tition.<\/li>\n<\/ul>\n","protected":false},"excerpt":{"rendered":"<p>Vous avez \u00e9t\u00e9 invit\u00e9 \u00e0 pr\u00e9senter votre logiciel \u00e0 un prospect incontournable. Cela vous donne la chance de battre la concurrence ! Il faut que votre pr\u00e9sentation et votre d\u00e9mo soient parfaites. Votre \u00e9quipe doit fournir sa meilleure performance, sa meilleure pr\u00e9sentation, et sa d\u00e9mo doit \u00eatre de premier ordre. Le contenu de la pr\u00e9sentation [&hellip;]<\/p>\n","protected":false},"author":1,"featured_media":0,"parent":0,"menu_order":0,"comment_status":"closed","ping_status":"closed","template":"","meta":{"_et_pb_use_builder":"","_et_pb_old_content":"","_et_gb_content_width":"","inline_featured_image":false},"yoast_head":"<!-- This site is optimized with the Yoast SEO plugin v19.5.1 - https:\/\/yoast.com\/wordpress\/plugins\/seo\/ -->\n<title>Demo Presentation - The DemoScene - Am\u00e9liorer la pr\u00e9sentation de votre d\u00e9mo<\/title>\n<meta name=\"description\" content=\"Vous avez \u00e9t\u00e9 invit\u00e9 \u00e0 pr\u00e9senter votre logiciel \u00e0 un prospect incontournable. Cela vous donne la chance de battre la concurrence !\" \/>\n<meta name=\"robots\" content=\"index, follow, max-snippet:-1, max-image-preview:large, max-video-preview:-1\" \/>\n<link rel=\"canonical\" href=\"https:\/\/mt-testing.thedemoscene.com\/fr\/demo-presentation\/\" \/>\n<meta property=\"og:locale\" content=\"fr_FR\" \/>\n<meta property=\"og:type\" content=\"article\" \/>\n<meta property=\"og:title\" content=\"Demo Presentation - The DemoScene - Am\u00e9liorer la pr\u00e9sentation de votre d\u00e9mo\" \/>\n<meta property=\"og:description\" content=\"Vous avez \u00e9t\u00e9 invit\u00e9 \u00e0 pr\u00e9senter votre logiciel \u00e0 un prospect incontournable. Cela vous donne la chance de battre la concurrence !\" \/>\n<meta property=\"og:url\" content=\"https:\/\/mt-testing.thedemoscene.com\/fr\/demo-presentation\/\" \/>\n<meta property=\"og:site_name\" content=\"The DemoScene\" \/>\n<meta property=\"article:modified_time\" content=\"2020-03-30T09:49:10+00:00\" \/>\n<meta name=\"twitter:card\" content=\"summary_large_image\" \/>\n<meta name=\"twitter:label1\" content=\"Dur\u00e9e de lecture estim\u00e9e\" \/>\n\t<meta name=\"twitter:data1\" content=\"1 minute\" \/>\n<script type=\"application\/ld+json\" class=\"yoast-schema-graph\">{\"@context\":\"https:\/\/schema.org\",\"@graph\":[{\"@type\":\"WebPage\",\"@id\":\"https:\/\/mt-testing.thedemoscene.com\/fr\/demo-presentation\/\",\"url\":\"https:\/\/mt-testing.thedemoscene.com\/fr\/demo-presentation\/\",\"name\":\"Demo Presentation - The DemoScene - Am\u00e9liorer la pr\u00e9sentation de votre d\u00e9mo\",\"isPartOf\":{\"@id\":\"https:\/\/mt-testing.thedemoscene.com\/#website\"},\"datePublished\":\"2020-02-19T09:48:32+00:00\",\"dateModified\":\"2020-03-30T09:49:10+00:00\",\"description\":\"Vous avez \u00e9t\u00e9 invit\u00e9 \u00e0 pr\u00e9senter votre logiciel \u00e0 un prospect incontournable. Cela vous donne la chance de battre la concurrence !\",\"breadcrumb\":{\"@id\":\"https:\/\/mt-testing.thedemoscene.com\/fr\/demo-presentation\/#breadcrumb\"},\"inLanguage\":\"fr-FR\",\"potentialAction\":[{\"@type\":\"ReadAction\",\"target\":[\"https:\/\/mt-testing.thedemoscene.com\/fr\/demo-presentation\/\"]}]},{\"@type\":\"BreadcrumbList\",\"@id\":\"https:\/\/mt-testing.thedemoscene.com\/fr\/demo-presentation\/#breadcrumb\",\"itemListElement\":[{\"@type\":\"ListItem\",\"position\":1,\"name\":\"Home\",\"item\":\"https:\/\/mt-testing.thedemoscene.com\/fr\/\"},{\"@type\":\"ListItem\",\"position\":2,\"name\":\"Demo Presentation\"}]},{\"@type\":\"WebSite\",\"@id\":\"https:\/\/mt-testing.thedemoscene.com\/#website\",\"url\":\"https:\/\/mt-testing.thedemoscene.com\/\",\"name\":\"The DemoScene\",\"description\":\"Improves Your Demo\",\"potentialAction\":[{\"@type\":\"SearchAction\",\"target\":{\"@type\":\"EntryPoint\",\"urlTemplate\":\"https:\/\/mt-testing.thedemoscene.com\/?s={search_term_string}\"},\"query-input\":\"required name=search_term_string\"}],\"inLanguage\":\"fr-FR\"}]}<\/script>\n<!-- \/ Yoast SEO plugin. -->","yoast_head_json":{"title":"Demo Presentation - The DemoScene - Am\u00e9liorer la pr\u00e9sentation de votre d\u00e9mo","description":"Vous avez \u00e9t\u00e9 invit\u00e9 \u00e0 pr\u00e9senter votre logiciel \u00e0 un prospect incontournable. Cela vous donne la chance de battre la concurrence !","robots":{"index":"index","follow":"follow","max-snippet":"max-snippet:-1","max-image-preview":"max-image-preview:large","max-video-preview":"max-video-preview:-1"},"canonical":"https:\/\/mt-testing.thedemoscene.com\/fr\/demo-presentation\/","og_locale":"fr_FR","og_type":"article","og_title":"Demo Presentation - The DemoScene - Am\u00e9liorer la pr\u00e9sentation de votre d\u00e9mo","og_description":"Vous avez \u00e9t\u00e9 invit\u00e9 \u00e0 pr\u00e9senter votre logiciel \u00e0 un prospect incontournable. Cela vous donne la chance de battre la concurrence !","og_url":"https:\/\/mt-testing.thedemoscene.com\/fr\/demo-presentation\/","og_site_name":"The DemoScene","article_modified_time":"2020-03-30T09:49:10+00:00","twitter_card":"summary_large_image","twitter_misc":{"Dur\u00e9e de lecture estim\u00e9e":"1 minute"},"schema":{"@context":"https:\/\/schema.org","@graph":[{"@type":"WebPage","@id":"https:\/\/mt-testing.thedemoscene.com\/fr\/demo-presentation\/","url":"https:\/\/mt-testing.thedemoscene.com\/fr\/demo-presentation\/","name":"Demo Presentation - The DemoScene - Am\u00e9liorer la pr\u00e9sentation de votre d\u00e9mo","isPartOf":{"@id":"https:\/\/mt-testing.thedemoscene.com\/#website"},"datePublished":"2020-02-19T09:48:32+00:00","dateModified":"2020-03-30T09:49:10+00:00","description":"Vous avez \u00e9t\u00e9 invit\u00e9 \u00e0 pr\u00e9senter votre logiciel \u00e0 un prospect incontournable. Cela vous donne la chance de battre la concurrence !","breadcrumb":{"@id":"https:\/\/mt-testing.thedemoscene.com\/fr\/demo-presentation\/#breadcrumb"},"inLanguage":"fr-FR","potentialAction":[{"@type":"ReadAction","target":["https:\/\/mt-testing.thedemoscene.com\/fr\/demo-presentation\/"]}]},{"@type":"BreadcrumbList","@id":"https:\/\/mt-testing.thedemoscene.com\/fr\/demo-presentation\/#breadcrumb","itemListElement":[{"@type":"ListItem","position":1,"name":"Home","item":"https:\/\/mt-testing.thedemoscene.com\/fr\/"},{"@type":"ListItem","position":2,"name":"Demo Presentation"}]},{"@type":"WebSite","@id":"https:\/\/mt-testing.thedemoscene.com\/#website","url":"https:\/\/mt-testing.thedemoscene.com\/","name":"The DemoScene","description":"Improves Your Demo","potentialAction":[{"@type":"SearchAction","target":{"@type":"EntryPoint","urlTemplate":"https:\/\/mt-testing.thedemoscene.com\/?s={search_term_string}"},"query-input":"required name=search_term_string"}],"inLanguage":"fr-FR"}]}},"_links":{"self":[{"href":"https:\/\/mt-testing.thedemoscene.com\/fr\/wp-json\/wp\/v2\/pages\/1347"}],"collection":[{"href":"https:\/\/mt-testing.thedemoscene.com\/fr\/wp-json\/wp\/v2\/pages"}],"about":[{"href":"https:\/\/mt-testing.thedemoscene.com\/fr\/wp-json\/wp\/v2\/types\/page"}],"author":[{"embeddable":true,"href":"https:\/\/mt-testing.thedemoscene.com\/fr\/wp-json\/wp\/v2\/users\/1"}],"replies":[{"embeddable":true,"href":"https:\/\/mt-testing.thedemoscene.com\/fr\/wp-json\/wp\/v2\/comments?post=1347"}],"version-history":[{"count":1,"href":"https:\/\/mt-testing.thedemoscene.com\/fr\/wp-json\/wp\/v2\/pages\/1347\/revisions"}],"predecessor-version":[{"id":1348,"href":"https:\/\/mt-testing.thedemoscene.com\/fr\/wp-json\/wp\/v2\/pages\/1347\/revisions\/1348"}],"wp:attachment":[{"href":"https:\/\/mt-testing.thedemoscene.com\/fr\/wp-json\/wp\/v2\/media?parent=1347"}],"curies":[{"name":"wp","href":"https:\/\/api.w.org\/{rel}","templated":true}]}}