{"id":1353,"date":"2020-02-19T10:56:08","date_gmt":"2020-02-19T09:56:08","guid":{"rendered":"https:\/\/mt-testing.thedemoscene.com\/habilidades-de-demostracion\/"},"modified":"2020-03-30T11:50:33","modified_gmt":"2020-03-30T09:50:33","slug":"habilidades-de-demostracion","status":"publish","type":"page","link":"https:\/\/mt-testing.thedemoscene.com\/fr\/habilidades-de-demostracion\/","title":{"rendered":"Habilidades de demostraci\u00f3n"},"content":{"rendered":"<p><em><strong>\u00bfHa visto alguna vez una demostraci\u00f3n de un mal software?<\/strong><\/em><\/p>\n<p>Si est\u00e1 <em>completamente<\/em>satisfecho con la eficacia de las demostraciones de software de su organizaci\u00f3n, entonces busque m\u00e1s y no lea m\u00e1s.<\/p>\n<p>Si cree que sus demostraciones pueden mejorar, entonces invierta los pr\u00f3ximos treinta segundos en explorar lo que tenemos para ofrecer. Puede ser la diferencia entre una venta perdida y un nuevo cliente o un pedido retrasado vs. hacer sus n\u00fameros trimestrales.<\/p>\n<p>Ayudamos a las organizaciones a poner el \u00ab\u00a0\u00a1<em>Wow<\/em>!\u00a0\u00bb en sus demostraciones y a hacerlas efectivas, n\u00edtidas y convincentes, atrayendo y captando audiencias en los primeros <u>seis<\/u>minutos de una demostraci\u00f3n.<\/p>\n<p>Muchas demostraciones ense\u00f1an a los clientes \u00ab\u00a0c\u00f3mo\u00a0\u00bb utilizar un producto de software &#8211; formaci\u00f3n sobre el producto &#8211; y descuidan la comunicaci\u00f3n de \u00ab\u00a0lo que\u00a0\u00bb el software permite que el cliente logre con respecto a sus metas y objetivos comerciales. Esto da como resultado audiencias aburridas, demostraciones poco convincentes, salida de personas clave y reuniones no concluyentes a corto plazo, lo que da como resultado la p\u00e9rdida o el retraso de los negocios en general.<\/p>\n<p>Hay dos \u00e1reas clave de importancia en las demostraciones de software:<\/p>\n<ol>\n<li>Obtener una comprensi\u00f3n de los problemas y objetivos comerciales del cliente<\/li>\n<li>La entrega del contenido es clara y convincente<\/li>\n<\/ol>\n<p>\u00bfQuieres mejorar tus habilidades de demostraci\u00f3n? Compartimos la forma de asegurarnos de que capturen y comuniquen la informaci\u00f3n que necesitan antes de crear o presentar sus demostraciones. Le ayudamos a organizar el contenido de sus demostraciones para abordar los problemas comerciales clave de sus clientes, en los primeros <u>minutos<\/u>de una demostraci\u00f3n.<\/p>\n<p>Los resultados son demostraciones efectivas y enfocadas que satisfacen a los VP y a la alta direcci\u00f3n, a los campeones, a los usuarios, a los inform\u00e1ticos y a todos los dem\u00e1s actores, y cierran el negocio.<\/p>\n<p>Aqu\u00ed hay algunos caminos para mejorar las habilidades de demostraci\u00f3n de tu equipo:<\/p>\n<p><strong>Aumentar los ingresos: <\/strong><a href=\"https:\/\/mt-testing.thedemoscene.com\/training\/\">Great Demo! Talleres<\/a> se centran en sus objetivos y situaciones espec\u00edficas en un formato de taller. Este es el m\u00e9todo m\u00e1s eficaz para lograr mejoras sustanciales y continuas en las habilidades de demostraci\u00f3n, a menudo con un aumento de los ingresos dentro del trimestre.<\/p>\n<p><strong>Iniciar el cambio<\/strong>: Incluir un alto impacto <a href=\"https:\/\/greatdemo.com\/offerings\/\">Great Demo! Seminario o participaci\u00f3n como ponente<\/a> en su pr\u00f3ximo evento de ventas o mercadeo para estimular el pensamiento cr\u00edtico e iniciar el cambio. \u00ab\u00a0\u00a1Tuve una epifan\u00eda!\u00a0\u00bb es un resultado probable&#8230; <a href=\"http:\/\/www.secondderivative.com\/Contact.html\">Cont\u00e1ctenospara<\/a> discutirlo o programarlo.<\/p>\n<p><strong>Estimular el pensamiento:<\/strong> Consigue una copia del libro <a href=\"https:\/\/www.amazon.com\/exec\/obidos\/tg\/detail\/-\/059534559X\/qid=1114040021\/sr=1-2\/ref=sr_1_2?v=glance\"><em>Great Demo!<\/em><\/a> para ti o compra copias para tu equipo. El libro presenta c\u00f3mo lograr demostraciones sorprendentemente mejoradas &#8211; es una lectura f\u00e1cil en un vuelo de avi\u00f3n. Est\u00e1 disponible en <a href=\"http:\/\/www.amazon.com\/exec\/obidos\/redirect?tag=thesecondderi-20&amp;creative=9325&amp;camp=1789&amp;link_code=ur2&amp;path=tg\/detail\/-\/059534559X\/qid=1114040021\/sr=1-2\/ref=sr_1_2?v=glance&amp;s=books\">Amazon.com<\/a> en formato impreso, Kindle y audiolibros.<\/p>\n<p>\u00ab\u00a0Si todos leyeran y practicaran el cap\u00edtulo 1, el mundo ser\u00eda un lugar mejor.\u00a0\u00bb &#8211; Guy Kawasaki, autor <em>de El arte del comienzo.<\/em><\/p>\n<p><strong>Inter\u00e9s continuo:<\/strong> Explora nuestros <a href=\"https:\/\/greatdemo.com\/blog\/\">art\u00edculoso<\/a> nuestro <a href=\"https:\/\/greatdemo.com\/blog\/\">blogpara<\/a> obtener consejos, pensamientos, t\u00e9cnicas, pr\u00e1cticas y el despotricamiento ocasional de las habilidades de demostraci\u00f3n, o \u00fanete a la Gran Demo! Grupo en <a href=\"https:\/\/www.linkedin.com\/groups\/2430414\/\">LinkedIn<\/a>. Publicamos temas e ideas para la discusi\u00f3n, consejos e informaci\u00f3n sobre nuevas herramientas. Los miembros del grupo contribuyen con sus propias ideas, agregan comentarios a los di\u00e1logos existentes y plantean nuevos temas relacionados con las habilidades de demostraci\u00f3n.<\/p>\n<p><em><strong>Por favor, si\u00e9ntase libre de contactarnos para explorar estas ideas o discutir su situaci\u00f3n espec\u00edfica!<\/strong><\/em><\/p>\n","protected":false},"excerpt":{"rendered":"<p>\u00bfHa visto alguna vez una demostraci\u00f3n de un mal software? Si est\u00e1 completamentesatisfecho con la eficacia de las demostraciones de software de su organizaci\u00f3n, entonces busque m\u00e1s y no lea m\u00e1s. Si cree que sus demostraciones pueden mejorar, entonces invierta los pr\u00f3ximos treinta segundos en explorar lo que tenemos para ofrecer. Puede ser la diferencia [&hellip;]<\/p>\n","protected":false},"author":1,"featured_media":0,"parent":0,"menu_order":0,"comment_status":"closed","ping_status":"closed","template":"","meta":{"_et_pb_use_builder":"","_et_pb_old_content":"","_et_gb_content_width":"","inline_featured_image":false},"yoast_head":"<!-- This site is optimized with the Yoast SEO plugin v19.5.1 - https:\/\/yoast.com\/wordpress\/plugins\/seo\/ -->\n<title>Habilidades de demostraci\u00f3n - The DemoScene - Am\u00e9liorez vos comp\u00e9tences en mati\u00e8re de d\u00e9monstrations<\/title>\n<meta name=\"description\" content=\"Si vous pensez que vos d\u00e9mos pourraient s&#039;am\u00e9liorer, alors investissez pour explorer ce que nous avons \u00e0 offrir. Il peut s&#039;agir de la diff\u00e9rence entre une vente perdue et un nouveau client.\" \/>\n<meta name=\"robots\" content=\"index, follow, max-snippet:-1, max-image-preview:large, max-video-preview:-1\" \/>\n<link rel=\"canonical\" href=\"https:\/\/mt-testing.thedemoscene.com\/fr\/habilidades-de-demostracion\/\" \/>\n<meta property=\"og:locale\" content=\"fr_FR\" \/>\n<meta property=\"og:type\" content=\"article\" \/>\n<meta property=\"og:title\" content=\"Habilidades de demostraci\u00f3n - The DemoScene - Am\u00e9liorez vos comp\u00e9tences en mati\u00e8re de d\u00e9monstrations\" \/>\n<meta property=\"og:description\" content=\"Si vous pensez que vos d\u00e9mos pourraient s&#039;am\u00e9liorer, alors investissez pour explorer ce que nous avons \u00e0 offrir. Il peut s&#039;agir de la diff\u00e9rence entre une vente perdue et un nouveau client.\" \/>\n<meta property=\"og:url\" content=\"https:\/\/mt-testing.thedemoscene.com\/fr\/habilidades-de-demostracion\/\" \/>\n<meta property=\"og:site_name\" content=\"The DemoScene\" \/>\n<meta property=\"article:modified_time\" content=\"2020-03-30T09:50:33+00:00\" \/>\n<meta name=\"twitter:card\" content=\"summary_large_image\" \/>\n<meta name=\"twitter:label1\" content=\"Dur\u00e9e de lecture estim\u00e9e\" \/>\n\t<meta name=\"twitter:data1\" content=\"3 minutes\" \/>\n<script type=\"application\/ld+json\" class=\"yoast-schema-graph\">{\"@context\":\"https:\/\/schema.org\",\"@graph\":[{\"@type\":\"WebPage\",\"@id\":\"https:\/\/mt-testing.thedemoscene.com\/fr\/habilidades-de-demostracion\/\",\"url\":\"https:\/\/mt-testing.thedemoscene.com\/fr\/habilidades-de-demostracion\/\",\"name\":\"Habilidades de demostraci\u00f3n - The DemoScene - Am\u00e9liorez vos comp\u00e9tences en mati\u00e8re de d\u00e9monstrations\",\"isPartOf\":{\"@id\":\"https:\/\/mt-testing.thedemoscene.com\/#website\"},\"datePublished\":\"2020-02-19T09:56:08+00:00\",\"dateModified\":\"2020-03-30T09:50:33+00:00\",\"description\":\"Si vous pensez que vos d\u00e9mos pourraient s'am\u00e9liorer, alors investissez pour explorer ce que nous avons \u00e0 offrir. Il peut s'agir de la diff\u00e9rence entre une vente perdue et un nouveau client.\",\"breadcrumb\":{\"@id\":\"https:\/\/mt-testing.thedemoscene.com\/fr\/habilidades-de-demostracion\/#breadcrumb\"},\"inLanguage\":\"fr-FR\",\"potentialAction\":[{\"@type\":\"ReadAction\",\"target\":[\"https:\/\/mt-testing.thedemoscene.com\/fr\/habilidades-de-demostracion\/\"]}]},{\"@type\":\"BreadcrumbList\",\"@id\":\"https:\/\/mt-testing.thedemoscene.com\/fr\/habilidades-de-demostracion\/#breadcrumb\",\"itemListElement\":[{\"@type\":\"ListItem\",\"position\":1,\"name\":\"Home\",\"item\":\"https:\/\/mt-testing.thedemoscene.com\/fr\/\"},{\"@type\":\"ListItem\",\"position\":2,\"name\":\"Habilidades de demostraci\u00f3n\"}]},{\"@type\":\"WebSite\",\"@id\":\"https:\/\/mt-testing.thedemoscene.com\/#website\",\"url\":\"https:\/\/mt-testing.thedemoscene.com\/\",\"name\":\"The DemoScene\",\"description\":\"Improves Your Demo\",\"potentialAction\":[{\"@type\":\"SearchAction\",\"target\":{\"@type\":\"EntryPoint\",\"urlTemplate\":\"https:\/\/mt-testing.thedemoscene.com\/?s={search_term_string}\"},\"query-input\":\"required name=search_term_string\"}],\"inLanguage\":\"fr-FR\"}]}<\/script>\n<!-- \/ Yoast SEO plugin. -->","yoast_head_json":{"title":"Habilidades de demostraci\u00f3n - The DemoScene - Am\u00e9liorez vos comp\u00e9tences en mati\u00e8re de d\u00e9monstrations","description":"Si vous pensez que vos d\u00e9mos pourraient s'am\u00e9liorer, alors investissez pour explorer ce que nous avons \u00e0 offrir. Il peut s'agir de la diff\u00e9rence entre une vente perdue et un nouveau client.","robots":{"index":"index","follow":"follow","max-snippet":"max-snippet:-1","max-image-preview":"max-image-preview:large","max-video-preview":"max-video-preview:-1"},"canonical":"https:\/\/mt-testing.thedemoscene.com\/fr\/habilidades-de-demostracion\/","og_locale":"fr_FR","og_type":"article","og_title":"Habilidades de demostraci\u00f3n - The DemoScene - Am\u00e9liorez vos comp\u00e9tences en mati\u00e8re de d\u00e9monstrations","og_description":"Si vous pensez que vos d\u00e9mos pourraient s'am\u00e9liorer, alors investissez pour explorer ce que nous avons \u00e0 offrir. Il peut s'agir de la diff\u00e9rence entre une vente perdue et un nouveau client.","og_url":"https:\/\/mt-testing.thedemoscene.com\/fr\/habilidades-de-demostracion\/","og_site_name":"The DemoScene","article_modified_time":"2020-03-30T09:50:33+00:00","twitter_card":"summary_large_image","twitter_misc":{"Dur\u00e9e de lecture estim\u00e9e":"3 minutes"},"schema":{"@context":"https:\/\/schema.org","@graph":[{"@type":"WebPage","@id":"https:\/\/mt-testing.thedemoscene.com\/fr\/habilidades-de-demostracion\/","url":"https:\/\/mt-testing.thedemoscene.com\/fr\/habilidades-de-demostracion\/","name":"Habilidades de demostraci\u00f3n - The DemoScene - Am\u00e9liorez vos comp\u00e9tences en mati\u00e8re de d\u00e9monstrations","isPartOf":{"@id":"https:\/\/mt-testing.thedemoscene.com\/#website"},"datePublished":"2020-02-19T09:56:08+00:00","dateModified":"2020-03-30T09:50:33+00:00","description":"Si vous pensez que vos d\u00e9mos pourraient s'am\u00e9liorer, alors investissez pour explorer ce que nous avons \u00e0 offrir. Il peut s'agir de la diff\u00e9rence entre une vente perdue et un nouveau client.","breadcrumb":{"@id":"https:\/\/mt-testing.thedemoscene.com\/fr\/habilidades-de-demostracion\/#breadcrumb"},"inLanguage":"fr-FR","potentialAction":[{"@type":"ReadAction","target":["https:\/\/mt-testing.thedemoscene.com\/fr\/habilidades-de-demostracion\/"]}]},{"@type":"BreadcrumbList","@id":"https:\/\/mt-testing.thedemoscene.com\/fr\/habilidades-de-demostracion\/#breadcrumb","itemListElement":[{"@type":"ListItem","position":1,"name":"Home","item":"https:\/\/mt-testing.thedemoscene.com\/fr\/"},{"@type":"ListItem","position":2,"name":"Habilidades de demostraci\u00f3n"}]},{"@type":"WebSite","@id":"https:\/\/mt-testing.thedemoscene.com\/#website","url":"https:\/\/mt-testing.thedemoscene.com\/","name":"The DemoScene","description":"Improves Your Demo","potentialAction":[{"@type":"SearchAction","target":{"@type":"EntryPoint","urlTemplate":"https:\/\/mt-testing.thedemoscene.com\/?s={search_term_string}"},"query-input":"required name=search_term_string"}],"inLanguage":"fr-FR"}]}},"_links":{"self":[{"href":"https:\/\/mt-testing.thedemoscene.com\/fr\/wp-json\/wp\/v2\/pages\/1353"}],"collection":[{"href":"https:\/\/mt-testing.thedemoscene.com\/fr\/wp-json\/wp\/v2\/pages"}],"about":[{"href":"https:\/\/mt-testing.thedemoscene.com\/fr\/wp-json\/wp\/v2\/types\/page"}],"author":[{"embeddable":true,"href":"https:\/\/mt-testing.thedemoscene.com\/fr\/wp-json\/wp\/v2\/users\/1"}],"replies":[{"embeddable":true,"href":"https:\/\/mt-testing.thedemoscene.com\/fr\/wp-json\/wp\/v2\/comments?post=1353"}],"version-history":[{"count":2,"href":"https:\/\/mt-testing.thedemoscene.com\/fr\/wp-json\/wp\/v2\/pages\/1353\/revisions"}],"predecessor-version":[{"id":1652,"href":"https:\/\/mt-testing.thedemoscene.com\/fr\/wp-json\/wp\/v2\/pages\/1353\/revisions\/1652"}],"wp:attachment":[{"href":"https:\/\/mt-testing.thedemoscene.com\/fr\/wp-json\/wp\/v2\/media?parent=1353"}],"curies":[{"name":"wp","href":"https:\/\/api.w.org\/{rel}","templated":true}]}}