{"id":1365,"date":"2020-02-19T11:15:29","date_gmt":"2020-02-19T10:15:29","guid":{"rendered":"https:\/\/mt-testing.thedemoscene.com\/formation-de-demonstration\/"},"modified":"2020-03-30T11:50:59","modified_gmt":"2020-03-30T09:50:59","slug":"formation-de-demonstration","status":"publish","type":"page","link":"https:\/\/mt-testing.thedemoscene.com\/fr\/formation-de-demonstration\/","title":{"rendered":"Formation de d\u00e9monstration"},"content":{"rendered":"<p>Voil\u00e0 \u00e0 quoi ressemble un groupe de consultants avant-vente form\u00e9s, satisfaits et confiants apr\u00e8s deux jours intenses de formation de d\u00e9monstration ! La formation est dispens\u00e9e par Natasja Bax, qui aime manifestement ce qu&rsquo;elle fait. Natasja : \u00ab\u00a0La fin d&rsquo;une formation de d\u00e9monstration est toujours tr\u00e8s satisfaisante, voir les gens livrer leurs d\u00e9mos avec plus de confiance et de plaisir qui, au final, se traduira par plus de contrats\u00a0\u00bb.<\/p>\n<p>Dans la formation de d\u00e9monstration, les vendeurs et les pr\u00e9-vendeurs apprennent \u00e0 cr\u00e9er et \u00e0 fournir des d\u00e9monstrations de logiciels \u00e9tonnamment efficaces en faisant la derni\u00e8re chose en premier (en utilisant la m\u00e9thodologie Great Demo !). Les r\u00e9sultats de cette formation sont d\u00e9monstratifs : augmentation du taux de gain, r\u00e9duction de la dur\u00e9e du cycle de vente, r\u00e9duction du co\u00fbt des ventes, am\u00e9lioration des taux de cl\u00f4ture dans l&rsquo;ensemble, augmentation de la taille et de l&rsquo;\u00e9tendue des transactions, mais aussi am\u00e9lioration des ateliers de mise en \u0153uvre et augmentation des succ\u00e8s des clients.<\/p>\n<p>Nous proposons des formations de d\u00e9monstration internes sp\u00e9cifiques con\u00e7ues pour votre \u00e9quipe dans vos bureaux. Cette formation de d\u00e9monstration vous serait enti\u00e8rement adapt\u00e9e de deux fa\u00e7ons : premi\u00e8rement, nous l&rsquo;adaptons \u00e0 vos besoins et aux exigences de l&rsquo;\u00e9quipe et deuxi\u00e8mement, nous adaptons la formation \u00e0 votre logiciel et \u00e0 votre secteur d&rsquo;activit\u00e9. Nous proposons \u00e9galement des formations de d\u00e9monstration plusieurs fois par an sous forme de cours \u00e0 inscription libre. Les formations publiques de d\u00e9monstration sont d&rsquo;excellentes opportunit\u00e9s pour les individus, les petits groupes, ou pour les entreprises et les \u00e9quipes qui ont de nouvelles recrues.<\/p>\n","protected":false},"excerpt":{"rendered":"<p>Voil\u00e0 \u00e0 quoi ressemble un groupe de consultants avant-vente form\u00e9s, satisfaits et confiants apr\u00e8s deux jours intenses de formation de d\u00e9monstration ! La formation est dispens\u00e9e par Natasja Bax, qui aime manifestement ce qu&rsquo;elle fait. Natasja : \u00ab\u00a0La fin d&rsquo;une formation de d\u00e9monstration est toujours tr\u00e8s satisfaisante, voir les gens livrer leurs d\u00e9mos avec plus [&hellip;]<\/p>\n","protected":false},"author":1,"featured_media":0,"parent":0,"menu_order":0,"comment_status":"closed","ping_status":"closed","template":"","meta":{"_et_pb_use_builder":"","_et_pb_old_content":"","_et_gb_content_width":"","inline_featured_image":false},"yoast_head":"<!-- This site is optimized with the Yoast SEO plugin v19.5.1 - https:\/\/yoast.com\/wordpress\/plugins\/seo\/ -->\n<title>Formation de d\u00e9monstration - The DemoScene - Am\u00e9liorer votre formation de d\u00e9monstration<\/title>\n<meta name=\"description\" content=\"Voil\u00e0 \u00e0 quoi ressemble un groupe de consultants avant-vente form\u00e9s, satisfaits et confiants apr\u00e8s deux jours intenses de formation de d\u00e9monstration !\" \/>\n<meta name=\"robots\" content=\"index, follow, max-snippet:-1, max-image-preview:large, max-video-preview:-1\" \/>\n<link rel=\"canonical\" href=\"https:\/\/mt-testing.thedemoscene.com\/fr\/formation-de-demonstration\/\" \/>\n<meta property=\"og:locale\" content=\"fr_FR\" \/>\n<meta property=\"og:type\" content=\"article\" \/>\n<meta property=\"og:title\" content=\"Formation de d\u00e9monstration - The DemoScene - Am\u00e9liorer votre formation de d\u00e9monstration\" \/>\n<meta property=\"og:description\" content=\"Voil\u00e0 \u00e0 quoi ressemble un groupe de consultants avant-vente form\u00e9s, satisfaits et confiants apr\u00e8s deux jours intenses de formation de d\u00e9monstration !\" \/>\n<meta property=\"og:url\" content=\"https:\/\/mt-testing.thedemoscene.com\/fr\/formation-de-demonstration\/\" \/>\n<meta property=\"og:site_name\" content=\"The DemoScene\" \/>\n<meta property=\"article:modified_time\" content=\"2020-03-30T09:50:59+00:00\" \/>\n<meta name=\"twitter:card\" content=\"summary_large_image\" \/>\n<meta name=\"twitter:label1\" content=\"Dur\u00e9e de lecture estim\u00e9e\" \/>\n\t<meta name=\"twitter:data1\" content=\"1 minute\" \/>\n<script type=\"application\/ld+json\" class=\"yoast-schema-graph\">{\"@context\":\"https:\/\/schema.org\",\"@graph\":[{\"@type\":\"WebPage\",\"@id\":\"https:\/\/mt-testing.thedemoscene.com\/fr\/formation-de-demonstration\/\",\"url\":\"https:\/\/mt-testing.thedemoscene.com\/fr\/formation-de-demonstration\/\",\"name\":\"Formation de d\u00e9monstration - The DemoScene - Am\u00e9liorer votre formation de d\u00e9monstration\",\"isPartOf\":{\"@id\":\"https:\/\/mt-testing.thedemoscene.com\/#website\"},\"datePublished\":\"2020-02-19T10:15:29+00:00\",\"dateModified\":\"2020-03-30T09:50:59+00:00\",\"description\":\"Voil\u00e0 \u00e0 quoi ressemble un groupe de consultants avant-vente form\u00e9s, satisfaits et confiants apr\u00e8s deux jours intenses de formation de d\u00e9monstration !\",\"breadcrumb\":{\"@id\":\"https:\/\/mt-testing.thedemoscene.com\/fr\/formation-de-demonstration\/#breadcrumb\"},\"inLanguage\":\"fr-FR\",\"potentialAction\":[{\"@type\":\"ReadAction\",\"target\":[\"https:\/\/mt-testing.thedemoscene.com\/fr\/formation-de-demonstration\/\"]}]},{\"@type\":\"BreadcrumbList\",\"@id\":\"https:\/\/mt-testing.thedemoscene.com\/fr\/formation-de-demonstration\/#breadcrumb\",\"itemListElement\":[{\"@type\":\"ListItem\",\"position\":1,\"name\":\"Home\",\"item\":\"https:\/\/mt-testing.thedemoscene.com\/fr\/\"},{\"@type\":\"ListItem\",\"position\":2,\"name\":\"Formation de d\u00e9monstration\"}]},{\"@type\":\"WebSite\",\"@id\":\"https:\/\/mt-testing.thedemoscene.com\/#website\",\"url\":\"https:\/\/mt-testing.thedemoscene.com\/\",\"name\":\"The DemoScene\",\"description\":\"Improves Your Demo\",\"potentialAction\":[{\"@type\":\"SearchAction\",\"target\":{\"@type\":\"EntryPoint\",\"urlTemplate\":\"https:\/\/mt-testing.thedemoscene.com\/?s={search_term_string}\"},\"query-input\":\"required name=search_term_string\"}],\"inLanguage\":\"fr-FR\"}]}<\/script>\n<!-- \/ Yoast SEO plugin. -->","yoast_head_json":{"title":"Formation de d\u00e9monstration - The DemoScene - Am\u00e9liorer votre formation de d\u00e9monstration","description":"Voil\u00e0 \u00e0 quoi ressemble un groupe de consultants avant-vente form\u00e9s, satisfaits et confiants apr\u00e8s deux jours intenses de formation de d\u00e9monstration !","robots":{"index":"index","follow":"follow","max-snippet":"max-snippet:-1","max-image-preview":"max-image-preview:large","max-video-preview":"max-video-preview:-1"},"canonical":"https:\/\/mt-testing.thedemoscene.com\/fr\/formation-de-demonstration\/","og_locale":"fr_FR","og_type":"article","og_title":"Formation de d\u00e9monstration - The DemoScene - Am\u00e9liorer votre formation de d\u00e9monstration","og_description":"Voil\u00e0 \u00e0 quoi ressemble un groupe de consultants avant-vente form\u00e9s, satisfaits et confiants apr\u00e8s deux jours intenses de formation de d\u00e9monstration !","og_url":"https:\/\/mt-testing.thedemoscene.com\/fr\/formation-de-demonstration\/","og_site_name":"The DemoScene","article_modified_time":"2020-03-30T09:50:59+00:00","twitter_card":"summary_large_image","twitter_misc":{"Dur\u00e9e de lecture estim\u00e9e":"1 minute"},"schema":{"@context":"https:\/\/schema.org","@graph":[{"@type":"WebPage","@id":"https:\/\/mt-testing.thedemoscene.com\/fr\/formation-de-demonstration\/","url":"https:\/\/mt-testing.thedemoscene.com\/fr\/formation-de-demonstration\/","name":"Formation de d\u00e9monstration - The DemoScene - Am\u00e9liorer votre formation de d\u00e9monstration","isPartOf":{"@id":"https:\/\/mt-testing.thedemoscene.com\/#website"},"datePublished":"2020-02-19T10:15:29+00:00","dateModified":"2020-03-30T09:50:59+00:00","description":"Voil\u00e0 \u00e0 quoi ressemble un groupe de consultants avant-vente form\u00e9s, satisfaits et confiants apr\u00e8s deux jours intenses de formation de d\u00e9monstration !","breadcrumb":{"@id":"https:\/\/mt-testing.thedemoscene.com\/fr\/formation-de-demonstration\/#breadcrumb"},"inLanguage":"fr-FR","potentialAction":[{"@type":"ReadAction","target":["https:\/\/mt-testing.thedemoscene.com\/fr\/formation-de-demonstration\/"]}]},{"@type":"BreadcrumbList","@id":"https:\/\/mt-testing.thedemoscene.com\/fr\/formation-de-demonstration\/#breadcrumb","itemListElement":[{"@type":"ListItem","position":1,"name":"Home","item":"https:\/\/mt-testing.thedemoscene.com\/fr\/"},{"@type":"ListItem","position":2,"name":"Formation de d\u00e9monstration"}]},{"@type":"WebSite","@id":"https:\/\/mt-testing.thedemoscene.com\/#website","url":"https:\/\/mt-testing.thedemoscene.com\/","name":"The DemoScene","description":"Improves Your Demo","potentialAction":[{"@type":"SearchAction","target":{"@type":"EntryPoint","urlTemplate":"https:\/\/mt-testing.thedemoscene.com\/?s={search_term_string}"},"query-input":"required name=search_term_string"}],"inLanguage":"fr-FR"}]}},"_links":{"self":[{"href":"https:\/\/mt-testing.thedemoscene.com\/fr\/wp-json\/wp\/v2\/pages\/1365"}],"collection":[{"href":"https:\/\/mt-testing.thedemoscene.com\/fr\/wp-json\/wp\/v2\/pages"}],"about":[{"href":"https:\/\/mt-testing.thedemoscene.com\/fr\/wp-json\/wp\/v2\/types\/page"}],"author":[{"embeddable":true,"href":"https:\/\/mt-testing.thedemoscene.com\/fr\/wp-json\/wp\/v2\/users\/1"}],"replies":[{"embeddable":true,"href":"https:\/\/mt-testing.thedemoscene.com\/fr\/wp-json\/wp\/v2\/comments?post=1365"}],"version-history":[{"count":1,"href":"https:\/\/mt-testing.thedemoscene.com\/fr\/wp-json\/wp\/v2\/pages\/1365\/revisions"}],"predecessor-version":[{"id":1653,"href":"https:\/\/mt-testing.thedemoscene.com\/fr\/wp-json\/wp\/v2\/pages\/1365\/revisions\/1653"}],"wp:attachment":[{"href":"https:\/\/mt-testing.thedemoscene.com\/fr\/wp-json\/wp\/v2\/media?parent=1365"}],"curies":[{"name":"wp","href":"https:\/\/api.w.org\/{rel}","templated":true}]}}