{"id":1370,"date":"2020-02-19T11:18:57","date_gmt":"2020-02-19T10:18:57","guid":{"rendered":"https:\/\/mt-testing.thedemoscene.com\/coaching-individuel\/"},"modified":"2020-03-30T11:52:33","modified_gmt":"2020-03-30T09:52:33","slug":"coaching-individuel","status":"publish","type":"page","link":"https:\/\/mt-testing.thedemoscene.com\/fr\/coaching-individuel\/","title":{"rendered":"Coaching individuel"},"content":{"rendered":"<p>On nous demande souvent de fournir une aide pour d\u00e9velopper des scripts de d\u00e9monstration, am\u00e9liorer les pr\u00e9sentations de logiciels, cr\u00e9er des pr\u00e9sentations d&rsquo;entreprise et des messages cl\u00e9s, am\u00e9liorer les comp\u00e9tences de communication, traiter les questions du public, et bien d&rsquo;autres choses encore. Heureusement, le coaching individuel peut \u00eatre effectu\u00e9 \u00e0 distance, ce qui le rend plus pratique. Nous sommes impatients de vous entendre parler de votre prochaine \u00e9tape !<\/p>\n","protected":false},"excerpt":{"rendered":"<p>On nous demande souvent de fournir une aide pour d\u00e9velopper des scripts de d\u00e9monstration, am\u00e9liorer les pr\u00e9sentations de logiciels, cr\u00e9er des pr\u00e9sentations d&rsquo;entreprise et des messages cl\u00e9s, am\u00e9liorer les comp\u00e9tences de communication, traiter les questions du public, et bien d&rsquo;autres choses encore. Heureusement, le coaching individuel peut \u00eatre effectu\u00e9 \u00e0 distance, ce qui le rend [&hellip;]<\/p>\n","protected":false},"author":1,"featured_media":0,"parent":0,"menu_order":0,"comment_status":"closed","ping_status":"closed","template":"","meta":{"_et_pb_use_builder":"","_et_pb_old_content":"","_et_gb_content_width":"","inline_featured_image":false},"yoast_head":"<!-- This site is optimized with the Yoast SEO plugin v19.5.1 - https:\/\/yoast.com\/wordpress\/plugins\/seo\/ -->\n<title>Coaching individuel - The DemoScene - Am\u00e9liorez votre pr\u00e9sentation<\/title>\n<meta name=\"description\" content=\"On nous demande souvent de fournir une aide pour le d\u00e9veloppement de scripts de d\u00e9monstration, l&#039;am\u00e9lioration de pr\u00e9sentations de logiciels, la cr\u00e9ation de pr\u00e9sentations d&#039;entreprises et bien d&#039;autres choses encore.\" \/>\n<meta name=\"robots\" content=\"index, follow, max-snippet:-1, max-image-preview:large, max-video-preview:-1\" \/>\n<link rel=\"canonical\" href=\"https:\/\/mt-testing.thedemoscene.com\/fr\/coaching-individuel\/\" \/>\n<meta property=\"og:locale\" content=\"fr_FR\" \/>\n<meta property=\"og:type\" content=\"article\" \/>\n<meta property=\"og:title\" content=\"Coaching individuel - The DemoScene - Am\u00e9liorez votre pr\u00e9sentation\" \/>\n<meta property=\"og:description\" content=\"On nous demande souvent de fournir une aide pour le d\u00e9veloppement de scripts de d\u00e9monstration, l&#039;am\u00e9lioration de pr\u00e9sentations de logiciels, la cr\u00e9ation de pr\u00e9sentations d&#039;entreprises et bien d&#039;autres choses encore.\" \/>\n<meta property=\"og:url\" content=\"https:\/\/mt-testing.thedemoscene.com\/fr\/coaching-individuel\/\" \/>\n<meta property=\"og:site_name\" content=\"The DemoScene\" \/>\n<meta property=\"article:modified_time\" content=\"2020-03-30T09:52:33+00:00\" \/>\n<meta name=\"twitter:card\" content=\"summary_large_image\" \/>\n<script type=\"application\/ld+json\" class=\"yoast-schema-graph\">{\"@context\":\"https:\/\/schema.org\",\"@graph\":[{\"@type\":\"WebPage\",\"@id\":\"https:\/\/mt-testing.thedemoscene.com\/fr\/coaching-individuel\/\",\"url\":\"https:\/\/mt-testing.thedemoscene.com\/fr\/coaching-individuel\/\",\"name\":\"Coaching individuel - The DemoScene - Am\u00e9liorez votre pr\u00e9sentation\",\"isPartOf\":{\"@id\":\"https:\/\/mt-testing.thedemoscene.com\/#website\"},\"datePublished\":\"2020-02-19T10:18:57+00:00\",\"dateModified\":\"2020-03-30T09:52:33+00:00\",\"description\":\"On nous demande souvent de fournir une aide pour le d\u00e9veloppement de scripts de d\u00e9monstration, l'am\u00e9lioration de pr\u00e9sentations de logiciels, la cr\u00e9ation de pr\u00e9sentations d'entreprises et bien d'autres choses encore.\",\"breadcrumb\":{\"@id\":\"https:\/\/mt-testing.thedemoscene.com\/fr\/coaching-individuel\/#breadcrumb\"},\"inLanguage\":\"fr-FR\",\"potentialAction\":[{\"@type\":\"ReadAction\",\"target\":[\"https:\/\/mt-testing.thedemoscene.com\/fr\/coaching-individuel\/\"]}]},{\"@type\":\"BreadcrumbList\",\"@id\":\"https:\/\/mt-testing.thedemoscene.com\/fr\/coaching-individuel\/#breadcrumb\",\"itemListElement\":[{\"@type\":\"ListItem\",\"position\":1,\"name\":\"Home\",\"item\":\"https:\/\/mt-testing.thedemoscene.com\/fr\/\"},{\"@type\":\"ListItem\",\"position\":2,\"name\":\"Coaching individuel\"}]},{\"@type\":\"WebSite\",\"@id\":\"https:\/\/mt-testing.thedemoscene.com\/#website\",\"url\":\"https:\/\/mt-testing.thedemoscene.com\/\",\"name\":\"The DemoScene\",\"description\":\"Improves Your Demo\",\"potentialAction\":[{\"@type\":\"SearchAction\",\"target\":{\"@type\":\"EntryPoint\",\"urlTemplate\":\"https:\/\/mt-testing.thedemoscene.com\/?s={search_term_string}\"},\"query-input\":\"required name=search_term_string\"}],\"inLanguage\":\"fr-FR\"}]}<\/script>\n<!-- \/ Yoast SEO plugin. -->","yoast_head_json":{"title":"Coaching individuel - The DemoScene - Am\u00e9liorez votre pr\u00e9sentation","description":"On nous demande souvent de fournir une aide pour le d\u00e9veloppement de scripts de d\u00e9monstration, l'am\u00e9lioration de pr\u00e9sentations de logiciels, la cr\u00e9ation de pr\u00e9sentations d'entreprises et bien d'autres choses encore.","robots":{"index":"index","follow":"follow","max-snippet":"max-snippet:-1","max-image-preview":"max-image-preview:large","max-video-preview":"max-video-preview:-1"},"canonical":"https:\/\/mt-testing.thedemoscene.com\/fr\/coaching-individuel\/","og_locale":"fr_FR","og_type":"article","og_title":"Coaching individuel - The DemoScene - Am\u00e9liorez votre pr\u00e9sentation","og_description":"On nous demande souvent de fournir une aide pour le d\u00e9veloppement de scripts de d\u00e9monstration, l'am\u00e9lioration de pr\u00e9sentations de logiciels, la cr\u00e9ation de pr\u00e9sentations d'entreprises et bien d'autres choses encore.","og_url":"https:\/\/mt-testing.thedemoscene.com\/fr\/coaching-individuel\/","og_site_name":"The DemoScene","article_modified_time":"2020-03-30T09:52:33+00:00","twitter_card":"summary_large_image","schema":{"@context":"https:\/\/schema.org","@graph":[{"@type":"WebPage","@id":"https:\/\/mt-testing.thedemoscene.com\/fr\/coaching-individuel\/","url":"https:\/\/mt-testing.thedemoscene.com\/fr\/coaching-individuel\/","name":"Coaching individuel - The DemoScene - Am\u00e9liorez votre pr\u00e9sentation","isPartOf":{"@id":"https:\/\/mt-testing.thedemoscene.com\/#website"},"datePublished":"2020-02-19T10:18:57+00:00","dateModified":"2020-03-30T09:52:33+00:00","description":"On nous demande souvent de fournir une aide pour le d\u00e9veloppement de scripts de d\u00e9monstration, l'am\u00e9lioration de pr\u00e9sentations de logiciels, la cr\u00e9ation de pr\u00e9sentations d'entreprises et bien d'autres choses encore.","breadcrumb":{"@id":"https:\/\/mt-testing.thedemoscene.com\/fr\/coaching-individuel\/#breadcrumb"},"inLanguage":"fr-FR","potentialAction":[{"@type":"ReadAction","target":["https:\/\/mt-testing.thedemoscene.com\/fr\/coaching-individuel\/"]}]},{"@type":"BreadcrumbList","@id":"https:\/\/mt-testing.thedemoscene.com\/fr\/coaching-individuel\/#breadcrumb","itemListElement":[{"@type":"ListItem","position":1,"name":"Home","item":"https:\/\/mt-testing.thedemoscene.com\/fr\/"},{"@type":"ListItem","position":2,"name":"Coaching individuel"}]},{"@type":"WebSite","@id":"https:\/\/mt-testing.thedemoscene.com\/#website","url":"https:\/\/mt-testing.thedemoscene.com\/","name":"The DemoScene","description":"Improves Your Demo","potentialAction":[{"@type":"SearchAction","target":{"@type":"EntryPoint","urlTemplate":"https:\/\/mt-testing.thedemoscene.com\/?s={search_term_string}"},"query-input":"required name=search_term_string"}],"inLanguage":"fr-FR"}]}},"_links":{"self":[{"href":"https:\/\/mt-testing.thedemoscene.com\/fr\/wp-json\/wp\/v2\/pages\/1370"}],"collection":[{"href":"https:\/\/mt-testing.thedemoscene.com\/fr\/wp-json\/wp\/v2\/pages"}],"about":[{"href":"https:\/\/mt-testing.thedemoscene.com\/fr\/wp-json\/wp\/v2\/types\/page"}],"author":[{"embeddable":true,"href":"https:\/\/mt-testing.thedemoscene.com\/fr\/wp-json\/wp\/v2\/users\/1"}],"replies":[{"embeddable":true,"href":"https:\/\/mt-testing.thedemoscene.com\/fr\/wp-json\/wp\/v2\/comments?post=1370"}],"version-history":[{"count":1,"href":"https:\/\/mt-testing.thedemoscene.com\/fr\/wp-json\/wp\/v2\/pages\/1370\/revisions"}],"predecessor-version":[{"id":1371,"href":"https:\/\/mt-testing.thedemoscene.com\/fr\/wp-json\/wp\/v2\/pages\/1370\/revisions\/1371"}],"wp:attachment":[{"href":"https:\/\/mt-testing.thedemoscene.com\/fr\/wp-json\/wp\/v2\/media?parent=1370"}],"curies":[{"name":"wp","href":"https:\/\/api.w.org\/{rel}","templated":true}]}}