{"id":1376,"date":"2020-02-19T11:22:22","date_gmt":"2020-02-19T10:22:22","guid":{"rendered":"https:\/\/mt-testing.thedemoscene.com\/demonstration-de-prisonniers\/"},"modified":"2020-03-30T11:53:07","modified_gmt":"2020-03-30T09:53:07","slug":"demonstration-de-prisonniers","status":"publish","type":"page","link":"https:\/\/mt-testing.thedemoscene.com\/fr\/demonstration-de-prisonniers\/","title":{"rendered":"D\u00e9monstration de prisonniers"},"content":{"rendered":"<p>C&rsquo;est un consultant en avant-vente qui livre sa Grande D\u00e9mo ! pendant la Grande D\u00e9mo ! Atelier. Tout d&rsquo;abord, le conseiller avant-vente examine la situation du client et v\u00e9rifie s&rsquo;il a bien tout compris avec lui. De cette fa\u00e7on, tout le monde sait clairement ce que le client essaie de r\u00e9soudre. Le conseiller en avant-vente pr\u00e9sente ensuite une illustration de ce r\u00e9sultat final en amont, avant m\u00eame de toucher le logiciel pour la d\u00e9monstration afin que le client voit imm\u00e9diatement o\u00f9 cela m\u00e8ne. S&rsquo;il trouve un \u00e9cho chez le client, le conseiller avant-vente d\u00e9marre sa d\u00e9mo. La premi\u00e8re \u00e9tape pour le consultant avant vente dans sa d\u00e9mo est de prouver que le logiciel est facile \u00e0 utiliser et qu&rsquo;il est intuitif. Pour ce faire, il se rend dans le logiciel et fait une d\u00e9monstration de la mani\u00e8re dont il parvient \u00e0 ce r\u00e9sultat final en un minimum de clics. Ensuite, le conseiller avant-vente poursuit sa d\u00e9monstration en ayant une conversation avec le client et en r\u00e9pondant \u00e0 ses questions au lieu de lui livrer un tuyau d&rsquo;incendie de fonctions et de caract\u00e9ristiques. Enfin, le conseiller avant-vente donne un r\u00e9sum\u00e9 des aspects les plus importants de la d\u00e9mo afin que le client conserve et se souvienne des id\u00e9es cl\u00e9s qu&rsquo;il veut que le client se souvienne.<\/p>\n<p>Qu&rsquo;a fait le consultant en avant-vente dans sa d\u00e9mo par rapport \u00e0 une d\u00e9mo traditionnelle ? Il l&rsquo;a mis \u00e0 l&rsquo;envers et l&rsquo;a incrust\u00e9.<\/p>\n","protected":false},"excerpt":{"rendered":"<p>C&rsquo;est un consultant en avant-vente qui livre sa Grande D\u00e9mo ! pendant la Grande D\u00e9mo ! Atelier. Tout d&rsquo;abord, le conseiller avant-vente examine la situation du client et v\u00e9rifie s&rsquo;il a bien tout compris avec lui. De cette fa\u00e7on, tout le monde sait clairement ce que le client essaie de r\u00e9soudre. Le conseiller en avant-vente [&hellip;]<\/p>\n","protected":false},"author":1,"featured_media":0,"parent":0,"menu_order":0,"comment_status":"closed","ping_status":"closed","template":"","meta":{"_et_pb_use_builder":"","_et_pb_old_content":"","_et_gb_content_width":"","inline_featured_image":false},"yoast_head":"<!-- This site is optimized with the Yoast SEO plugin v19.5.1 - https:\/\/yoast.com\/wordpress\/plugins\/seo\/ -->\n<title>D\u00e9monstration de prisonniers - The DemoScene - Am\u00e9liorez votre d\u00e9mo avant-vente<\/title>\n<meta name=\"description\" content=\"C&#039;est un consultant en avant-vente qui livre sa Grande D\u00e9mo ! pendant la Grande D\u00e9mo ! Atelier. Tout d&#039;abord, le conseiller en avant-vente examine la situation du client.\" \/>\n<meta name=\"robots\" content=\"index, follow, max-snippet:-1, max-image-preview:large, max-video-preview:-1\" \/>\n<link rel=\"canonical\" href=\"https:\/\/mt-testing.thedemoscene.com\/fr\/demonstration-de-prisonniers\/\" \/>\n<meta property=\"og:locale\" content=\"fr_FR\" \/>\n<meta property=\"og:type\" content=\"article\" \/>\n<meta property=\"og:title\" content=\"D\u00e9monstration de prisonniers - The DemoScene - Am\u00e9liorez votre d\u00e9mo avant-vente\" \/>\n<meta property=\"og:description\" content=\"C&#039;est un consultant en avant-vente qui livre sa Grande D\u00e9mo ! pendant la Grande D\u00e9mo ! Atelier. Tout d&#039;abord, le conseiller en avant-vente examine la situation du client.\" \/>\n<meta property=\"og:url\" content=\"https:\/\/mt-testing.thedemoscene.com\/fr\/demonstration-de-prisonniers\/\" \/>\n<meta property=\"og:site_name\" content=\"The DemoScene\" \/>\n<meta property=\"article:modified_time\" content=\"2020-03-30T09:53:07+00:00\" \/>\n<meta name=\"twitter:card\" content=\"summary_large_image\" \/>\n<meta name=\"twitter:label1\" content=\"Dur\u00e9e de lecture estim\u00e9e\" \/>\n\t<meta name=\"twitter:data1\" content=\"1 minute\" \/>\n<script type=\"application\/ld+json\" class=\"yoast-schema-graph\">{\"@context\":\"https:\/\/schema.org\",\"@graph\":[{\"@type\":\"WebPage\",\"@id\":\"https:\/\/mt-testing.thedemoscene.com\/fr\/demonstration-de-prisonniers\/\",\"url\":\"https:\/\/mt-testing.thedemoscene.com\/fr\/demonstration-de-prisonniers\/\",\"name\":\"D\u00e9monstration de prisonniers - The DemoScene - Am\u00e9liorez votre d\u00e9mo avant-vente\",\"isPartOf\":{\"@id\":\"https:\/\/mt-testing.thedemoscene.com\/#website\"},\"datePublished\":\"2020-02-19T10:22:22+00:00\",\"dateModified\":\"2020-03-30T09:53:07+00:00\",\"description\":\"C'est un consultant en avant-vente qui livre sa Grande D\u00e9mo ! pendant la Grande D\u00e9mo ! Atelier. Tout d'abord, le conseiller en avant-vente examine la situation du client.\",\"breadcrumb\":{\"@id\":\"https:\/\/mt-testing.thedemoscene.com\/fr\/demonstration-de-prisonniers\/#breadcrumb\"},\"inLanguage\":\"fr-FR\",\"potentialAction\":[{\"@type\":\"ReadAction\",\"target\":[\"https:\/\/mt-testing.thedemoscene.com\/fr\/demonstration-de-prisonniers\/\"]}]},{\"@type\":\"BreadcrumbList\",\"@id\":\"https:\/\/mt-testing.thedemoscene.com\/fr\/demonstration-de-prisonniers\/#breadcrumb\",\"itemListElement\":[{\"@type\":\"ListItem\",\"position\":1,\"name\":\"Home\",\"item\":\"https:\/\/mt-testing.thedemoscene.com\/fr\/\"},{\"@type\":\"ListItem\",\"position\":2,\"name\":\"D\u00e9monstration de prisonniers\"}]},{\"@type\":\"WebSite\",\"@id\":\"https:\/\/mt-testing.thedemoscene.com\/#website\",\"url\":\"https:\/\/mt-testing.thedemoscene.com\/\",\"name\":\"The DemoScene\",\"description\":\"Improves Your Demo\",\"potentialAction\":[{\"@type\":\"SearchAction\",\"target\":{\"@type\":\"EntryPoint\",\"urlTemplate\":\"https:\/\/mt-testing.thedemoscene.com\/?s={search_term_string}\"},\"query-input\":\"required name=search_term_string\"}],\"inLanguage\":\"fr-FR\"}]}<\/script>\n<!-- \/ Yoast SEO plugin. -->","yoast_head_json":{"title":"D\u00e9monstration de prisonniers - The DemoScene - Am\u00e9liorez votre d\u00e9mo avant-vente","description":"C'est un consultant en avant-vente qui livre sa Grande D\u00e9mo ! pendant la Grande D\u00e9mo ! Atelier. Tout d'abord, le conseiller en avant-vente examine la situation du client.","robots":{"index":"index","follow":"follow","max-snippet":"max-snippet:-1","max-image-preview":"max-image-preview:large","max-video-preview":"max-video-preview:-1"},"canonical":"https:\/\/mt-testing.thedemoscene.com\/fr\/demonstration-de-prisonniers\/","og_locale":"fr_FR","og_type":"article","og_title":"D\u00e9monstration de prisonniers - The DemoScene - Am\u00e9liorez votre d\u00e9mo avant-vente","og_description":"C'est un consultant en avant-vente qui livre sa Grande D\u00e9mo ! pendant la Grande D\u00e9mo ! Atelier. Tout d'abord, le conseiller en avant-vente examine la situation du client.","og_url":"https:\/\/mt-testing.thedemoscene.com\/fr\/demonstration-de-prisonniers\/","og_site_name":"The DemoScene","article_modified_time":"2020-03-30T09:53:07+00:00","twitter_card":"summary_large_image","twitter_misc":{"Dur\u00e9e de lecture estim\u00e9e":"1 minute"},"schema":{"@context":"https:\/\/schema.org","@graph":[{"@type":"WebPage","@id":"https:\/\/mt-testing.thedemoscene.com\/fr\/demonstration-de-prisonniers\/","url":"https:\/\/mt-testing.thedemoscene.com\/fr\/demonstration-de-prisonniers\/","name":"D\u00e9monstration de prisonniers - The DemoScene - Am\u00e9liorez votre d\u00e9mo avant-vente","isPartOf":{"@id":"https:\/\/mt-testing.thedemoscene.com\/#website"},"datePublished":"2020-02-19T10:22:22+00:00","dateModified":"2020-03-30T09:53:07+00:00","description":"C'est un consultant en avant-vente qui livre sa Grande D\u00e9mo ! pendant la Grande D\u00e9mo ! Atelier. Tout d'abord, le conseiller en avant-vente examine la situation du client.","breadcrumb":{"@id":"https:\/\/mt-testing.thedemoscene.com\/fr\/demonstration-de-prisonniers\/#breadcrumb"},"inLanguage":"fr-FR","potentialAction":[{"@type":"ReadAction","target":["https:\/\/mt-testing.thedemoscene.com\/fr\/demonstration-de-prisonniers\/"]}]},{"@type":"BreadcrumbList","@id":"https:\/\/mt-testing.thedemoscene.com\/fr\/demonstration-de-prisonniers\/#breadcrumb","itemListElement":[{"@type":"ListItem","position":1,"name":"Home","item":"https:\/\/mt-testing.thedemoscene.com\/fr\/"},{"@type":"ListItem","position":2,"name":"D\u00e9monstration de prisonniers"}]},{"@type":"WebSite","@id":"https:\/\/mt-testing.thedemoscene.com\/#website","url":"https:\/\/mt-testing.thedemoscene.com\/","name":"The DemoScene","description":"Improves Your Demo","potentialAction":[{"@type":"SearchAction","target":{"@type":"EntryPoint","urlTemplate":"https:\/\/mt-testing.thedemoscene.com\/?s={search_term_string}"},"query-input":"required name=search_term_string"}],"inLanguage":"fr-FR"}]}},"_links":{"self":[{"href":"https:\/\/mt-testing.thedemoscene.com\/fr\/wp-json\/wp\/v2\/pages\/1376"}],"collection":[{"href":"https:\/\/mt-testing.thedemoscene.com\/fr\/wp-json\/wp\/v2\/pages"}],"about":[{"href":"https:\/\/mt-testing.thedemoscene.com\/fr\/wp-json\/wp\/v2\/types\/page"}],"author":[{"embeddable":true,"href":"https:\/\/mt-testing.thedemoscene.com\/fr\/wp-json\/wp\/v2\/users\/1"}],"replies":[{"embeddable":true,"href":"https:\/\/mt-testing.thedemoscene.com\/fr\/wp-json\/wp\/v2\/comments?post=1376"}],"version-history":[{"count":1,"href":"https:\/\/mt-testing.thedemoscene.com\/fr\/wp-json\/wp\/v2\/pages\/1376\/revisions"}],"predecessor-version":[{"id":1377,"href":"https:\/\/mt-testing.thedemoscene.com\/fr\/wp-json\/wp\/v2\/pages\/1376\/revisions\/1377"}],"wp:attachment":[{"href":"https:\/\/mt-testing.thedemoscene.com\/fr\/wp-json\/wp\/v2\/media?parent=1376"}],"curies":[{"name":"wp","href":"https:\/\/api.w.org\/{rel}","templated":true}]}}