{"id":1394,"date":"2020-02-19T11:43:41","date_gmt":"2020-02-19T10:43:41","guid":{"rendered":"https:\/\/mt-testing.thedemoscene.com\/presentation-du-logiciel\/"},"modified":"2020-03-30T11:54:08","modified_gmt":"2020-03-30T09:54:08","slug":"presentation-du-logiciel","status":"publish","type":"page","link":"https:\/\/mt-testing.thedemoscene.com\/fr\/presentation-du-logiciel\/","title":{"rendered":"Pr\u00e9sentation du logiciel"},"content":{"rendered":"<p>Vous souhaitez am\u00e9liorer vos comp\u00e9tences en mati\u00e8re de pr\u00e9sentation de logiciels ? Le coaching individuel de pr\u00e9sentation de logiciels donne d&rsquo;excellents r\u00e9sultats ! Nous vous offrons une exp\u00e9rience de coaching personnelle et s\u00fbre pour am\u00e9liorer la pr\u00e9sentation de votre logiciel. La pr\u00e9sentation des capacit\u00e9s de votre logiciel n\u00e9cessite un ensemble de comp\u00e9tences diff\u00e9rent de celui qu&rsquo;offrent les ateliers de pr\u00e9sentation habituels.<br \/>\nNous nous concentrons toujours sur votre style de pr\u00e9sentation authentique. Nous discutons de la mani\u00e8re dont vous pouvez renforcer votre message avec le bon langage corporel et en utilisant votre voix de mani\u00e8re plus expressive. Nous vous aidons \u00e0 trouver votre histoire et vous apprenons \u00e0 mieux vous connecter avec votre public. Toutes ces techniques sont pratiqu\u00e9es en combinaison avec la valeur ajout\u00e9e et les capacit\u00e9s de votre logiciel. Pensez-vous qu&rsquo;il est temps d&rsquo;am\u00e9liorer ces comp\u00e9tences ? Le coaching de pr\u00e9sentation de logiciels est le moyen id\u00e9al pour y parvenir !<\/p>\n","protected":false},"excerpt":{"rendered":"<p>Vous souhaitez am\u00e9liorer vos comp\u00e9tences en mati\u00e8re de pr\u00e9sentation de logiciels ? Le coaching individuel de pr\u00e9sentation de logiciels donne d&rsquo;excellents r\u00e9sultats ! Nous vous offrons une exp\u00e9rience de coaching personnelle et s\u00fbre pour am\u00e9liorer la pr\u00e9sentation de votre logiciel. La pr\u00e9sentation des capacit\u00e9s de votre logiciel n\u00e9cessite un ensemble de comp\u00e9tences diff\u00e9rent de celui [&hellip;]<\/p>\n","protected":false},"author":1,"featured_media":0,"parent":0,"menu_order":0,"comment_status":"closed","ping_status":"closed","template":"","meta":{"_et_pb_use_builder":"","_et_pb_old_content":"","_et_gb_content_width":"","inline_featured_image":false},"yoast_head":"<!-- This site is optimized with the Yoast SEO plugin v19.5.1 - https:\/\/yoast.com\/wordpress\/plugins\/seo\/ -->\n<title>Pr\u00e9sentation du logiciel - The DemoScene - Am\u00e9liore la pr\u00e9sentation des logiciels<\/title>\n<meta name=\"description\" content=\"Vous souhaitez am\u00e9liorer vos comp\u00e9tences en mati\u00e8re de pr\u00e9sentation de logiciels ? Le coaching individuel de pr\u00e9sentation de logiciels donne d&#039;excellents r\u00e9sultats !\" \/>\n<meta name=\"robots\" content=\"index, follow, max-snippet:-1, max-image-preview:large, max-video-preview:-1\" \/>\n<link rel=\"canonical\" href=\"https:\/\/mt-testing.thedemoscene.com\/fr\/presentation-du-logiciel\/\" \/>\n<meta property=\"og:locale\" content=\"fr_FR\" \/>\n<meta property=\"og:type\" content=\"article\" \/>\n<meta property=\"og:title\" content=\"Pr\u00e9sentation du logiciel - The DemoScene - Am\u00e9liore la pr\u00e9sentation des logiciels\" \/>\n<meta property=\"og:description\" content=\"Vous souhaitez am\u00e9liorer vos comp\u00e9tences en mati\u00e8re de pr\u00e9sentation de logiciels ? Le coaching individuel de pr\u00e9sentation de logiciels donne d&#039;excellents r\u00e9sultats !\" \/>\n<meta property=\"og:url\" content=\"https:\/\/mt-testing.thedemoscene.com\/fr\/presentation-du-logiciel\/\" \/>\n<meta property=\"og:site_name\" content=\"The DemoScene\" \/>\n<meta property=\"article:modified_time\" content=\"2020-03-30T09:54:08+00:00\" \/>\n<meta name=\"twitter:card\" content=\"summary_large_image\" \/>\n<meta name=\"twitter:label1\" content=\"Dur\u00e9e de lecture estim\u00e9e\" \/>\n\t<meta name=\"twitter:data1\" content=\"1 minute\" \/>\n<script type=\"application\/ld+json\" class=\"yoast-schema-graph\">{\"@context\":\"https:\/\/schema.org\",\"@graph\":[{\"@type\":\"WebPage\",\"@id\":\"https:\/\/mt-testing.thedemoscene.com\/fr\/presentation-du-logiciel\/\",\"url\":\"https:\/\/mt-testing.thedemoscene.com\/fr\/presentation-du-logiciel\/\",\"name\":\"Pr\u00e9sentation du logiciel - The DemoScene - Am\u00e9liore la pr\u00e9sentation des logiciels\",\"isPartOf\":{\"@id\":\"https:\/\/mt-testing.thedemoscene.com\/#website\"},\"datePublished\":\"2020-02-19T10:43:41+00:00\",\"dateModified\":\"2020-03-30T09:54:08+00:00\",\"description\":\"Vous souhaitez am\u00e9liorer vos comp\u00e9tences en mati\u00e8re de pr\u00e9sentation de logiciels ? Le coaching individuel de pr\u00e9sentation de logiciels donne d'excellents r\u00e9sultats !\",\"breadcrumb\":{\"@id\":\"https:\/\/mt-testing.thedemoscene.com\/fr\/presentation-du-logiciel\/#breadcrumb\"},\"inLanguage\":\"fr-FR\",\"potentialAction\":[{\"@type\":\"ReadAction\",\"target\":[\"https:\/\/mt-testing.thedemoscene.com\/fr\/presentation-du-logiciel\/\"]}]},{\"@type\":\"BreadcrumbList\",\"@id\":\"https:\/\/mt-testing.thedemoscene.com\/fr\/presentation-du-logiciel\/#breadcrumb\",\"itemListElement\":[{\"@type\":\"ListItem\",\"position\":1,\"name\":\"Home\",\"item\":\"https:\/\/mt-testing.thedemoscene.com\/fr\/\"},{\"@type\":\"ListItem\",\"position\":2,\"name\":\"Pr\u00e9sentation du logiciel\"}]},{\"@type\":\"WebSite\",\"@id\":\"https:\/\/mt-testing.thedemoscene.com\/#website\",\"url\":\"https:\/\/mt-testing.thedemoscene.com\/\",\"name\":\"The DemoScene\",\"description\":\"Improves Your Demo\",\"potentialAction\":[{\"@type\":\"SearchAction\",\"target\":{\"@type\":\"EntryPoint\",\"urlTemplate\":\"https:\/\/mt-testing.thedemoscene.com\/?s={search_term_string}\"},\"query-input\":\"required name=search_term_string\"}],\"inLanguage\":\"fr-FR\"}]}<\/script>\n<!-- \/ Yoast SEO plugin. -->","yoast_head_json":{"title":"Pr\u00e9sentation du logiciel - The DemoScene - Am\u00e9liore la pr\u00e9sentation des logiciels","description":"Vous souhaitez am\u00e9liorer vos comp\u00e9tences en mati\u00e8re de pr\u00e9sentation de logiciels ? Le coaching individuel de pr\u00e9sentation de logiciels donne d'excellents r\u00e9sultats !","robots":{"index":"index","follow":"follow","max-snippet":"max-snippet:-1","max-image-preview":"max-image-preview:large","max-video-preview":"max-video-preview:-1"},"canonical":"https:\/\/mt-testing.thedemoscene.com\/fr\/presentation-du-logiciel\/","og_locale":"fr_FR","og_type":"article","og_title":"Pr\u00e9sentation du logiciel - The DemoScene - Am\u00e9liore la pr\u00e9sentation des logiciels","og_description":"Vous souhaitez am\u00e9liorer vos comp\u00e9tences en mati\u00e8re de pr\u00e9sentation de logiciels ? Le coaching individuel de pr\u00e9sentation de logiciels donne d'excellents r\u00e9sultats !","og_url":"https:\/\/mt-testing.thedemoscene.com\/fr\/presentation-du-logiciel\/","og_site_name":"The DemoScene","article_modified_time":"2020-03-30T09:54:08+00:00","twitter_card":"summary_large_image","twitter_misc":{"Dur\u00e9e de lecture estim\u00e9e":"1 minute"},"schema":{"@context":"https:\/\/schema.org","@graph":[{"@type":"WebPage","@id":"https:\/\/mt-testing.thedemoscene.com\/fr\/presentation-du-logiciel\/","url":"https:\/\/mt-testing.thedemoscene.com\/fr\/presentation-du-logiciel\/","name":"Pr\u00e9sentation du logiciel - The DemoScene - Am\u00e9liore la pr\u00e9sentation des logiciels","isPartOf":{"@id":"https:\/\/mt-testing.thedemoscene.com\/#website"},"datePublished":"2020-02-19T10:43:41+00:00","dateModified":"2020-03-30T09:54:08+00:00","description":"Vous souhaitez am\u00e9liorer vos comp\u00e9tences en mati\u00e8re de pr\u00e9sentation de logiciels ? Le coaching individuel de pr\u00e9sentation de logiciels donne d'excellents r\u00e9sultats !","breadcrumb":{"@id":"https:\/\/mt-testing.thedemoscene.com\/fr\/presentation-du-logiciel\/#breadcrumb"},"inLanguage":"fr-FR","potentialAction":[{"@type":"ReadAction","target":["https:\/\/mt-testing.thedemoscene.com\/fr\/presentation-du-logiciel\/"]}]},{"@type":"BreadcrumbList","@id":"https:\/\/mt-testing.thedemoscene.com\/fr\/presentation-du-logiciel\/#breadcrumb","itemListElement":[{"@type":"ListItem","position":1,"name":"Home","item":"https:\/\/mt-testing.thedemoscene.com\/fr\/"},{"@type":"ListItem","position":2,"name":"Pr\u00e9sentation du logiciel"}]},{"@type":"WebSite","@id":"https:\/\/mt-testing.thedemoscene.com\/#website","url":"https:\/\/mt-testing.thedemoscene.com\/","name":"The DemoScene","description":"Improves Your Demo","potentialAction":[{"@type":"SearchAction","target":{"@type":"EntryPoint","urlTemplate":"https:\/\/mt-testing.thedemoscene.com\/?s={search_term_string}"},"query-input":"required name=search_term_string"}],"inLanguage":"fr-FR"}]}},"_links":{"self":[{"href":"https:\/\/mt-testing.thedemoscene.com\/fr\/wp-json\/wp\/v2\/pages\/1394"}],"collection":[{"href":"https:\/\/mt-testing.thedemoscene.com\/fr\/wp-json\/wp\/v2\/pages"}],"about":[{"href":"https:\/\/mt-testing.thedemoscene.com\/fr\/wp-json\/wp\/v2\/types\/page"}],"author":[{"embeddable":true,"href":"https:\/\/mt-testing.thedemoscene.com\/fr\/wp-json\/wp\/v2\/users\/1"}],"replies":[{"embeddable":true,"href":"https:\/\/mt-testing.thedemoscene.com\/fr\/wp-json\/wp\/v2\/comments?post=1394"}],"version-history":[{"count":1,"href":"https:\/\/mt-testing.thedemoscene.com\/fr\/wp-json\/wp\/v2\/pages\/1394\/revisions"}],"predecessor-version":[{"id":1395,"href":"https:\/\/mt-testing.thedemoscene.com\/fr\/wp-json\/wp\/v2\/pages\/1394\/revisions\/1395"}],"wp:attachment":[{"href":"https:\/\/mt-testing.thedemoscene.com\/fr\/wp-json\/wp\/v2\/media?parent=1394"}],"curies":[{"name":"wp","href":"https:\/\/api.w.org\/{rel}","templated":true}]}}