{"id":1400,"date":"2020-02-19T11:49:02","date_gmt":"2020-02-19T10:49:02","guid":{"rendered":"https:\/\/mt-testing.thedemoscene.com\/blog\/"},"modified":"2020-03-30T11:45:56","modified_gmt":"2020-03-30T09:45:56","slug":"blog","status":"publish","type":"page","link":"https:\/\/mt-testing.thedemoscene.com\/fr\/blog\/","title":{"rendered":"Blog"},"content":{"rendered":"<p>[et_pb_section fb_built=\u00a0\u00bb1&Prime; next_background_color=\u00a0\u00bb#ffffff\u00a0\u00bb admin_label=\u00a0\u00bbHero\u00a0\u00bb module_id=\u00a0\u00bbback_img\u00a0\u00bb _builder_version=\u00a0\u00bb3.27.4&Prime; background_color=\u00a0\u00bb#333333&Prime; use_background_color_gradient=\u00a0\u00bbon\u00a0\u00bb background_color_gradient_start=\u00a0\u00bb#333333&Prime; background_color_gradient_end=\u00a0\u00bbrgba(51,51,51,0.3)\u00a0\u00bb background_color_gradient_direction=\u00a0\u00bb90deg\u00a0\u00bb background_color_gradient_start_position=\u00a0\u00bb50%\u00a0\u00bb background_color_gradient_overlays_image=\u00a0\u00bbon\u00a0\u00bb background_image=\u00a0\u00bbhttps:\/\/mt-testing.thedemoscene.com\/wp-content\/uploads\/2018\/12\/bg_demoscene.jpg\u00a0\u00bb background_size=\u00a0\u00bbcontain\u00a0\u00bb background_position=\u00a0\u00bbcenter_right\u00a0\u00bb custom_padding=\u00a0\u00bb|0px||0px|false|false\u00a0\u00bb bottom_divider_style=\u00a0\u00bbasymmetric\u00a0\u00bb bottom_divider_height=\u00a0\u00bb30%\u00a0\u00bb bottom_divider_height_tablet=\u00a0\u00bb\u00a0\u00bb bottom_divider_height_phone=\u00a0\u00bb50px\u00a0\u00bb bottom_divider_height_last_edited=\u00a0\u00bbon|phone\u00a0\u00bb][et_pb_row column_structure=\u00a0\u00bb1_2,1_2&Prime; use_custom_gutter=\u00a0\u00bbon\u00a0\u00bb gutter_width=\u00a0\u00bb1&Prime; custom_padding_last_edited=\u00a0\u00bbon|desktop\u00a0\u00bb padding_top_bottom_link_1=\u00a0\u00bbtrue\u00a0\u00bb _builder_version=\u00a0\u00bb3.25&Prime; custom_margin=\u00a0\u00bb|||\u00a0\u00bb custom_padding=\u00a0\u00bb|4%|5%|0|false|false\u00a0\u00bb custom_padding_tablet=\u00a0\u00bb|0%||\u00a0\u00bb custom_padding_phone=\u00a0\u00bb\u00a0\u00bb][et_pb_column type=\u00a0\u00bb1_2&Prime; _builder_version=\u00a0\u00bb3.25&Prime; custom_padding=\u00a0\u00bb4%||4%|\u00a0\u00bb custom_padding_tablet=\u00a0\u00bb0px|||\u00a0\u00bb custom_padding_last_edited=\u00a0\u00bboff|desktop\u00a0\u00bb custom_padding__hover=\u00a0\u00bb|||\u00a0\u00bb][et_pb_text _builder_version=\u00a0\u00bb3.27.4&Prime; text_font=\u00a0\u00bbMontserrat|300|||||||\u00a0\u00bb text_text_color=\u00a0\u00bb#ffffff\u00a0\u00bb text_font_size=\u00a0\u00bb16px\u00a0\u00bb text_line_height=\u00a0\u00bb2em\u00a0\u00bb header_font=\u00a0\u00bb||||||||\u00a0\u00bb header_text_color=\u00a0\u00bb#ffffff\u00a0\u00bb header_font_size=\u00a0\u00bb40px\u00a0\u00bb header_line_height=\u00a0\u00bb1.4em\u00a0\u00bb header_2_font=\u00a0\u00bb|300|||||||\u00a0\u00bb header_2_text_color=\u00a0\u00bb#ffffff\u00a0\u00bb max_width=\u00a0\u00bb600px\u00a0\u00bb custom_margin=\u00a0\u00bb||30px|\u00a0\u00bb custom_margin_last_edited=\u00a0\u00bboff|desktop\u00a0\u00bb header_font_size_tablet=\u00a0\u00bb40px\u00a0\u00bb header_font_size_phone=\u00a0\u00bb35px\u00a0\u00bb header_font_size_last_edited=\u00a0\u00bbon|phone\u00a0\u00bb header_2_font_size_tablet=\u00a0\u00bb\u00a0\u00bb header_2_font_size_phone=\u00a0\u00bb22px\u00a0\u00bb header_2_font_size_last_edited=\u00a0\u00bbon|desktop\u00a0\u00bb]<\/p>\n<h1>Blog<\/h1>\n<h2>Am\u00e9liorer vos comp\u00e9tences en avant-vente ?<\/h2>\n<p>[\/et_pb_text][et_pb_divider color=\u00a0\u00bb#ec008c\u00a0\u00bb divider_weight=\u00a0\u00bb3px\u00a0\u00bb _builder_version=\u00a0\u00bb3.18.4&Prime; max_width=\u00a0\u00bb100px\u00a0\u00bb custom_margin=\u00a0\u00bb||50px|\u00a0\u00bb][\/et_pb_divider][\/et_pb_column][et_pb_column type=\u00a0\u00bb1_2&Prime; _builder_version=\u00a0\u00bb3.25&Prime; custom_padding=\u00a0\u00bb|||\u00a0\u00bb custom_padding__hover=\u00a0\u00bb|||\u00a0\u00bb][\/et_pb_column][\/et_pb_row][\/et_pb_section][et_pb_section fb_built=\u00a0\u00bb1&Prime; admin_label=\u00a0\u00bbAgents\u00a0\u00bb _builder_version=\u00a0\u00bb3.22.3&Prime; custom_padding=\u00a0\u00bb23px|0px|100px|0px|false|false\u00a0\u00bb bottom_divider_style=\u00a0\u00bbasymmetric3&Prime; bottom_divider_color=\u00a0\u00bb#333333&Prime; bottom_divider_height=\u00a0\u00bb10%\u00a0\u00bb bottom_divider_height_tablet=\u00a0\u00bb\u00a0\u00bb bottom_divider_height_phone=\u00a0\u00bb30px\u00a0\u00bb bottom_divider_height_last_edited=\u00a0\u00bbon|desktop\u00a0\u00bb][et_pb_row _builder_version=\u00a0\u00bb3.25&Prime; custom_padding=\u00a0\u00bb27px|0px|60px|0px|false|false\u00a0\u00bb][et_pb_column type=\u00a0\u00bb4_4&Prime; _builder_version=\u00a0\u00bb3.25&Prime; custom_padding=\u00a0\u00bb|||\u00a0\u00bb custom_padding__hover=\u00a0\u00bb|||\u00a0\u00bb][et_pb_blog fullwidth=\u00a0\u00bboff\u00a0\u00bb posts_number=\u00a0\u00bb9&Prime; include_categories=\u00a0\u00bb15&Prime; excerpt_length=\u00a0\u00bb300&Prime; show_author=\u00a0\u00bboff\u00a0\u00bb show_date=\u00a0\u00bboff\u00a0\u00bb show_categories=\u00a0\u00bboff\u00a0\u00bb show_pagination=\u00a0\u00bboff\u00a0\u00bb _builder_version=\u00a0\u00bb3.27.4&Prime; header_font=\u00a0\u00bb|600|||||||\u00a0\u00bb header_line_height=\u00a0\u00bb1.4em\u00a0\u00bb border_radii=\u00a0\u00bbon|6px|6px|6px|6px\u00a0\u00bb border_width_all=\u00a0\u00bb0px\u00a0\u00bb box_shadow_style=\u00a0\u00bbpreset1&Prime; box_shadow_vertical=\u00a0\u00bb10px\u00a0\u00bb box_shadow_blur=\u00a0\u00bb80px\u00a0\u00bb box_shadow_color=\u00a0\u00bbrgba(0,0,0,0.2)\u00a0\u00bb][\/et_pb_blog][\/et_pb_column][\/et_pb_row][\/et_pb_section][et_pb_section fb_built=\u00a0\u00bb1&Prime; admin_label=\u00a0\u00bbContact\u00a0\u00bb _builder_version=\u00a0\u00bb3.18.9&Prime; background_color=\u00a0\u00bb#444444&Prime; use_background_color_gradient=\u00a0\u00bbon\u00a0\u00bb background_color_gradient_start=\u00a0\u00bb#333333&Prime; background_color_gradient_end=\u00a0\u00bbrgba(1,39,128,0)\u00a0\u00bb background_color_gradient_end_position=\u00a0\u00bb60%\u00a0\u00bb background_color_gradient_overlays_image=\u00a0\u00bbon\u00a0\u00bb background_size=\u00a0\u00bbinitial\u00a0\u00bb custom_padding=\u00a0\u00bb100px|0px|100px|0px|false|false\u00a0\u00bb global_module=\u00a0\u00bb294&Prime;][et_pb_row column_structure=\u00a0\u00bb2_3,1_3&Prime; _builder_version=\u00a0\u00bb3.25&Prime;][et_pb_column type=\u00a0\u00bb2_3&Prime; _builder_version=\u00a0\u00bb3.25&Prime; custom_padding=\u00a0\u00bb|||\u00a0\u00bb custom_padding__hover=\u00a0\u00bb|||\u00a0\u00bb][et_pb_text _builder_version=\u00a0\u00bb3.27.4&Prime; text_font=\u00a0\u00bbMontserrat|300|||||||\u00a0\u00bb text_font_size=\u00a0\u00bb16px\u00a0\u00bb text_line_height=\u00a0\u00bb2em\u00a0\u00bb header_font=\u00a0\u00bb||||||||\u00a0\u00bb header_2_font=\u00a0\u00bb||||||||\u00a0\u00bb header_2_font_size=\u00a0\u00bb36px\u00a0\u00bb header_2_line_height=\u00a0\u00bb1.4em\u00a0\u00bb background_layout=\u00a0\u00bbdark\u00a0\u00bb header_2_font_size_tablet=\u00a0\u00bb30px\u00a0\u00bb header_2_font_size_phone=\u00a0\u00bb24px\u00a0\u00bb header_2_font_size_last_edited=\u00a0\u00bbon|phone\u00a0\u00bb locked=\u00a0\u00bboff\u00a0\u00bb]<\/p>\n<h1>Vous souhaitez am\u00e9liorer vos comp\u00e9tences en mati\u00e8re d&rsquo;avant-vente ?<\/h1>\n<p>[\/et_pb_text][\/et_pb_column][et_pb_column type=\u00a0\u00bb1_3&Prime; _builder_version=\u00a0\u00bb3.25&Prime; custom_padding=\u00a0\u00bb|||\u00a0\u00bb custom_padding__hover=\u00a0\u00bb|||\u00a0\u00bb][et_pb_button button_url=\u00a0\u00bb\/contact\u00a0\u00bb button_text=\u00a0\u00bbGet in touch\u00a0\u00bb button_alignment=\u00a0\u00bbright\u00a0\u00bb _builder_version=\u00a0\u00bb3.18.9&Prime; custom_button=\u00a0\u00bbon\u00a0\u00bb button_text_size=\u00a0\u00bb14px\u00a0\u00bb button_text_color=\u00a0\u00bb#ffffff\u00a0\u00bb button_bg_color=\u00a0\u00bb#ec008c\u00a0\u00bb button_border_width=\u00a0\u00bb0px\u00a0\u00bb button_border_radius=\u00a0\u00bb4px\u00a0\u00bb button_letter_spacing=\u00a0\u00bb1px\u00a0\u00bb button_font=\u00a0\u00bbMontserrat|||on|||||\u00a0\u00bb button_use_icon=\u00a0\u00bboff\u00a0\u00bb background_layout=\u00a0\u00bbdark\u00a0\u00bb custom_margin=\u00a0\u00bb|||\u00a0\u00bb custom_padding=\u00a0\u00bb16px|40px|16px|40px|true|true\u00a0\u00bb box_shadow_style=\u00a0\u00bbpreset3&Prime; box_shadow_blur=\u00a0\u00bb20px\u00a0\u00bb button_border_radius_hover=\u00a0\u00bb4px\u00a0\u00bb button_letter_spacing_hover=\u00a0\u00bb1px\u00a0\u00bb button_bg_color_hover=\u00a0\u00bb#0053ef\u00a0\u00bb button_text_size__hover_enabled=\u00a0\u00bboff\u00a0\u00bb button_one_text_size__hover_enabled=\u00a0\u00bboff\u00a0\u00bb button_two_text_size__hover_enabled=\u00a0\u00bboff\u00a0\u00bb button_text_color__hover_enabled=\u00a0\u00bboff\u00a0\u00bb button_one_text_color__hover_enabled=\u00a0\u00bboff\u00a0\u00bb button_two_text_color__hover_enabled=\u00a0\u00bboff\u00a0\u00bb button_border_width__hover_enabled=\u00a0\u00bboff\u00a0\u00bb button_one_border_width__hover_enabled=\u00a0\u00bboff\u00a0\u00bb button_two_border_width__hover_enabled=\u00a0\u00bboff\u00a0\u00bb button_border_color__hover_enabled=\u00a0\u00bboff\u00a0\u00bb button_one_border_color__hover_enabled=\u00a0\u00bboff\u00a0\u00bb button_two_border_color__hover_enabled=\u00a0\u00bboff\u00a0\u00bb button_border_radius__hover=\u00a0\u00bb4px\u00a0\u00bb button_one_border_radius__hover_enabled=\u00a0\u00bboff\u00a0\u00bb button_two_border_radius__hover_enabled=\u00a0\u00bboff\u00a0\u00bb button_letter_spacing__hover=\u00a0\u00bb1px\u00a0\u00bb button_one_letter_spacing__hover_enabled=\u00a0\u00bboff\u00a0\u00bb button_two_letter_spacing__hover_enabled=\u00a0\u00bboff\u00a0\u00bb button_bg_color__hover=\u00a0\u00bb#0053ef\u00a0\u00bb button_one_bg_color__hover_enabled=\u00a0\u00bboff\u00a0\u00bb button_two_bg_color__hover_enabled=\u00a0\u00bboff\u00a0\u00bb box_shadow_blur__hover_enabled=\u00a0\u00bbon\u00a0\u00bb box_shadow_blur__hover=\u00a0\u00bb30px\u00a0\u00bb box_shadow_spread__hover_enabled=\u00a0\u00bbon\u00a0\u00bb box_shadow_spread__hover=\u00a0\u00bb-3px\u00a0\u00bb box_shadow_color__hover_enabled=\u00a0\u00bbon\u00a0\u00bb box_shadow_color__hover=\u00a0\u00bbrgba(0,0,0,0.5)\u00a0\u00bb][\/et_pb_button][\/et_pb_column][\/et_pb_row][\/et_pb_section]<\/p>\n","protected":false},"excerpt":{"rendered":"<p>Blog Am\u00e9liorer vos comp\u00e9tences en avant-vente ?Vous souhaitez am\u00e9liorer vos comp\u00e9tences en mati\u00e8re d&rsquo;avant-vente ?<\/p>\n","protected":false},"author":1,"featured_media":0,"parent":0,"menu_order":0,"comment_status":"closed","ping_status":"closed","template":"","meta":{"_et_pb_use_builder":"on","_et_pb_old_content":"[et_pb_section fb_built=\"1\" next_background_color=\"#ffffff\" admin_label=\"Hero\" module_id=\"back_img\" _builder_version=\"3.27.4\" background_color=\"#333333\" use_background_color_gradient=\"on\" background_color_gradient_start=\"#333333\" background_color_gradient_end=\"rgba(51,51,51,0.3)\" background_color_gradient_direction=\"90deg\" background_color_gradient_start_position=\"50%\" background_color_gradient_overlays_image=\"on\" background_image=\"https:\/\/mt-testing.thedemoscene.com\/wp-content\/uploads\/2018\/12\/bg_demoscene.jpg\" background_size=\"contain\" background_position=\"center_right\" custom_padding=\"|0px||0px|false|false\" bottom_divider_style=\"asymmetric\" bottom_divider_height=\"30%\" bottom_divider_height_phone=\"50px\" bottom_divider_height_last_edited=\"on|phone\" _i=\"0\" _address=\"0\"][et_pb_row column_structure=\"1_2,1_2\" use_custom_gutter=\"on\" gutter_width=\"1\" custom_padding_last_edited=\"on|desktop\" padding_top_bottom_link_1=\"true\" _builder_version=\"3.25\" custom_margin=\"|||\" custom_padding=\"|4%|5%|0|false|false\" custom_padding_tablet=\"|0%||\" _i=\"0\" _address=\"0.0\"][et_pb_column type=\"1_2\" _builder_version=\"3.25\" custom_padding=\"4%||4%|\" custom_padding_tablet=\"0px|||\" custom_padding_last_edited=\"off|desktop\" custom_padding__hover=\"|||\" _i=\"0\" _address=\"0.0.0\"][et_pb_text _builder_version=\"3.27.4\" text_font=\"Montserrat|300|||||||\" text_text_color=\"#ffffff\" text_font_size=\"16px\" text_line_height=\"2em\" header_font=\"||||||||\" header_text_color=\"#ffffff\" header_font_size=\"40px\" header_line_height=\"1.4em\" header_2_font=\"|300|||||||\" header_2_text_color=\"#ffffff\" max_width=\"600px\" custom_margin=\"||30px|\" custom_margin_last_edited=\"off|desktop\" header_font_size_tablet=\"40px\" header_font_size_phone=\"35px\" header_font_size_last_edited=\"on|phone\" header_2_font_size_phone=\"22px\" header_2_font_size_last_edited=\"on|desktop\" _i=\"0\" _address=\"0.0.0.0\"]\n<h1>Blog<\/h1>\n<h2>Am\u00e9liorer vos comp\u00e9tences en avant-vente ?<\/h2>\n[\/et_pb_text][et_pb_divider color=\"#ec008c\" divider_weight=\"3px\" _builder_version=\"3.18.4\" max_width=\"100px\" custom_margin=\"||50px|\" _i=\"1\" _address=\"0.0.0.1\"][\/et_pb_divider][\/et_pb_column][et_pb_column type=\"1_2\" _builder_version=\"3.25\" custom_padding=\"|||\" custom_padding__hover=\"|||\" _i=\"1\" _address=\"0.0.1\"][\/et_pb_column][\/et_pb_row][\/et_pb_section][et_pb_section fb_built=\"1\" admin_label=\"Agents\" _builder_version=\"3.22.3\" custom_padding=\"23px|0px|100px|0px|false|false\" bottom_divider_style=\"asymmetric3\" bottom_divider_color=\"#333333\" bottom_divider_height=\"10%\" bottom_divider_height_phone=\"30px\" bottom_divider_height_last_edited=\"on|desktop\" _i=\"1\" _address=\"1\"][et_pb_row _builder_version=\"3.25\" custom_padding=\"27px|0px|60px|0px|false|false\" _i=\"0\" _address=\"1.0\"][et_pb_column type=\"4_4\" _builder_version=\"3.25\" custom_padding=\"|||\" custom_padding__hover=\"|||\" _i=\"0\" _address=\"1.0.0\"][et_pb_blog fullwidth=\"off\" posts_number=\"9\" include_categories=\"15\" excerpt_length=\"300\" show_author=\"off\" show_date=\"off\" show_categories=\"off\" show_pagination=\"off\" _builder_version=\"3.27.4\" header_font=\"|600|||||||\" header_line_height=\"1.4em\" border_radii=\"on|6px|6px|6px|6px\" border_width_all=\"0px\" box_shadow_style=\"preset1\" box_shadow_vertical=\"10px\" box_shadow_blur=\"80px\" box_shadow_color=\"rgba(0,0,0,0.2)\" _i=\"0\" _address=\"1.0.0.0\"][\/et_pb_blog][\/et_pb_column][\/et_pb_row][\/et_pb_section][et_pb_section fb_built=\"1\" admin_label=\"Contact\" _builder_version=\"3.18.9\" background_color=\"#444444\" use_background_color_gradient=\"on\" background_color_gradient_start=\"#333333\" background_color_gradient_end=\"rgba(1,39,128,0)\" background_color_gradient_end_position=\"60%\" background_color_gradient_overlays_image=\"on\" background_size=\"initial\" custom_padding=\"100px|0px|100px|0px|false|false\" global_module=\"294\" _i=\"2\" _address=\"2\"][et_pb_row column_structure=\"2_3,1_3\" _builder_version=\"3.25\" _i=\"0\" _address=\"2.0\"][et_pb_column type=\"2_3\" _builder_version=\"3.25\" custom_padding=\"|||\" custom_padding__hover=\"|||\" _i=\"0\" _address=\"2.0.0\"][et_pb_text _builder_version=\"3.27.4\" text_font=\"Montserrat|300|||||||\" text_font_size=\"16px\" text_line_height=\"2em\" header_font=\"||||||||\" header_2_font=\"||||||||\" header_2_font_size=\"36px\" header_2_line_height=\"1.4em\" background_layout=\"dark\" header_2_font_size_tablet=\"30px\" header_2_font_size_phone=\"24px\" header_2_font_size_last_edited=\"on|phone\" locked=\"off\" _i=\"0\" _address=\"2.0.0.0\"]\n<h1>Vous souhaitez am\u00e9liorer vos comp\u00e9tences en mati\u00e8re d'avant-vente ?<\/h1>\n[\/et_pb_text][\/et_pb_column][et_pb_column type=\"1_3\" _builder_version=\"3.25\" custom_padding=\"|||\" custom_padding__hover=\"|||\" _i=\"1\" _address=\"2.0.1\"][et_pb_button button_url=\"\/contact\" button_text=\"Get in touch\" button_alignment=\"right\" _builder_version=\"3.18.9\" custom_button=\"on\" button_text_size=\"14px\" button_text_color=\"#ffffff\" button_bg_color=\"#ec008c\" button_border_width=\"0px\" button_border_radius=\"4px\" button_letter_spacing=\"1px\" button_font=\"Montserrat|||on|||||\" button_use_icon=\"off\" box_shadow_style=\"preset3\" box_shadow_blur=\"20px\" background_layout=\"dark\" custom_margin=\"|||\" custom_padding=\"16px|40px|16px|40px|true|true\" button_border_radius_hover=\"4px\" button_letter_spacing_hover=\"1px\" button_bg_color_hover=\"#0053ef\" button_text_size__hover_enabled=\"off\" button_one_text_size__hover_enabled=\"off\" button_two_text_size__hover_enabled=\"off\" button_text_color__hover_enabled=\"off\" button_one_text_color__hover_enabled=\"off\" button_two_text_color__hover_enabled=\"off\" button_border_width__hover_enabled=\"off\" button_one_border_width__hover_enabled=\"off\" button_two_border_width__hover_enabled=\"off\" button_border_color__hover_enabled=\"off\" button_one_border_color__hover_enabled=\"off\" button_two_border_color__hover_enabled=\"off\" button_border_radius__hover=\"4px\" button_one_border_radius__hover_enabled=\"off\" button_two_border_radius__hover_enabled=\"off\" button_letter_spacing__hover=\"1px\" button_one_letter_spacing__hover_enabled=\"off\" button_two_letter_spacing__hover_enabled=\"off\" button_bg_color__hover=\"#0053ef\" button_one_bg_color__hover_enabled=\"off\" button_two_bg_color__hover_enabled=\"off\" box_shadow_blur__hover_enabled=\"on\" box_shadow_blur__hover=\"30px\" box_shadow_spread__hover_enabled=\"on\" box_shadow_spread__hover=\"-3px\" box_shadow_color__hover_enabled=\"on\" box_shadow_color__hover=\"rgba(0,0,0,0.5)\" _i=\"0\" _address=\"2.0.1.0\"][\/et_pb_button][\/et_pb_column][\/et_pb_row][\/et_pb_section]","_et_gb_content_width":"","inline_featured_image":false},"yoast_head":"<!-- This site is optimized with the Yoast SEO plugin v19.5.1 - https:\/\/yoast.com\/wordpress\/plugins\/seo\/ -->\n<title>Blog - The DemoScene - Actualit\u00e9s avant-vente et plus<\/title>\n<meta name=\"description\" content=\"Lisez notre nouveau blog maintenant : La nouvelle g\u00e9n\u00e9ration de conseillers avant-vente : Leaders d&#039;opinion et conseillers de confiance.\" \/>\n<meta name=\"robots\" content=\"index, follow, max-snippet:-1, max-image-preview:large, max-video-preview:-1\" \/>\n<link rel=\"canonical\" href=\"https:\/\/mt-testing.thedemoscene.com\/fr\/blog\/\" \/>\n<meta property=\"og:locale\" content=\"fr_FR\" \/>\n<meta property=\"og:type\" content=\"article\" \/>\n<meta property=\"og:title\" content=\"Blog - The DemoScene - Actualit\u00e9s avant-vente et plus\" \/>\n<meta property=\"og:description\" content=\"Lisez notre nouveau blog maintenant : La nouvelle g\u00e9n\u00e9ration de conseillers avant-vente : Leaders d&#039;opinion et conseillers de confiance.\" \/>\n<meta property=\"og:url\" content=\"https:\/\/mt-testing.thedemoscene.com\/fr\/blog\/\" \/>\n<meta property=\"og:site_name\" content=\"The DemoScene\" \/>\n<meta property=\"article:modified_time\" content=\"2020-03-30T09:45:56+00:00\" \/>\n<meta name=\"twitter:card\" content=\"summary_large_image\" \/>\n<meta name=\"twitter:label1\" content=\"Dur\u00e9e de lecture estim\u00e9e\" \/>\n\t<meta name=\"twitter:data1\" content=\"4 minutes\" \/>\n<script type=\"application\/ld+json\" class=\"yoast-schema-graph\">{\"@context\":\"https:\/\/schema.org\",\"@graph\":[{\"@type\":\"WebPage\",\"@id\":\"https:\/\/mt-testing.thedemoscene.com\/fr\/blog\/\",\"url\":\"https:\/\/mt-testing.thedemoscene.com\/fr\/blog\/\",\"name\":\"Blog - The DemoScene - Actualit\u00e9s avant-vente et plus\",\"isPartOf\":{\"@id\":\"https:\/\/mt-testing.thedemoscene.com\/#website\"},\"datePublished\":\"2020-02-19T10:49:02+00:00\",\"dateModified\":\"2020-03-30T09:45:56+00:00\",\"description\":\"Lisez notre nouveau blog maintenant : La nouvelle g\u00e9n\u00e9ration de conseillers avant-vente : Leaders d'opinion et conseillers de confiance.\",\"breadcrumb\":{\"@id\":\"https:\/\/mt-testing.thedemoscene.com\/fr\/blog\/#breadcrumb\"},\"inLanguage\":\"fr-FR\",\"potentialAction\":[{\"@type\":\"ReadAction\",\"target\":[\"https:\/\/mt-testing.thedemoscene.com\/fr\/blog\/\"]}]},{\"@type\":\"BreadcrumbList\",\"@id\":\"https:\/\/mt-testing.thedemoscene.com\/fr\/blog\/#breadcrumb\",\"itemListElement\":[{\"@type\":\"ListItem\",\"position\":1,\"name\":\"Home\",\"item\":\"https:\/\/mt-testing.thedemoscene.com\/fr\/\"},{\"@type\":\"ListItem\",\"position\":2,\"name\":\"Blog\"}]},{\"@type\":\"WebSite\",\"@id\":\"https:\/\/mt-testing.thedemoscene.com\/#website\",\"url\":\"https:\/\/mt-testing.thedemoscene.com\/\",\"name\":\"The DemoScene\",\"description\":\"Improves Your Demo\",\"potentialAction\":[{\"@type\":\"SearchAction\",\"target\":{\"@type\":\"EntryPoint\",\"urlTemplate\":\"https:\/\/mt-testing.thedemoscene.com\/?s={search_term_string}\"},\"query-input\":\"required name=search_term_string\"}],\"inLanguage\":\"fr-FR\"}]}<\/script>\n<!-- \/ Yoast SEO plugin. -->","yoast_head_json":{"title":"Blog - The DemoScene - Actualit\u00e9s avant-vente et plus","description":"Lisez notre nouveau blog maintenant : La nouvelle g\u00e9n\u00e9ration de conseillers avant-vente : Leaders d'opinion et conseillers de confiance.","robots":{"index":"index","follow":"follow","max-snippet":"max-snippet:-1","max-image-preview":"max-image-preview:large","max-video-preview":"max-video-preview:-1"},"canonical":"https:\/\/mt-testing.thedemoscene.com\/fr\/blog\/","og_locale":"fr_FR","og_type":"article","og_title":"Blog - The DemoScene - Actualit\u00e9s avant-vente et plus","og_description":"Lisez notre nouveau blog maintenant : La nouvelle g\u00e9n\u00e9ration de conseillers avant-vente : Leaders d'opinion et conseillers de confiance.","og_url":"https:\/\/mt-testing.thedemoscene.com\/fr\/blog\/","og_site_name":"The DemoScene","article_modified_time":"2020-03-30T09:45:56+00:00","twitter_card":"summary_large_image","twitter_misc":{"Dur\u00e9e de lecture estim\u00e9e":"4 minutes"},"schema":{"@context":"https:\/\/schema.org","@graph":[{"@type":"WebPage","@id":"https:\/\/mt-testing.thedemoscene.com\/fr\/blog\/","url":"https:\/\/mt-testing.thedemoscene.com\/fr\/blog\/","name":"Blog - The DemoScene - Actualit\u00e9s avant-vente et plus","isPartOf":{"@id":"https:\/\/mt-testing.thedemoscene.com\/#website"},"datePublished":"2020-02-19T10:49:02+00:00","dateModified":"2020-03-30T09:45:56+00:00","description":"Lisez notre nouveau blog maintenant : La nouvelle g\u00e9n\u00e9ration de conseillers avant-vente : Leaders d'opinion et conseillers de confiance.","breadcrumb":{"@id":"https:\/\/mt-testing.thedemoscene.com\/fr\/blog\/#breadcrumb"},"inLanguage":"fr-FR","potentialAction":[{"@type":"ReadAction","target":["https:\/\/mt-testing.thedemoscene.com\/fr\/blog\/"]}]},{"@type":"BreadcrumbList","@id":"https:\/\/mt-testing.thedemoscene.com\/fr\/blog\/#breadcrumb","itemListElement":[{"@type":"ListItem","position":1,"name":"Home","item":"https:\/\/mt-testing.thedemoscene.com\/fr\/"},{"@type":"ListItem","position":2,"name":"Blog"}]},{"@type":"WebSite","@id":"https:\/\/mt-testing.thedemoscene.com\/#website","url":"https:\/\/mt-testing.thedemoscene.com\/","name":"The DemoScene","description":"Improves Your Demo","potentialAction":[{"@type":"SearchAction","target":{"@type":"EntryPoint","urlTemplate":"https:\/\/mt-testing.thedemoscene.com\/?s={search_term_string}"},"query-input":"required name=search_term_string"}],"inLanguage":"fr-FR"}]}},"_links":{"self":[{"href":"https:\/\/mt-testing.thedemoscene.com\/fr\/wp-json\/wp\/v2\/pages\/1400"}],"collection":[{"href":"https:\/\/mt-testing.thedemoscene.com\/fr\/wp-json\/wp\/v2\/pages"}],"about":[{"href":"https:\/\/mt-testing.thedemoscene.com\/fr\/wp-json\/wp\/v2\/types\/page"}],"author":[{"embeddable":true,"href":"https:\/\/mt-testing.thedemoscene.com\/fr\/wp-json\/wp\/v2\/users\/1"}],"replies":[{"embeddable":true,"href":"https:\/\/mt-testing.thedemoscene.com\/fr\/wp-json\/wp\/v2\/comments?post=1400"}],"version-history":[{"count":3,"href":"https:\/\/mt-testing.thedemoscene.com\/fr\/wp-json\/wp\/v2\/pages\/1400\/revisions"}],"predecessor-version":[{"id":1648,"href":"https:\/\/mt-testing.thedemoscene.com\/fr\/wp-json\/wp\/v2\/pages\/1400\/revisions\/1648"}],"wp:attachment":[{"href":"https:\/\/mt-testing.thedemoscene.com\/fr\/wp-json\/wp\/v2\/media?parent=1400"}],"curies":[{"name":"wp","href":"https:\/\/api.w.org\/{rel}","templated":true}]}}